{"id":69,"date":"2025-06-21T09:58:43","date_gmt":"2025-06-21T14:58:43","guid":{"rendered":"http:\/\/dynamicprimarycare.com\/?page_id=69"},"modified":"2026-01-22T12:31:24","modified_gmt":"2026-01-22T17:31:24","slug":"terms-conditions","status":"publish","type":"page","link":"https:\/\/dynamicprimarycare.com\/es\/terms-conditions\/","title":{"rendered":"T\u00e9rminos y condiciones"},"content":{"rendered":"<div data-elementor-type=\"wp-page\" data-elementor-id=\"69\" class=\"elementor elementor-69\" data-elementor-post-type=\"page\">\n\t\t\t\t<div data-particle_enable=\"false\" data-particle-mobile-disabled=\"false\" class=\"elementor-element elementor-element-41fce9ef e-flex e-con-boxed e-con e-parent\" data-id=\"41fce9ef\" data-element_type=\"container\">\n\t\t\t\t\t<div class=\"e-con-inner\">\n\t\t\t\t<div class=\"elementor-element elementor-element-72c49a48 elementor-widget elementor-widget-text-editor\" data-id=\"72c49a48\" data-element_type=\"widget\" data-widget_type=\"text-editor.default\">\n\t\t\t\t<div class=\"elementor-widget-container\">\n\t\t\t\t\t\t\t\t\t<p>T\u00e9rminos y condiciones<br \/>\u00daltima actualizaci\u00f3n: 22 de enero de 2026<\/p><p>Lea estos t\u00e9rminos y condiciones detenidamente antes de utilizar nuestro Servicio.<\/p><p>Interpretaci\u00f3n y definiciones<\/p><p>Interpretaci\u00f3n<\/p><p>Las palabras cuya letra inicial est\u00e1 en may\u00fascula tienen significados definidos en las siguientes condiciones. Las siguientes definiciones tendr\u00e1n el mismo significado independientemente de si aparecen en singular o en plural.<\/p><p>Definiciones<\/p><p>A los efectos de estos T\u00e9rminos y Condiciones:<\/p><p>Afiliado significa una entidad que controla, es controlada por o est\u00e1 bajo control com\u00fan con una parte, donde \u201ccontrol\u201d significa propiedad de 50% o m\u00e1s de las acciones, intereses de capital u otros valores con derecho a voto para la elecci\u00f3n de directores u otra autoridad administrativa.<\/p><p>Pa\u00eds se refiere a: Florida, Estados Unidos<\/p><p>La empresa (a la que en este Acuerdo se hace referencia como \u201cla empresa\u201d, \u201cnosotros\u201d, \u201cnos\u201d o \u201cnuestro\u201d) se refiere a Dynamic Primary Care.<\/p><p>Dispositivo significa cualquier dispositivo que pueda acceder al Servicio, como una computadora, un tel\u00e9fono celular o una tableta digital.<\/p><p>El servicio se refiere al sitio web.<\/p><p>Los T\u00e9rminos y Condiciones (tambi\u00e9n denominados &quot;T\u00e9rminos&quot;) son los presentes T\u00e9rminos y Condiciones que constituyen el acuerdo completo entre usted y la Compa\u00f1\u00eda respecto al uso del Servicio. Este acuerdo de T\u00e9rminos y Condiciones se ha creado con la ayuda del Generador de T\u00e9rminos y Condiciones.<\/p><p>Servicio de redes sociales de terceros significa cualquier servicio o contenido (incluidos datos, informaci\u00f3n, productos o servicios) proporcionado por un tercero que pueda mostrarse, incluirse o ponerse a disposici\u00f3n mediante el Servicio.<\/p><p>El sitio web se refiere a Dynamic Primary Care, accesible desde dynamicprimarycare.com<\/p><p>Usted significa el individuo que accede o utiliza el Servicio, o la empresa u otra entidad legal en nombre de la cual dicho individuo accede o utiliza el Servicio, seg\u00fan corresponda.<\/p><p>Reconocimiento<\/p><p>Estos son los T\u00e9rminos y Condiciones que rigen el uso de este Servicio y el acuerdo vigente entre Usted y la Compa\u00f1\u00eda. Estos T\u00e9rminos y Condiciones establecen los derechos y obligaciones de todos los usuarios en relaci\u00f3n con el uso del Servicio.<\/p><p>Su acceso y uso del Servicio est\u00e1 sujeto a la aceptaci\u00f3n y cumplimiento de estos T\u00e9rminos y Condiciones. Estos T\u00e9rminos y Condiciones se aplican a todos los visitantes, usuarios y dem\u00e1s personas que accedan o utilicen el Servicio.<\/p><p>Al acceder o utilizar el Servicio, usted acepta estos T\u00e9rminos y Condiciones. Si no est\u00e1 de acuerdo con alguna parte de estos T\u00e9rminos y Condiciones, no podr\u00e1 acceder al Servicio.<\/p><p>Usted declara que es mayor de 18 a\u00f1os. La Compa\u00f1\u00eda no permite que menores de 18 a\u00f1os utilicen el Servicio.<\/p><p>Su acceso y uso del Servicio tambi\u00e9n est\u00e1 sujeto a su aceptaci\u00f3n y cumplimiento de la Pol\u00edtica de Privacidad de la Compa\u00f1\u00eda. Nuestra Pol\u00edtica de Privacidad describe nuestras pol\u00edticas y procedimientos sobre la recopilaci\u00f3n, el uso y la divulgaci\u00f3n de su informaci\u00f3n personal al utilizar la Aplicaci\u00f3n o el Sitio Web, y le informa sobre sus derechos de privacidad y c\u00f3mo la ley lo protege. Lea atentamente nuestra Pol\u00edtica de Privacidad antes de utilizar nuestro Servicio.<\/p><p>Enlaces a otros sitios web<\/p><p>Nuestro Servicio puede contener enlaces a sitios web o servicios de terceros que no son propiedad ni est\u00e1n controlados por la Compa\u00f1\u00eda.<\/p><p>La Compa\u00f1\u00eda no tiene control ni asume ninguna responsabilidad por el contenido, las pol\u00edticas de privacidad ni las pr\u00e1cticas de sitios web o servicios de terceros. Adem\u00e1s, usted reconoce y acepta que la Compa\u00f1\u00eda no ser\u00e1 responsable, directa ni indirectamente, de ning\u00fan da\u00f1o o p\u00e9rdida causados o presuntamente causados por, o en relaci\u00f3n con, el uso o la confianza depositada en dichos contenidos, bienes o servicios disponibles en o a trav\u00e9s de dichos sitios web o servicios.<\/p><p>Le recomendamos encarecidamente que lea los t\u00e9rminos y condiciones y las pol\u00edticas de privacidad de cualquier sitio web o servicio de terceros que visite.<\/p><p>Terminaci\u00f3n<\/p><p>Podemos cancelar o suspender su acceso inmediatamente, sin previo aviso ni responsabilidad, por cualquier motivo, incluido, entre otros, si incumple estos T\u00e9rminos y Condiciones.<\/p><p>En caso de terminaci\u00f3n, su derecho a utilizar el Servicio cesar\u00e1 inmediatamente.<\/p><p>Limitaci\u00f3n de responsabilidad<\/p><p>Sin perjuicio de cualquier da\u00f1o que Usted pueda incurrir, la responsabilidad total de la Compa\u00f1\u00eda y de cualquiera de sus proveedores bajo cualquier disposici\u00f3n de estos T\u00e9rminos y Su recurso exclusivo para todo lo anterior se limitar\u00e1 al monto realmente pagado por Usted a trav\u00e9s del Servicio o 100 USD si no ha comprado nada a trav\u00e9s del Servicio.<\/p><p>En la medida m\u00e1xima permitida por la ley aplicable, en ning\u00fan caso la Compa\u00f1\u00eda o sus proveedores ser\u00e1n responsables de ning\u00fan da\u00f1o especial, incidental, indirecto o consecuente (incluidos, entre otros, da\u00f1os por p\u00e9rdida de ganancias, p\u00e9rdida de datos u otra informaci\u00f3n, por interrupci\u00f3n del negocio, por lesiones personales, p\u00e9rdida de privacidad que surja de o est\u00e9 relacionada de alguna manera con el uso o la imposibilidad de usar el Servicio, software de terceros y\/o hardware de terceros utilizado con el Servicio, o de otro modo en conexi\u00f3n con cualquier disposici\u00f3n de estos T\u00e9rminos), incluso si la Compa\u00f1\u00eda o cualquier proveedor ha sido informado de la posibilidad de tales da\u00f1os e incluso si el remedio no cumple su prop\u00f3sito esencial.<\/p><p>Algunos estados no permiten la exclusi\u00f3n de garant\u00edas impl\u00edcitas ni la limitaci\u00f3n de responsabilidad por da\u00f1os incidentales o consecuentes, lo que significa que algunas de las limitaciones anteriores podr\u00edan no ser aplicables. En estos estados, la responsabilidad de cada parte se limitar\u00e1 al m\u00e1ximo permitido por la ley.<\/p><p>\u201cDescargo de responsabilidad \u201dTAL CUAL\u201c y \u201dSEG\u00daN DISPONIBILIDAD\u201d<\/p><p>El Servicio se le proporciona &quot;TAL CUAL&quot; y &quot;SEG\u00daN DISPONIBILIDAD&quot; y con todos los fallos y defectos sin garant\u00eda de ning\u00fan tipo. En la medida m\u00e1xima permitida por la legislaci\u00f3n aplicable, la Compa\u00f1\u00eda, en su propio nombre y en nombre de sus Afiliados y sus respectivos licenciantes y proveedores de servicios, renuncia expresamente a todas las garant\u00edas, ya sean expresas, impl\u00edcitas, legales o de otro tipo, con respecto al Servicio, incluidas todas las garant\u00edas impl\u00edcitas de comerciabilidad, idoneidad para un fin particular, t\u00edtulo y no infracci\u00f3n, y las garant\u00edas que puedan surgir del curso de la negociaci\u00f3n, el curso del rendimiento, el uso o la pr\u00e1ctica comercial. Sin limitaci\u00f3n a lo anterior, la Compa\u00f1\u00eda no ofrece garant\u00eda ni compromiso, y no hace ninguna declaraci\u00f3n de ning\u00fan tipo de que el Servicio cumplir\u00e1 con sus requisitos, lograr\u00e1 los resultados previstos, ser\u00e1 compatible o funcionar\u00e1 con cualquier otro software, aplicaci\u00f3n, sistema o servicio, funcionar\u00e1 sin interrupciones, cumplir\u00e1 con los est\u00e1ndares de rendimiento o fiabilidad o estar\u00e1 libre de errores o que cualquier error o defecto pueda o vaya a ser corregido.<\/p><p>Sin limitar lo anterior, ni la Compa\u00f1\u00eda ni ninguno de los proveedores de la Compa\u00f1\u00eda hace ninguna representaci\u00f3n o garant\u00eda de ning\u00fan tipo, expresa o impl\u00edcita: (i) en cuanto al funcionamiento o disponibilidad del Servicio, o la informaci\u00f3n, contenido y materiales o productos incluidos en el mismo; (ii) que el Servicio ser\u00e1 ininterrumpido o libre de errores; (iii) en cuanto a la precisi\u00f3n, confiabilidad o actualidad de cualquier informaci\u00f3n o contenido proporcionado a trav\u00e9s del Servicio; o (iv) que el Servicio, sus servidores, el contenido o los correos electr\u00f3nicos enviados desde o en nombre de la Compa\u00f1\u00eda est\u00e1n libres de virus, scripts, troyanos, gusanos, malware, bombas de tiempo u otros componentes da\u00f1inos.<\/p><p>Algunas jurisdicciones no permiten la exclusi\u00f3n de ciertos tipos de garant\u00edas o limitaciones de los derechos legales aplicables del consumidor, por lo que algunas o todas las exclusiones y limitaciones anteriores podr\u00edan no ser aplicables en su caso. Sin embargo, en tal caso, las exclusiones y limitaciones establecidas en esta secci\u00f3n se aplicar\u00e1n en la mayor medida posible seg\u00fan la legislaci\u00f3n aplicable.<\/p><p>Ley aplicable<\/p><p>Las leyes del pa\u00eds, con exclusi\u00f3n de sus normas sobre conflicto de leyes, regir\u00e1n estos T\u00e9rminos y su uso del Servicio. Su uso de la Aplicaci\u00f3n tambi\u00e9n podr\u00e1 estar sujeto a otras leyes locales, estatales, nacionales o internacionales.<\/p><p>Resoluci\u00f3n de disputas<\/p><p>Si tiene alguna inquietud o disputa sobre el Servicio, acepta primero intentar resolver la disputa de manera informal comunic\u00e1ndose con la Compa\u00f1\u00eda.<\/p><p>Para usuarios de la Uni\u00f3n Europea (UE)<\/p><p>Si usted es un consumidor de la Uni\u00f3n Europea, se beneficiar\u00e1 de todas las disposiciones obligatorias de la legislaci\u00f3n del pa\u00eds en el que reside.<\/p><p>Cumplimiento legal de los Estados Unidos<\/p><p>Usted declara y garantiza que (i) no se encuentra en un pa\u00eds que est\u00e9 sujeto al embargo del gobierno de los Estados Unidos, o que haya sido designado por el gobierno de los Estados Unidos como un pa\u00eds \u201cque apoya al terrorismo\u201d, y (ii) no figura en ninguna lista del gobierno de los Estados Unidos de partes prohibidas o restringidas.<\/p><p>Divisibilidad y renuncia<\/p><p>Divisibilidad<\/p><p>Si alguna disposici\u00f3n de estos T\u00e9rminos se considera inaplicable o inv\u00e1lida, dicha disposici\u00f3n se modificar\u00e1 e interpretar\u00e1 para lograr los objetivos de dicha disposici\u00f3n en la mayor medida posible seg\u00fan la ley aplicable y las disposiciones restantes continuar\u00e1n en pleno vigor y efecto.<\/p><p>Exenci\u00f3n<\/p><p>Salvo lo dispuesto en este documento, el hecho de no ejercer un derecho o no exigir el cumplimiento de una obligaci\u00f3n en virtud de estos T\u00e9rminos no afectar\u00e1 la capacidad de una parte de ejercer dicho derecho o exigir dicho cumplimiento en cualquier momento posterior, ni la renuncia a un incumplimiento constituir\u00e1 una renuncia a cualquier incumplimiento posterior.<\/p><p>Interpretaci\u00f3n de la traducci\u00f3n<\/p><p>Estos T\u00e9rminos y Condiciones podr\u00edan haber sido traducidos si los hemos puesto a su disposici\u00f3n en nuestro Servicio. Usted acepta que el texto original en ingl\u00e9s prevalecer\u00e1 en caso de disputa.<\/p><p>Cambios a estos T\u00e9rminos y Condiciones<\/p><p>Nos reservamos el derecho, a nuestra entera discreci\u00f3n, de modificar o reemplazar estos T\u00e9rminos en cualquier momento. Si una revisi\u00f3n es sustancial, haremos todo lo posible para notificarlo con al menos 30 d\u00edas de antelaci\u00f3n a la entrada en vigor de cualquier nuevo t\u00e9rmino. Lo que constituye un cambio sustancial se determinar\u00e1 a nuestra entera discreci\u00f3n.<\/p><p>Si contin\u00faa accediendo o utilizando nuestro Servicio despu\u00e9s de la entrada en vigor de dichas revisiones, acepta estar sujeto a los t\u00e9rminos revisados. Si no acepta los nuevos t\u00e9rminos, total o parcialmente, le rogamos que deje de usar el sitio web y el Servicio.<\/p><p>Cont\u00e1ctenos<\/p><p>Si tiene alguna pregunta sobre estos T\u00e9rminos y Condiciones, puede contactarnos:<\/p><p>Al visitar esta p\u00e1gina en nuestro sitio web: dynamicprimarycare.com<\/p>\t\t\t\t\t\t\t\t<\/div>\n\t\t\t\t<\/div>\n\t\t\t\t\t<\/div>\n\t\t\t\t<\/div>\n\t\t\t\t<\/div>","protected":false},"excerpt":{"rendered":"<p>Terms and ConditionsLast updated: January 22, 2026 Please read these terms and conditions carefully before using Our Service. Interpretation and Definitions Interpretation The words of which the initial letter is capitalized have meanings defined under the following conditions. The following definitions shall have the same meaning regardless of whether they appear in singular or in [&hellip;]<\/p>","protected":false},"author":2,"featured_media":0,"parent":0,"menu_order":0,"comment_status":"closed","ping_status":"closed","template":"","meta":{"site-sidebar-layout":"default","site-content-layout":"","ast-site-content-layout":"default","site-content-style":"default","site-sidebar-style":"default","ast-global-header-display":"","ast-banner-title-visibility":"","ast-main-header-display":"","ast-hfb-above-header-display":"","ast-hfb-below-header-display":"","ast-hfb-mobile-header-display":"","site-post-title":"","ast-breadcrumbs-content":"","ast-featured-img":"","footer-sml-layout":"","ast-disable-related-posts":"","theme-transparent-header-meta":"","adv-header-id-meta":"","stick-header-meta":"","header-above-stick-meta":"","header-main-stick-meta":"","header-below-stick-meta":"","astra-migrate-meta-layouts":"default","ast-page-background-enabled":"default","ast-page-background-meta":{"desktop":{"background-color":"","background-image":"","background-repeat":"repeat","background-position":"center center","background-size":"auto","background-attachment":"scroll","background-type":"","background-media":"","overlay-type":"","overlay-color":"","overlay-opacity":"","overlay-gradient":""},"tablet":{"background-color":"","background-image":"","background-repeat":"repeat","background-position":"center center","background-size":"auto","background-attachment":"scroll","background-type":"","background-media":"","overlay-type":"","overlay-color":"","overlay-opacity":"","overlay-gradient":""},"mobile":{"background-color":"","background-image":"","background-repeat":"repeat","background-position":"center center","background-size":"auto","background-attachment":"scroll","background-type":"","background-media":"","overlay-type":"","overlay-color":"","overlay-opacity":"","overlay-gradient":""}},"ast-content-background-meta":{"desktop":{"background-color":"var(--ast-global-color-5)","background-image":"","background-repeat":"repeat","background-position":"center center","background-size":"auto","background-attachment":"scroll","background-type":"","background-media":"","overlay-type":"","overlay-color":"","overlay-opacity":"","overlay-gradient":""},"tablet":{"background-color":"var(--ast-global-color-5)","background-image":"","background-repeat":"repeat","background-position":"center center","background-size":"auto","background-attachment":"scroll","background-type":"","background-media":"","overlay-type":"","overlay-color":"","overlay-opacity":"","overlay-gradient":""},"mobile":{"background-color":"var(--ast-global-color-5)","background-image":"","background-repeat":"repeat","background-position":"center center","background-size":"auto","background-attachment":"scroll","background-type":"","background-media":"","overlay-type":"","overlay-color":"","overlay-opacity":"","overlay-gradient":""}},"_joinchat":[],"footnotes":""},"class_list":["post-69","page","type-page","status-publish","hentry"],"_links":{"self":[{"href":"https:\/\/dynamicprimarycare.com\/es\/wp-json\/wp\/v2\/pages\/69","targetHints":{"allow":["GET"]}}],"collection":[{"href":"https:\/\/dynamicprimarycare.com\/es\/wp-json\/wp\/v2\/pages"}],"about":[{"href":"https:\/\/dynamicprimarycare.com\/es\/wp-json\/wp\/v2\/types\/page"}],"author":[{"embeddable":true,"href":"https:\/\/dynamicprimarycare.com\/es\/wp-json\/wp\/v2\/users\/2"}],"replies":[{"embeddable":true,"href":"https:\/\/dynamicprimarycare.com\/es\/wp-json\/wp\/v2\/comments?post=69"}],"version-history":[{"count":11,"href":"https:\/\/dynamicprimarycare.com\/es\/wp-json\/wp\/v2\/pages\/69\/revisions"}],"predecessor-version":[{"id":2786,"href":"https:\/\/dynamicprimarycare.com\/es\/wp-json\/wp\/v2\/pages\/69\/revisions\/2786"}],"wp:attachment":[{"href":"https:\/\/dynamicprimarycare.com\/es\/wp-json\/wp\/v2\/media?parent=69"}],"curies":[{"name":"wp","href":"https:\/\/api.w.org\/{rel}","templated":true}]}}