{"id":319,"date":"2025-12-28T17:29:47","date_gmt":"2025-12-28T22:29:47","guid":{"rendered":"https:\/\/dynamicprimarycare.com\/about-us\/"},"modified":"2026-02-14T23:30:48","modified_gmt":"2026-02-15T04:30:48","slug":"about","status":"publish","type":"page","link":"https:\/\/dynamicprimarycare.com\/es\/about\/","title":{"rendered":"Acerca de"},"content":{"rendered":"<div data-elementor-type=\"wp-page\" data-elementor-id=\"319\" class=\"elementor elementor-319\" data-elementor-post-type=\"page\">\n\t\t\t\t<div data-particle_enable=\"false\" data-particle-mobile-disabled=\"false\" class=\"elementor-element elementor-element-00a0f4d e-flex e-con-boxed e-con e-parent\" data-id=\"00a0f4d\" data-element_type=\"container\" data-settings=\"{&quot;background_background&quot;:&quot;classic&quot;}\">\n\t\t\t\t\t<div class=\"e-con-inner\">\n\t\t<div data-particle_enable=\"false\" data-particle-mobile-disabled=\"false\" class=\"elementor-element elementor-element-0e3c4f3 e-con-full e-flex e-con e-child\" data-id=\"0e3c4f3\" data-element_type=\"container\">\n\t\t\t\t<div class=\"elementor-element elementor-element-14d12cf elementor-widget elementor-widget-hfe-infocard\" data-id=\"14d12cf\" data-element_type=\"widget\" data-widget_type=\"hfe-infocard.default\">\n\t\t\t\t<div class=\"elementor-widget-container\">\n\t\t\t\t\t\n\t\t<div class=\"hfe-infocard\">\n\t\t\t\t\t\t\t\t\t<div class=\"hfe-infocard-title-wrap\">\n\t\t\t\t<h1 class=\"hfe-infocard-title elementor-inline-editing\" data-elementor-setting-key=\"infocard_title\" data-elementor-inline-editing-toolbar=\"basic\" >Acerca de<\/h1>\t\t\t<\/div>\n\t\t\t\t\t\t<div class=\"hfe-infocard-text-wrap\">\n\t\t\t\t<div class=\"hfe-infocard-text elementor-inline-editing\" data-elementor-setting-key=\"infocard_description\" data-elementor-inline-editing-toolbar=\"advanced\">\n\t\t\t\t\t\t\t\t\t<\/div>\n\t\t\t\t\t\t\t<\/div>\n\t\t<\/div>\n\n\t\t\t\t\t\t<\/div>\n\t\t\t\t<\/div>\n\t\t\t\t<\/div>\n\t\t\t\t\t<\/div>\n\t\t\t\t<\/div>\n\t\t<div data-particle_enable=\"false\" data-particle-mobile-disabled=\"false\" class=\"elementor-element elementor-element-1bf0b18 e-flex e-con-boxed e-con e-parent\" data-id=\"1bf0b18\" data-element_type=\"container\" data-settings=\"{&quot;background_background&quot;:&quot;classic&quot;}\">\n\t\t\t\t\t<div class=\"e-con-inner\">\n\t\t<div data-particle_enable=\"false\" data-particle-mobile-disabled=\"false\" class=\"elementor-element elementor-element-2751751 e-con-full e-flex e-con e-child\" data-id=\"2751751\" data-element_type=\"container\">\n\t\t\t\t<div class=\"elementor-element elementor-element-10f3965 elementor-widget elementor-widget-heading\" data-id=\"10f3965\" data-element_type=\"widget\" data-widget_type=\"heading.default\">\n\t\t\t\t<div class=\"elementor-widget-container\">\n\t\t\t\t\t<h2 class=\"elementor-heading-title elementor-size-default\">Encontrarse <br>Dra. Sandy G\u00f3mez APP<\/h2>\t\t\t\t<\/div>\n\t\t\t\t<\/div>\n\t\t\t\t<div class=\"elementor-element elementor-element-77f2788 elementor-widget elementor-widget-text-editor\" data-id=\"77f2788\" data-element_type=\"widget\" data-widget_type=\"text-editor.default\">\n\t\t\t\t<div class=\"elementor-widget-container\">\n\t\t\t\t\t\t\t\t\t<p><span style=\"font-weight: 400;\">Bienvenido a mi consultorio, donde la atenci\u00f3n personalizada es lo primero. Como m\u00e9dico de cabecera independiente, me dedico a construir relaciones a largo plazo con mis pacientes y a brindar atenci\u00f3n m\u00e9dica integral y atenta en cada etapa de la vida. Mi objetivo es escucharlo atentamente, acompa\u00f1arlo en sus decisiones de salud y brindar una atenci\u00f3n compasiva, basada en la evidencia y adaptada a sus necesidades individuales.<\/span><\/p>\t\t\t\t\t\t\t\t<\/div>\n\t\t\t\t<\/div>\n\t\t<div data-particle_enable=\"false\" data-particle-mobile-disabled=\"false\" class=\"elementor-element elementor-element-78e4ccb e-con-full e-flex e-con e-child\" data-id=\"78e4ccb\" data-element_type=\"container\">\n\t\t\t\t<div class=\"elementor-element elementor-element-4693a29 elementor-position-inline-start elementor-widget__width-initial elementor-widget-tablet__width-initial elementor-widget-mobile__width-initial elementor-view-default elementor-mobile-position-block-start elementor-widget elementor-widget-icon-box\" data-id=\"4693a29\" data-element_type=\"widget\" data-widget_type=\"icon-box.default\">\n\t\t\t\t<div class=\"elementor-widget-container\">\n\t\t\t\t\t\t\t<div class=\"elementor-icon-box-wrapper\">\n\n\t\t\t\t\t\t<div class=\"elementor-icon-box-icon\">\n\t\t\t\t<span  class=\"elementor-icon\">\n\t\t\t\t<i aria-hidden=\"true\" class=\"fas fa-user-md\"><\/i>\t\t\t\t<\/span>\n\t\t\t<\/div>\n\t\t\t\n\t\t\t\t\t\t<div class=\"elementor-icon-box-content\">\n\n\t\t\t\t\t\t\t\t\t<div class=\"elementor-icon-box-title\">\n\t\t\t\t\t\t<span  >\n\t\t\t\t\t\t\t+10 a\u00f1os\t\t\t\t\t\t<\/span>\n\t\t\t\t\t<\/div>\n\t\t\t\t\n\t\t\t\t\t\t\t\t\t<p class=\"elementor-icon-box-description\">\n\t\t\t\t\t\tSirviendo con orgullo al estado de Florida \t\t\t\t\t<\/p>\n\t\t\t\t\n\t\t\t<\/div>\n\t\t\t\n\t\t<\/div>\n\t\t\t\t\t\t<\/div>\n\t\t\t\t<\/div>\n\t\t\t\t<\/div>\n\t\t\t\t<\/div>\n\t\t<div data-particle_enable=\"false\" data-particle-mobile-disabled=\"false\" class=\"elementor-element elementor-element-5bd1114 e-con-full e-flex e-con e-child\" data-id=\"5bd1114\" data-element_type=\"container\">\n\t\t\t\t<div class=\"elementor-element elementor-element-192d9df elementor-widget elementor-widget-image\" data-id=\"192d9df\" data-element_type=\"widget\" data-widget_type=\"image.default\">\n\t\t\t\t<div class=\"elementor-widget-container\">\n\t\t\t\t\t\t\t\t\t\t\t\t\t\t\t<img fetchpriority=\"high\" decoding=\"async\" width=\"1600\" height=\"1600\" src=\"https:\/\/dynamicprimarycare.com\/wp-content\/uploads\/2026\/01\/WhatsApp-Image-2026-01-15-at-3.49.42-PM.jpeg\" class=\"attachment-full size-full wp-image-2689\" alt=\"\" srcset=\"https:\/\/dynamicprimarycare.com\/wp-content\/uploads\/2026\/01\/WhatsApp-Image-2026-01-15-at-3.49.42-PM.jpeg 1600w, https:\/\/dynamicprimarycare.com\/wp-content\/uploads\/2026\/01\/WhatsApp-Image-2026-01-15-at-3.49.42-PM-300x300.jpeg 300w, https:\/\/dynamicprimarycare.com\/wp-content\/uploads\/2026\/01\/WhatsApp-Image-2026-01-15-at-3.49.42-PM-1024x1024.jpeg 1024w, https:\/\/dynamicprimarycare.com\/wp-content\/uploads\/2026\/01\/WhatsApp-Image-2026-01-15-at-3.49.42-PM-150x150.jpeg 150w, https:\/\/dynamicprimarycare.com\/wp-content\/uploads\/2026\/01\/WhatsApp-Image-2026-01-15-at-3.49.42-PM-768x768.jpeg 768w, https:\/\/dynamicprimarycare.com\/wp-content\/uploads\/2026\/01\/WhatsApp-Image-2026-01-15-at-3.49.42-PM-1536x1536.jpeg 1536w\" sizes=\"(max-width: 1600px) 100vw, 1600px\" \/>\t\t\t\t\t\t\t\t\t\t\t\t\t\t\t<\/div>\n\t\t\t\t<\/div>\n\t\t\t\t<\/div>\n\t\t\t\t\t<\/div>\n\t\t\t\t<\/div>\n\t\t<div data-particle_enable=\"false\" data-particle-mobile-disabled=\"false\" class=\"elementor-element elementor-element-8c35f28 e-flex e-con-boxed e-con e-parent\" data-id=\"8c35f28\" data-element_type=\"container\" data-settings=\"{&quot;background_background&quot;:&quot;classic&quot;}\">\n\t\t\t\t\t<div class=\"e-con-inner\">\n\t\t<div data-particle_enable=\"false\" data-particle-mobile-disabled=\"false\" class=\"elementor-element elementor-element-75f90de e-con-full e-flex e-con e-child\" data-id=\"75f90de\" data-element_type=\"container\">\n\t\t\t\t<div class=\"elementor-element elementor-element-6f0ebcb elementor-widget elementor-widget-hfe-infocard\" data-id=\"6f0ebcb\" data-element_type=\"widget\" data-widget_type=\"hfe-infocard.default\">\n\t\t\t\t<div class=\"elementor-widget-container\">\n\t\t\t\t\t\n\t\t<div class=\"hfe-infocard\">\n\t\t\t\t\t\t\t\t\t<div class=\"hfe-infocard-title-wrap\">\n\t\t\t\t<h2 class=\"hfe-infocard-title elementor-inline-editing\" data-elementor-setting-key=\"infocard_title\" data-elementor-inline-editing-toolbar=\"basic\" >Abogando por soluciones modernas para la atenci\u00f3n al paciente<\/h2>\t\t\t<\/div>\n\t\t\t\t\t\t<div class=\"hfe-infocard-text-wrap\">\n\t\t\t\t<div class=\"hfe-infocard-text elementor-inline-editing\" data-elementor-setting-key=\"infocard_description\" data-elementor-inline-editing-toolbar=\"advanced\">\n\t\t\t\t\t\t\t\t\t<\/div>\n\t\t\t\t\t\t\t<\/div>\n\t\t<\/div>\n\n\t\t\t\t\t\t<\/div>\n\t\t\t\t<\/div>\n\t\t\t\t<div class=\"elementor-element elementor-element-076c18e elementor-widget elementor-widget-text-editor\" data-id=\"076c18e\" data-element_type=\"widget\" data-widget_type=\"text-editor.default\">\n\t\t\t\t<div class=\"elementor-widget-container\">\n\t\t\t\t\t\t\t\t\t<p>La Dra. Sandy G\u00f3mez naci\u00f3 en Bogot\u00e1, Colombia, y creci\u00f3 en Ocala, Florida. Se gradu\u00f3 en 2015 con su Maestr\u00eda en Ciencias de la Enfermer\u00eda (MSN) y se convirti\u00f3 en Enfermera de Familia. Motivada por continuar su formaci\u00f3n, obtuvo su Doctorado en 2020 en la Universidad del Norte de Florida. Su pr\u00e1ctica abarca la promoci\u00f3n de la salud, la prevenci\u00f3n de enfermedades, el diagn\u00f3stico y el manejo de problemas de salud comunes y complejos, desde la infancia hasta el envejecimiento.<\/p>\t\t\t\t\t\t\t\t<\/div>\n\t\t\t\t<\/div>\n\t\t\t\t<div class=\"elementor-element elementor-element-bd8d0ab elementor-widget elementor-widget-text-editor\" data-id=\"bd8d0ab\" data-element_type=\"widget\" data-widget_type=\"text-editor.default\">\n\t\t\t\t<div class=\"elementor-widget-container\">\n\t\t\t\t\t\t\t\t\t<p>La combinaci\u00f3n \u00fanica de Sandy en cuanto a habilidades para la resoluci\u00f3n de problemas, formaci\u00f3n cl\u00ednica, profesionalismo, liderazgo, atenci\u00f3n al detalle, trato cercano y experiencia le ha permitido brindar la mejor atenci\u00f3n m\u00e9dica a sus pacientes. Cree en construir relaciones duraderas y de confianza con todos sus pacientes. Su objetivo es obtener una evaluaci\u00f3n integral de cada paciente, escuchando atentamente y comprendiendo cada una de sus necesidades para lograr un resultado positivo en su salud.<\/p>\t\t\t\t\t\t\t\t<\/div>\n\t\t\t\t<\/div>\n\t\t\t\t<\/div>\n\t\t\t\t\t<\/div>\n\t\t\t\t<\/div>\n\t\t<div data-particle_enable=\"false\" data-particle-mobile-disabled=\"false\" class=\"elementor-element elementor-element-910e42b e-flex e-con-boxed e-con e-parent\" data-id=\"910e42b\" data-element_type=\"container\">\n\t\t\t\t\t<div class=\"e-con-inner\">\n\t\t\t\t<div class=\"elementor-element elementor-element-9c72e00 elementor-widget elementor-widget-heading\" data-id=\"9c72e00\" data-element_type=\"widget\" data-widget_type=\"heading.default\">\n\t\t\t\t<div class=\"elementor-widget-container\">\n\t\t\t\t\t<h2 class=\"elementor-heading-title elementor-size-default\">Cont\u00e1ctame<\/h2>\t\t\t\t<\/div>\n\t\t\t\t<\/div>\n\t\t\t\t\t<\/div>\n\t\t\t\t<\/div>\n\t\t<div data-particle_enable=\"false\" data-particle-mobile-disabled=\"false\" class=\"elementor-element elementor-element-d11a13d e-flex e-con-boxed e-con e-parent\" data-id=\"d11a13d\" data-element_type=\"container\" data-settings=\"{&quot;background_background&quot;:&quot;classic&quot;}\">\n\t\t\t\t\t<div class=\"e-con-inner\">\n\t\t<div data-particle_enable=\"false\" data-particle-mobile-disabled=\"false\" class=\"elementor-element elementor-element-abdfe3d e-con-full e-flex e-con e-child\" data-id=\"abdfe3d\" data-element_type=\"container\">\n\t\t\t\t<div class=\"elementor-element elementor-element-8ebde5e elementor-position-inline-start elementor-widget__width-auto elementor-widget-mobile__width-inherit elementor-view-default elementor-mobile-position-block-start elementor-widget elementor-widget-icon-box\" data-id=\"8ebde5e\" data-element_type=\"widget\" data-widget_type=\"icon-box.default\">\n\t\t\t\t<div class=\"elementor-widget-container\">\n\t\t\t\t\t\t\t<div class=\"elementor-icon-box-wrapper\">\n\n\t\t\t\t\t\t<div class=\"elementor-icon-box-icon\">\n\t\t\t\t<span  class=\"elementor-icon\">\n\t\t\t\t<i aria-hidden=\"true\" class=\"fas fa-map-marker-alt\"><\/i>\t\t\t\t<\/span>\n\t\t\t<\/div>\n\t\t\t\n\t\t\t\t\t\t<div class=\"elementor-icon-box-content\">\n\n\t\t\t\t\t\t\t\t\t<h4 class=\"elementor-icon-box-title\">\n\t\t\t\t\t\t<span  >\n\t\t\t\t\t\t\tDIRECCI\u00d3N\t\t\t\t\t\t<\/span>\n\t\t\t\t\t<\/h4>\n\t\t\t\t\n\t\t\t\t\t\t\t\t\t<p class=\"elementor-icon-box-description\">\n\t\t\t\t\t\t1405 SW 6th Ave, Ocala, FL 34471\t\t\t\t\t<\/p>\n\t\t\t\t\n\t\t\t<\/div>\n\t\t\t\n\t\t<\/div>\n\t\t\t\t\t\t<\/div>\n\t\t\t\t<\/div>\n\t\t\t\t<\/div>\n\t\t<div data-particle_enable=\"false\" data-particle-mobile-disabled=\"false\" class=\"elementor-element elementor-element-9eeb68b e-con-full e-flex e-con e-child\" data-id=\"9eeb68b\" data-element_type=\"container\">\n\t\t\t\t<div class=\"elementor-element elementor-element-508d195 elementor-position-inline-start elementor-widget__width-auto elementor-widget-mobile__width-inherit elementor-view-default elementor-mobile-position-block-start elementor-widget elementor-widget-icon-box\" data-id=\"508d195\" data-element_type=\"widget\" data-widget_type=\"icon-box.default\">\n\t\t\t\t<div class=\"elementor-widget-container\">\n\t\t\t\t\t\t\t<div class=\"elementor-icon-box-wrapper\">\n\n\t\t\t\t\t\t<div class=\"elementor-icon-box-icon\">\n\t\t\t\t<span  class=\"elementor-icon\">\n\t\t\t\t<i aria-hidden=\"true\" class=\"fas fa-envelope\"><\/i>\t\t\t\t<\/span>\n\t\t\t<\/div>\n\t\t\t\n\t\t\t\t\t\t<div class=\"elementor-icon-box-content\">\n\n\t\t\t\t\t\t\t\t\t<h4 class=\"elementor-icon-box-title\">\n\t\t\t\t\t\t<span  >\n\t\t\t\t\t\t\tEnv\u00edenos un correo electr\u00f3nico\t\t\t\t\t\t<\/span>\n\t\t\t\t\t<\/h4>\n\t\t\t\t\n\t\t\t\t\t\t\t\t\t<p class=\"elementor-icon-box-description\">\n\t\t\t\t\t\tinfo@dynamicprimarycare.com\t\t\t\t\t<\/p>\n\t\t\t\t\n\t\t\t<\/div>\n\t\t\t\n\t\t<\/div>\n\t\t\t\t\t\t<\/div>\n\t\t\t\t<\/div>\n\t\t\t\t<\/div>\n\t\t\t\t\t<\/div>\n\t\t\t\t<\/div>\n\t\t\t\t<\/div>","protected":false},"excerpt":{"rendered":"<p>About Meet Dr. Sandy Gomez APP Welcome to my practice, where personalized care comes first. As a solo primary care provider, I am dedicated to building long-term relationships with my patients and providing thoughtful, comprehensive medical care for every stage of life. My goal is to listen carefully, partner with you in your health decisions, [&hellip;]<\/p>","protected":false},"author":2,"featured_media":0,"parent":0,"menu_order":0,"comment_status":"closed","ping_status":"closed","template":"","meta":{"site-sidebar-layout":"no-sidebar","site-content-layout":"page-builder","ast-site-content-layout":"default","site-content-style":"default","site-sidebar-style":"default","ast-global-header-display":"","ast-banner-title-visibility":"","ast-main-header-display":"","ast-hfb-above-header-display":"","ast-hfb-below-header-display":"","ast-hfb-mobile-header-display":"","site-post-title":"disabled","ast-breadcrumbs-content":"","ast-featured-img":"disabled","footer-sml-layout":"","ast-disable-related-posts":"","theme-transparent-header-meta":"enabled","adv-header-id-meta":"","stick-header-meta":"","header-above-stick-meta":"","header-main-stick-meta":"","header-below-stick-meta":"","astra-migrate-meta-layouts":"default","ast-page-background-enabled":"default","ast-page-background-meta":{"desktop":{"background-color":"","background-image":"","background-repeat":"repeat","background-position":"center center","background-size":"auto","background-attachment":"scroll","background-type":"","background-media":"","overlay-type":"","overlay-color":"","overlay-opacity":"","overlay-gradient":""},"tablet":{"background-color":"","background-image":"","background-repeat":"repeat","background-position":"center center","background-size":"auto","background-attachment":"scroll","background-type":"","background-media":"","overlay-type":"","overlay-color":"","overlay-opacity":"","overlay-gradient":""},"mobile":{"background-color":"","background-image":"","background-repeat":"repeat","background-position":"center center","background-size":"auto","background-attachment":"scroll","background-type":"","background-media":"","overlay-type":"","overlay-color":"","overlay-opacity":"","overlay-gradient":""}},"ast-content-background-meta":{"desktop":{"background-color":"var(--ast-global-color-5)","background-image":"","background-repeat":"repeat","background-position":"center center","background-size":"auto","background-attachment":"scroll","background-type":"","background-media":"","overlay-type":"","overlay-color":"","overlay-opacity":"","overlay-gradient":""},"tablet":{"background-color":"var(--ast-global-color-5)","background-image":"","background-repeat":"repeat","background-position":"center center","background-size":"auto","background-attachment":"scroll","background-type":"","background-media":"","overlay-type":"","overlay-color":"","overlay-opacity":"","overlay-gradient":""},"mobile":{"background-color":"var(--ast-global-color-5)","background-image":"","background-repeat":"repeat","background-position":"center center","background-size":"auto","background-attachment":"scroll","background-type":"","background-media":"","overlay-type":"","overlay-color":"","overlay-opacity":"","overlay-gradient":""}},"_joinchat":[],"footnotes":""},"class_list":["post-319","page","type-page","status-publish","hentry"],"_links":{"self":[{"href":"https:\/\/dynamicprimarycare.com\/es\/wp-json\/wp\/v2\/pages\/319","targetHints":{"allow":["GET"]}}],"collection":[{"href":"https:\/\/dynamicprimarycare.com\/es\/wp-json\/wp\/v2\/pages"}],"about":[{"href":"https:\/\/dynamicprimarycare.com\/es\/wp-json\/wp\/v2\/types\/page"}],"author":[{"embeddable":true,"href":"https:\/\/dynamicprimarycare.com\/es\/wp-json\/wp\/v2\/users\/2"}],"replies":[{"embeddable":true,"href":"https:\/\/dynamicprimarycare.com\/es\/wp-json\/wp\/v2\/comments?post=319"}],"version-history":[{"count":58,"href":"https:\/\/dynamicprimarycare.com\/es\/wp-json\/wp\/v2\/pages\/319\/revisions"}],"predecessor-version":[{"id":3005,"href":"https:\/\/dynamicprimarycare.com\/es\/wp-json\/wp\/v2\/pages\/319\/revisions\/3005"}],"wp:attachment":[{"href":"https:\/\/dynamicprimarycare.com\/es\/wp-json\/wp\/v2\/media?parent=319"}],"curies":[{"name":"wp","href":"https:\/\/api.w.org\/{rel}","templated":true}]}}