{"id":3,"date":"2024-10-29T23:53:40","date_gmt":"2024-10-29T23:53:40","guid":{"rendered":"http:\/\/dynamicprimarycare.com\/?page_id=3"},"modified":"2026-01-22T12:31:07","modified_gmt":"2026-01-22T17:31:07","slug":"privacy-policy","status":"publish","type":"page","link":"https:\/\/dynamicprimarycare.com\/es\/privacy-policy\/","title":{"rendered":"pol\u00edtica de privacidad"},"content":{"rendered":"<div data-elementor-type=\"wp-page\" data-elementor-id=\"3\" class=\"elementor elementor-3\" data-elementor-post-type=\"page\">\n\t\t\t\t<div data-particle_enable=\"false\" data-particle-mobile-disabled=\"false\" class=\"elementor-element elementor-element-41fce9ef e-flex e-con-boxed e-con e-parent\" data-id=\"41fce9ef\" data-element_type=\"container\">\n\t\t\t\t\t<div class=\"e-con-inner\">\n\t\t\t\t<div class=\"elementor-element elementor-element-72c49a48 elementor-widget elementor-widget-text-editor\" data-id=\"72c49a48\" data-element_type=\"widget\" data-widget_type=\"text-editor.default\">\n\t\t\t\t<div class=\"elementor-widget-container\">\n\t\t\t\t\t\t\t\t\t<p>pol\u00edtica de privacidad<br \/>\u00daltima actualizaci\u00f3n: 22 de enero de 2026<\/p><p>Esta Pol\u00edtica de Privacidad describe Nuestras pol\u00edticas y procedimientos sobre la recopilaci\u00f3n, uso y divulgaci\u00f3n de Su informaci\u00f3n cuando utiliza el Servicio y le informa sobre Sus derechos de privacidad y c\u00f3mo la ley lo protege.<\/p><p>Utilizamos sus datos personales para prestar y mejorar el Servicio. Al utilizar el Servicio, usted acepta la recopilaci\u00f3n y el uso de informaci\u00f3n de acuerdo con esta Pol\u00edtica de Privacidad. Esta Pol\u00edtica de Privacidad se ha creado con la ayuda de la Plantilla de Pol\u00edtica de Privacidad.<\/p><p>Interpretaci\u00f3n y definiciones<\/p><p>Interpretaci\u00f3n<\/p><p>Las palabras cuya letra inicial est\u00e1 en may\u00fascula tienen significados definidos en las siguientes condiciones. Las siguientes definiciones tendr\u00e1n el mismo significado independientemente de si aparecen en singular o en plural.<\/p><p>Definiciones<\/p><p>A los efectos de esta Pol\u00edtica de Privacidad:<\/p><p>Cuenta significa una cuenta \u00fanica creada para que usted acceda a nuestro Servicio o partes de nuestro Servicio.<\/p><p>La empresa (a la que en este Acuerdo se hace referencia como \u201cla empresa\u201d, \u201cnosotros\u201d, \u201cnos\u201d o \u201cnuestro\u201d) se refiere a Dynamic Primary Care.<\/p><p>Las cookies son peque\u00f1os archivos que un sitio web coloca en su computadora, dispositivo m\u00f3vil o cualquier otro dispositivo, y que contienen los detalles de su historial de navegaci\u00f3n en ese sitio web, entre sus muchos usos.<\/p><p>Pa\u00eds se refiere a: Florida, Estados Unidos<\/p><p>Dispositivo significa cualquier dispositivo que pueda acceder al Servicio, como una computadora, un tel\u00e9fono celular o una tableta digital.<\/p><p>Datos Personales son cualquier informaci\u00f3n relativa a una persona f\u00edsica identificada o identificable.<\/p><p>El servicio se refiere al sitio web.<\/p><p>Proveedor de Servicios se refiere a cualquier persona f\u00edsica o jur\u00eddica que procesa los datos en nombre de la Compa\u00f1\u00eda. Se refiere a empresas o personas externas contratadas por la Compa\u00f1\u00eda para facilitar el Servicio, prestarlo en nombre de la Compa\u00f1\u00eda, realizar servicios relacionados con el Servicio o ayudar a la Compa\u00f1\u00eda a analizar su uso.<\/p><p>Los Datos de uso se refieren a los datos recopilados autom\u00e1ticamente, ya sea generados por el uso del Servicio o por la propia infraestructura del Servicio (por ejemplo, la duraci\u00f3n de la visita a una p\u00e1gina).<\/p><p>El sitio web se refiere a Dynamic Primary Care, accesible desde dynamicprimarycare.com<\/p><p>Usted significa el individuo que accede o utiliza el Servicio, o la empresa u otra entidad legal en nombre de la cual dicho individuo accede o utiliza el Servicio, seg\u00fan corresponda.<\/p><p>Recopilaci\u00f3n y uso de sus datos personales<\/p><p>Tipos de datos recopilados<\/p><p>Datos personales<\/p><p>Al utilizar nuestro Servicio, podr\u00edamos solicitarle informaci\u00f3n personal identificable que pueda utilizarse para contactarle o identificarle. Esta informaci\u00f3n puede incluir, entre otros:<\/p><p>Direcci\u00f3n de correo electr\u00f3nico<\/p><p>Datos de uso<\/p><p>Datos de uso<\/p><p>Los datos de uso se recopilan autom\u00e1ticamente al utilizar el Servicio.<\/p><p>Los datos de uso pueden incluir informaci\u00f3n como la direcci\u00f3n de protocolo de Internet de su dispositivo (por ejemplo, direcci\u00f3n IP), el tipo de navegador, la versi\u00f3n del navegador, las p\u00e1ginas de nuestro Servicio que visita, la hora y la fecha de su visita, el tiempo dedicado a esas p\u00e1ginas, identificadores \u00fanicos del dispositivo y otros datos de diagn\u00f3stico.<\/p><p>Cuando accede al Servicio mediante un dispositivo m\u00f3vil, podemos recopilar cierta informaci\u00f3n autom\u00e1ticamente, incluyendo, entre otros, el tipo de dispositivo m\u00f3vil que utiliza, el ID \u00fanico de su dispositivo m\u00f3vil, la direcci\u00f3n IP de su dispositivo m\u00f3vil, su sistema operativo m\u00f3vil, el tipo de navegador de Internet m\u00f3vil que utiliza, identificadores \u00fanicos de dispositivos y otros datos de diagn\u00f3stico.<\/p><p>Tambi\u00e9n podemos recopilar informaci\u00f3n que su navegador env\u00eda cada vez que visita nuestro Servicio o cuando accede al Servicio mediante un dispositivo m\u00f3vil.<\/p><p>Tecnolog\u00edas de seguimiento y cookies<\/p><p>Utilizamos cookies y tecnolog\u00edas de seguimiento similares para rastrear la actividad en nuestro Servicio y almacenar cierta informaci\u00f3n. Las tecnolog\u00edas de seguimiento que utilizamos son balizas, etiquetas y scripts para recopilar y rastrear informaci\u00f3n, as\u00ed como para mejorar y analizar nuestro Servicio. Las tecnolog\u00edas que utilizamos pueden incluir:<\/p><p>Cookies o Cookies del Navegador. Una cookie es un peque\u00f1o archivo que se almacena en su dispositivo. Puede configurar su navegador para que rechace todas las Cookies o para que le indique cu\u00e1ndo se env\u00eda una. Sin embargo, si no acepta las Cookies, es posible que no pueda usar algunas partes de nuestro Servicio. A menos que haya configurado su navegador para que rechace las Cookies, nuestro Servicio podr\u00eda usar Cookies.<\/p><p>Cookies Flash. Algunas funciones de nuestro Servicio pueden utilizar objetos almacenados localmente (o Cookies Flash) para recopilar y almacenar informaci\u00f3n sobre sus preferencias o su actividad en nuestro Servicio. Las Cookies Flash no se gestionan con la misma configuraci\u00f3n del navegador que las Cookies del Navegador. Para obtener m\u00e1s informaci\u00f3n sobre c\u00f3mo eliminar las Cookies Flash, consulte &quot;\u00bfD\u00f3nde puedo cambiar la configuraci\u00f3n para deshabilitar o eliminar objetos locales compartidos?&quot;, disponible en https:\/\/helpx.adobe.com\/flash-player\/kb\/disable-local-shared-objects-flash.html#main_Where_can_I_change_the_settings_for_disabling__or_deleting_local_shared_objects_<\/p><p>Balizas web. Algunas secciones de nuestro Servicio y nuestros correos electr\u00f3nicos pueden contener peque\u00f1os archivos electr\u00f3nicos conocidos como balizas web (tambi\u00e9n conocidos como gifs transparentes, etiquetas de p\u00edxel y gifs de un solo p\u00edxel). Estos archivos permiten a la Compa\u00f1\u00eda, por ejemplo, contabilizar los usuarios que han visitado esas p\u00e1ginas o abierto un correo electr\u00f3nico, as\u00ed como otras estad\u00edsticas relacionadas con el sitio web (por ejemplo, registrar la popularidad de una secci\u00f3n espec\u00edfica y verificar la integridad del sistema y del servidor).<\/p><p>Las cookies pueden ser persistentes o de sesi\u00f3n. Las persistentes permanecen en su ordenador o dispositivo m\u00f3vil cuando se desconecta, mientras que las de sesi\u00f3n se eliminan al cerrar el navegador. Puede obtener m\u00e1s informaci\u00f3n sobre las cookies aqu\u00ed: Cookies de TermsFeed Generator.<\/p><p>Utilizamos cookies de sesi\u00f3n y persistentes para los fines que se detallan a continuaci\u00f3n:<\/p><p>Cookies necesarias\/esenciales<\/p><p>Tipo: Cookies de sesi\u00f3n<\/p><p>Administrado por: Nosotros<\/p><p>Finalidad: Estas cookies son esenciales para proporcionarle los servicios disponibles a trav\u00e9s del sitio web y permitirle utilizar algunas de sus funciones. Ayudan a autenticar a los usuarios y a evitar el uso fraudulento de las cuentas de usuario. Sin estas cookies, no podemos proporcionarle los servicios que ha solicitado, y solo las utilizamos para proporcionarle dichos servicios.<\/p><p>Pol\u00edtica de Cookies \/ Aviso de Aceptaci\u00f3n de Cookies<\/p><p>Tipo: Cookies persistentes<\/p><p>Administrado por: Nosotros<\/p><p>Finalidad: Estas Cookies identifican si los usuarios han aceptado el uso de cookies en el Sitio Web.<\/p><p>Cookies de funcionalidad<\/p><p>Tipo: Cookies persistentes<\/p><p>Administrado por: Nosotros<\/p><p>Finalidad: Estas cookies nos permiten recordar las opciones que usted elige al usar el sitio web, como sus datos de inicio de sesi\u00f3n o su preferencia de idioma. El objetivo de estas cookies es brindarle una experiencia m\u00e1s personalizada y evitar que tenga que volver a ingresar sus preferencias cada vez que usa el sitio web.<\/p><p>Para obtener m\u00e1s informaci\u00f3n sobre las cookies que utilizamos y sus opciones con respecto a las cookies, visite nuestra Pol\u00edtica de cookies o la secci\u00f3n de Cookies de nuestra Pol\u00edtica de privacidad.<\/p><p>Uso de sus datos personales<\/p><p>La Compa\u00f1\u00eda podr\u00e1 utilizar los Datos Personales para los siguientes fines:<\/p><p>Para proporcionar y mantener nuestro Servicio, incluido el monitoreo del uso del mismo.<\/p><p>Para gestionar su cuenta: para gestionar su registro como usuario del Servicio. Los datos personales que proporcione pueden darle acceso a diferentes funcionalidades del Servicio disponibles como usuario registrado.<\/p><p>Para la ejecuci\u00f3n de un contrato: el desarrollo, cumplimiento y ejecuci\u00f3n del contrato de compra de los productos, art\u00edculos o servicios que ha adquirido o de cualquier otro contrato con Nosotros a trav\u00e9s del Servicio.<\/p><p>Para contactarle: Para contactarle por correo electr\u00f3nico, llamadas telef\u00f3nicas, SMS u otras formas equivalentes de comunicaci\u00f3n electr\u00f3nica, como las notificaciones push de una aplicaci\u00f3n m\u00f3vil sobre actualizaciones o comunicaciones informativas relacionadas con las funcionalidades, productos o servicios contratados, incluidas las actualizaciones de seguridad, cuando sea necesario o razonable para su implementaci\u00f3n.<\/p><p>Para brindarle noticias, ofertas especiales e informaci\u00f3n general sobre otros bienes, servicios y eventos que ofrecemos y que sean similares a los que ya ha comprado o consultado, a menos que haya optado por no recibir dicha informaci\u00f3n.<\/p><p>Para gestionar sus solicitudes: Para atender y gestionar las solicitudes que nos env\u00ede.<\/p><p>Para transferencias comerciales: Podemos utilizar su informaci\u00f3n para evaluar o llevar a cabo una fusi\u00f3n, desinversi\u00f3n, reestructuraci\u00f3n, reorganizaci\u00f3n, disoluci\u00f3n u otra venta o transferencia de algunos o todos nuestros activos, ya sea como un negocio en marcha o como parte de una quiebra, liquidaci\u00f3n o procedimiento similar, en el que los datos personales que tenemos sobre los usuarios de nuestro Servicio se encuentran entre los activos transferidos.<\/p><p>Para otros fines: Podemos utilizar su informaci\u00f3n para otros fines, como an\u00e1lisis de datos, identificaci\u00f3n de tendencias de uso, determinaci\u00f3n de la efectividad de nuestras campa\u00f1as promocionales y para evaluar y mejorar nuestro Servicio, productos, servicios, marketing y su experiencia.<\/p><p>Podemos compartir su informaci\u00f3n personal en las siguientes situaciones:<\/p><p>Con proveedores de servicios: Podemos compartir su informaci\u00f3n personal con proveedores de servicios para monitorear y analizar el uso de nuestro Servicio y para comunicarnos con usted.<\/p><p>Para transferencias comerciales: Podemos compartir o transferir su informaci\u00f3n personal en relaci\u00f3n con, o durante las negociaciones de, cualquier fusi\u00f3n, venta de activos de la empresa, financiamiento o adquisici\u00f3n de la totalidad o una parte de nuestro negocio a otra empresa.<\/p><p>Con Afiliados: Podemos compartir su informaci\u00f3n con nuestros afiliados, en cuyo caso les exigiremos que cumplan con esta Pol\u00edtica de Privacidad. Los afiliados incluyen nuestra empresa matriz y cualquier otra subsidiaria, socio de empresa conjunta u otras empresas que controlemos o que est\u00e9n bajo nuestro control com\u00fan.<\/p><p>Con socios comerciales: Podemos compartir su informaci\u00f3n con nuestros socios comerciales para ofrecerle ciertos productos, servicios o promociones.<\/p><p>Con otros usuarios: cuando usted comparte informaci\u00f3n personal o interact\u00faa de otra manera en \u00e1reas p\u00fablicas con otros usuarios, dicha informaci\u00f3n puede ser vista por todos los usuarios y puede distribuirse p\u00fablicamente en el exterior.<\/p><p>Con su consentimiento: Podemos divulgar su informaci\u00f3n personal para cualquier otro prop\u00f3sito con su consentimiento.<\/p><p>Conservaci\u00f3n de sus datos personales<\/p><p>La Compa\u00f1\u00eda conservar\u00e1 sus Datos Personales \u00fanicamente durante el tiempo necesario para los fines establecidos en esta Pol\u00edtica de Privacidad. Conservaremos y utilizaremos sus Datos Personales en la medida necesaria para cumplir con nuestras obligaciones legales (por ejemplo, si estamos obligados a conservar sus datos para cumplir con la legislaci\u00f3n aplicable), resolver disputas y hacer cumplir nuestros acuerdos y pol\u00edticas legales.<\/p><p>La Compa\u00f1\u00eda tambi\u00e9n conservar\u00e1 los Datos de Uso para fines de an\u00e1lisis interno. Generalmente, estos datos se conservan durante un periodo m\u00e1s corto, excepto cuando se utilicen para reforzar la seguridad o mejorar la funcionalidad de nuestro Servicio, o cuando estemos legalmente obligados a conservarlos durante periodos m\u00e1s largos.<\/p><p>Transferencia de sus datos personales<\/p><p>Su informaci\u00f3n, incluidos los Datos Personales, se procesa en las oficinas operativas de la Compa\u00f1\u00eda y en cualquier otro lugar donde se encuentren las partes involucradas en el procesamiento. Esto significa que esta informaci\u00f3n puede transferirse y almacenarse en computadoras ubicadas fuera de su estado, provincia, pa\u00eds u otra jurisdicci\u00f3n gubernamental donde las leyes de protecci\u00f3n de datos pueden ser diferentes a las de su jurisdicci\u00f3n.<\/p><p>Su consentimiento a esta Pol\u00edtica de Privacidad seguido de su env\u00edo de dicha informaci\u00f3n representa su aceptaci\u00f3n de dicha transferencia.<\/p><p>La Compa\u00f1\u00eda tomar\u00e1 todas las medidas razonablemente necesarias para garantizar que sus datos sean tratados de forma segura y de acuerdo con esta Pol\u00edtica de privacidad y no se realizar\u00e1 ninguna transferencia de sus datos personales a una organizaci\u00f3n o un pa\u00eds a menos que existan controles adecuados, incluida la seguridad de sus datos y otra informaci\u00f3n personal.<\/p><p>Divulgaci\u00f3n de sus datos personales<\/p><p>Transacciones comerciales<\/p><p>Si la Compa\u00f1\u00eda participa en una fusi\u00f3n, adquisici\u00f3n o venta de activos, sus Datos Personales podr\u00edan ser transferidos. Le notificaremos antes de que sus Datos Personales sean transferidos y queden sujetos a una Pol\u00edtica de Privacidad diferente.<\/p><p>Aplicaci\u00f3n de la ley<\/p><p>En determinadas circunstancias, la Compa\u00f1\u00eda puede estar obligada a revelar sus Datos Personales si as\u00ed lo exige la ley o en respuesta a solicitudes v\u00e1lidas de autoridades p\u00fablicas (por ejemplo, un tribunal o una agencia gubernamental).<\/p><p>Otros requisitos legales<\/p><p>La Compa\u00f1\u00eda puede divulgar sus Datos Personales creyendo de buena fe que dicha acci\u00f3n es necesaria para:<\/p><p>Cumplir con una obligaci\u00f3n legal<\/p><p>Proteger y defender los derechos o propiedad de la Compa\u00f1\u00eda<\/p><p>Prevenir o investigar posibles infracciones en relaci\u00f3n con el Servicio<\/p><p>Proteger la seguridad personal de los Usuarios del Servicio o del p\u00fablico<\/p><p>Protegerse contra la responsabilidad legal<\/p><p>Seguridad de sus datos personales<\/p><p>La seguridad de sus Datos Personales es importante para Nosotros, pero recuerde que ning\u00fan m\u00e9todo de transmisi\u00f3n por Internet ni m\u00e9todo de almacenamiento electr\u00f3nico es seguro. Si bien nos esforzamos por utilizar medios comercialmente aceptables para proteger sus Datos Personales, no podemos garantizar su seguridad absoluta.<\/p><p>Privacidad de los ni\u00f1os<\/p><p>Nuestro Servicio no est\u00e1 dirigido a menores de 13 a\u00f1os. No recopilamos deliberadamente informaci\u00f3n personal identificable de menores de 13 a\u00f1os. Si usted es padre, madre o tutor y sabe que su hijo nos ha proporcionado datos personales, p\u00f3ngase en contacto con nosotros. Si detectamos que hemos recopilado datos personales de menores de 13 a\u00f1os sin verificar el consentimiento parental, tomaremos medidas para eliminar dicha informaci\u00f3n de nuestros servidores.<\/p><p>Si necesitamos confiar en el consentimiento como base legal para procesar su informaci\u00f3n y su pa\u00eds requiere el consentimiento de uno de los padres, es posible que necesitemos el consentimiento de sus padres antes de recopilar y utilizar esa informaci\u00f3n.<\/p><p>Enlaces a otros sitios web<\/p><p>Nuestro Servicio puede contener enlaces a otros sitios web no operados por Nosotros. Si hace clic en un enlace de un tercero, ser\u00e1 redirigido a su sitio web. Le recomendamos encarecidamente que revise la Pol\u00edtica de Privacidad de cada sitio que visite.<\/p><p>No tenemos control ni asumimos ninguna responsabilidad por el contenido, las pol\u00edticas de privacidad o las pr\u00e1cticas de sitios o servicios de terceros.<\/p><p>Cambios a esta Pol\u00edtica de Privacidad<\/p><p>Es posible que actualicemos nuestra Pol\u00edtica de Privacidad peri\u00f3dicamente. Le notificaremos cualquier cambio publicando la nueva Pol\u00edtica de Privacidad en esta p\u00e1gina.<\/p><p>Le informaremos por correo electr\u00f3nico y\/o un aviso destacado en Nuestro Servicio, antes de que el cambio entre en vigencia y actualizaremos la fecha de \u201c\u00daltima actualizaci\u00f3n\u201d en la parte superior de esta Pol\u00edtica de privacidad.<\/p><p>Le recomendamos revisar esta Pol\u00edtica de Privacidad peri\u00f3dicamente para estar al tanto de cualquier cambio. Los cambios a esta Pol\u00edtica de Privacidad entran en vigor al publicarse en esta p\u00e1gina.<\/p><p>Cont\u00e1ctenos<\/p><p>Si tiene alguna pregunta sobre esta Pol\u00edtica de Privacidad, puede contactarnos:<\/p><p>Al visitar esta p\u00e1gina en nuestro sitio web: dynamicprimarycare.com<\/p>\t\t\t\t\t\t\t\t<\/div>\n\t\t\t\t<\/div>\n\t\t\t\t\t<\/div>\n\t\t\t\t<\/div>\n\t\t\t\t<\/div>","protected":false},"excerpt":{"rendered":"<p>Privacy PolicyLast updated: January 22, 2026 This Privacy Policy describes Our policies and procedures on the collection, use and disclosure of Your information when You use the Service and tells You about Your privacy rights and how the law protects You. We use Your Personal data to provide and improve the Service. By using the [&hellip;]<\/p>","protected":false},"author":2,"featured_media":0,"parent":0,"menu_order":0,"comment_status":"closed","ping_status":"closed","template":"","meta":{"site-sidebar-layout":"default","site-content-layout":"","ast-site-content-layout":"default","site-content-style":"default","site-sidebar-style":"default","ast-global-header-display":"","ast-banner-title-visibility":"","ast-main-header-display":"","ast-hfb-above-header-display":"","ast-hfb-below-header-display":"","ast-hfb-mobile-header-display":"","site-post-title":"","ast-breadcrumbs-content":"","ast-featured-img":"","footer-sml-layout":"","ast-disable-related-posts":"","theme-transparent-header-meta":"","adv-header-id-meta":"","stick-header-meta":"","header-above-stick-meta":"","header-main-stick-meta":"","header-below-stick-meta":"","astra-migrate-meta-layouts":"default","ast-page-background-enabled":"default","ast-page-background-meta":{"desktop":{"background-color":"","background-image":"","background-repeat":"repeat","background-position":"center center","background-size":"auto","background-attachment":"scroll","background-type":"","background-media":"","overlay-type":"","overlay-color":"","overlay-opacity":"","overlay-gradient":""},"tablet":{"background-color":"","background-image":"","background-repeat":"repeat","background-position":"center center","background-size":"auto","background-attachment":"scroll","background-type":"","background-media":"","overlay-type":"","overlay-color":"","overlay-opacity":"","overlay-gradient":""},"mobile":{"background-color":"","background-image":"","background-repeat":"repeat","background-position":"center center","background-size":"auto","background-attachment":"scroll","background-type":"","background-media":"","overlay-type":"","overlay-color":"","overlay-opacity":"","overlay-gradient":""}},"ast-content-background-meta":{"desktop":{"background-color":"var(--ast-global-color-5)","background-image":"","background-repeat":"repeat","background-position":"center center","background-size":"auto","background-attachment":"scroll","background-type":"","background-media":"","overlay-type":"","overlay-color":"","overlay-opacity":"","overlay-gradient":""},"tablet":{"background-color":"var(--ast-global-color-5)","background-image":"","background-repeat":"repeat","background-position":"center center","background-size":"auto","background-attachment":"scroll","background-type":"","background-media":"","overlay-type":"","overlay-color":"","overlay-opacity":"","overlay-gradient":""},"mobile":{"background-color":"var(--ast-global-color-5)","background-image":"","background-repeat":"repeat","background-position":"center center","background-size":"auto","background-attachment":"scroll","background-type":"","background-media":"","overlay-type":"","overlay-color":"","overlay-opacity":"","overlay-gradient":""}},"_joinchat":[],"footnotes":""},"class_list":["post-3","page","type-page","status-publish","hentry"],"_links":{"self":[{"href":"https:\/\/dynamicprimarycare.com\/es\/wp-json\/wp\/v2\/pages\/3","targetHints":{"allow":["GET"]}}],"collection":[{"href":"https:\/\/dynamicprimarycare.com\/es\/wp-json\/wp\/v2\/pages"}],"about":[{"href":"https:\/\/dynamicprimarycare.com\/es\/wp-json\/wp\/v2\/types\/page"}],"author":[{"embeddable":true,"href":"https:\/\/dynamicprimarycare.com\/es\/wp-json\/wp\/v2\/users\/2"}],"replies":[{"embeddable":true,"href":"https:\/\/dynamicprimarycare.com\/es\/wp-json\/wp\/v2\/comments?post=3"}],"version-history":[{"count":20,"href":"https:\/\/dynamicprimarycare.com\/es\/wp-json\/wp\/v2\/pages\/3\/revisions"}],"predecessor-version":[{"id":2783,"href":"https:\/\/dynamicprimarycare.com\/es\/wp-json\/wp\/v2\/pages\/3\/revisions\/2783"}],"wp:attachment":[{"href":"https:\/\/dynamicprimarycare.com\/es\/wp-json\/wp\/v2\/media?parent=3"}],"curies":[{"name":"wp","href":"https:\/\/api.w.org\/{rel}","templated":true}]}}