{"id":2520,"date":"2026-01-14T16:26:47","date_gmt":"2026-01-14T21:26:47","guid":{"rendered":"https:\/\/dynamicprimarycare.com\/?page_id=2520"},"modified":"2026-02-14T23:35:59","modified_gmt":"2026-02-15T04:35:59","slug":"telehealth-at-dynamic-primary-care","status":"publish","type":"page","link":"https:\/\/dynamicprimarycare.com\/es\/telehealth-at-dynamic-primary-care\/","title":{"rendered":"Telesalud"},"content":{"rendered":"<div data-elementor-type=\"wp-page\" data-elementor-id=\"2520\" class=\"elementor elementor-2520\" data-elementor-post-type=\"page\">\n\t\t\t\t<div data-particle_enable=\"false\" data-particle-mobile-disabled=\"false\" class=\"elementor-element elementor-element-d7a99c7 e-flex e-con-boxed e-con e-parent\" data-id=\"d7a99c7\" data-element_type=\"container\" data-settings=\"{&quot;background_background&quot;:&quot;classic&quot;}\">\n\t\t\t\t\t<div class=\"e-con-inner\">\n\t\t<div data-particle_enable=\"false\" data-particle-mobile-disabled=\"false\" class=\"elementor-element elementor-element-6330d5d e-con-full e-flex e-con e-child\" data-id=\"6330d5d\" data-element_type=\"container\">\n\t\t\t\t<div class=\"elementor-element elementor-element-9bab2eb elementor-widget elementor-widget-heading\" data-id=\"9bab2eb\" data-element_type=\"widget\" data-widget_type=\"heading.default\">\n\t\t\t\t<div class=\"elementor-widget-container\">\n\t\t\t\t\t<h2 class=\"elementor-heading-title elementor-size-default\">Telesalud en Atenci\u00f3n Primaria Din\u00e1mica<\/h2>\t\t\t\t<\/div>\n\t\t\t\t<\/div>\n\t\t\t\t<\/div>\n\t\t<div data-particle_enable=\"false\" data-particle-mobile-disabled=\"false\" class=\"elementor-element elementor-element-1a041c3 e-con-full e-flex e-con e-child\" data-id=\"1a041c3\" data-element_type=\"container\">\n\t\t\t\t<div class=\"elementor-element elementor-element-d982202 elementor-widget elementor-widget-image\" data-id=\"d982202\" data-element_type=\"widget\" data-widget_type=\"image.default\">\n\t\t\t\t<div class=\"elementor-widget-container\">\n\t\t\t\t\t\t\t\t\t\t\t\t\t\t\t<img fetchpriority=\"high\" decoding=\"async\" width=\"1024\" height=\"576\" src=\"https:\/\/dynamicprimarycare.com\/wp-content\/uploads\/2025\/12\/Contenido-Amplio-16-1024x576.png\" class=\"attachment-large size-large wp-image-1983\" alt=\"\" srcset=\"https:\/\/dynamicprimarycare.com\/wp-content\/uploads\/2025\/12\/Contenido-Amplio-16-1024x576.png 1024w, https:\/\/dynamicprimarycare.com\/wp-content\/uploads\/2025\/12\/Contenido-Amplio-16-300x169.png 300w, https:\/\/dynamicprimarycare.com\/wp-content\/uploads\/2025\/12\/Contenido-Amplio-16-768x432.png 768w, https:\/\/dynamicprimarycare.com\/wp-content\/uploads\/2025\/12\/Contenido-Amplio-16-1536x864.png 1536w, https:\/\/dynamicprimarycare.com\/wp-content\/uploads\/2025\/12\/Contenido-Amplio-16.png 1920w\" sizes=\"(max-width: 1024px) 100vw, 1024px\" \/>\t\t\t\t\t\t\t\t\t\t\t\t\t\t\t<\/div>\n\t\t\t\t<\/div>\n\t\t\t\t<\/div>\n\t\t\t\t\t<\/div>\n\t\t\t\t<\/div>\n\t\t<div data-particle_enable=\"false\" data-particle-mobile-disabled=\"false\" class=\"elementor-element elementor-element-d3f92bd e-flex e-con-boxed e-con e-parent\" data-id=\"d3f92bd\" data-element_type=\"container\">\n\t\t\t\t\t<div class=\"e-con-inner\">\n\t\t\t\t<div class=\"elementor-element elementor-element-c307e97 elementor-widget elementor-widget-text-editor\" data-id=\"c307e97\" data-element_type=\"widget\" data-widget_type=\"text-editor.default\">\n\t\t\t\t<div class=\"elementor-widget-container\">\n\t\t\t\t\t\t\t\t\t<p>En Dynamic Primary Care, ofrezco c\u00f3modas consultas de telesalud para que pueda acceder a atenci\u00f3n m\u00e9dica de calidad desde la comodidad de su hogar u oficina. La telesalud le permite reunirse virtualmente con su m\u00e9dico para muchas necesidades de atenci\u00f3n primaria, sin necesidad de viajar.<\/p>\t\t\t\t\t\t\t\t<\/div>\n\t\t\t\t<\/div>\n\t\t\t\t\t<\/div>\n\t\t\t\t<\/div>\n\t\t<div data-particle_enable=\"false\" data-particle-mobile-disabled=\"false\" class=\"elementor-element elementor-element-0fe1d98 e-flex e-con-boxed e-con e-parent\" data-id=\"0fe1d98\" data-element_type=\"container\" data-settings=\"{&quot;background_background&quot;:&quot;classic&quot;}\">\n\t\t\t\t\t<div class=\"e-con-inner\">\n\t\t<div data-particle_enable=\"false\" data-particle-mobile-disabled=\"false\" class=\"elementor-element elementor-element-416c709 e-con-full e-flex e-con e-child\" data-id=\"416c709\" data-element_type=\"container\">\n\t\t\t\t<div class=\"elementor-element elementor-element-bb5f348 elementor-widget elementor-widget-heading\" data-id=\"bb5f348\" data-element_type=\"widget\" data-widget_type=\"heading.default\">\n\t\t\t\t<div class=\"elementor-widget-container\">\n\t\t\t\t\t<h4 class=\"elementor-heading-title elementor-size-default\">C\u00f3mo funciona la telesalud\n<\/h4>\t\t\t\t<\/div>\n\t\t\t\t<\/div>\n\t\t\t\t<div class=\"elementor-element elementor-element-9a2cffc elementor-widget elementor-widget-text-editor\" data-id=\"9a2cffc\" data-element_type=\"widget\" data-widget_type=\"text-editor.default\">\n\t\t\t\t<div class=\"elementor-widget-container\">\n\t\t\t\t\t\t\t\t\t<ol><li style=\"font-weight: 400;\" aria-level=\"1\"><b>Programar una visita<\/b><b><br \/><\/b><ul><li style=\"font-weight: 400;\" aria-level=\"2\"><span style=\"font-weight: 400;\">Reserve online o por tel\u00e9fono, como si fuera una cita en persona.<\/span><span style=\"font-weight: 400;\"><br \/><\/span><\/li><li style=\"font-weight: 400;\" aria-level=\"2\"><span style=\"font-weight: 400;\">Elige un horario que funcione para ti.<\/span><\/li><\/ul><\/li><li style=\"font-weight: 400;\" aria-level=\"1\"><b>Conectarse de forma segura<\/b><ul><li style=\"font-weight: 400;\" aria-level=\"2\"><span style=\"font-weight: 400;\">Recibir\u00e1s un enlace privado a un <\/span><b>Plataforma de video segura y compatible con HIPAA<\/b><span style=\"font-weight: 400;\">.<\/span><span style=\"font-weight: 400;\"><br \/><\/span><\/li><li style=\"font-weight: 400;\" aria-level=\"2\"><span style=\"font-weight: 400;\">No se requiere ning\u00fan equipo especial: solo un tel\u00e9fono inteligente, una tableta o una computadora con c\u00e1mara.<\/span><\/li><\/ul><\/li><li style=\"font-weight: 400;\" aria-level=\"1\"><b>Cita virtual<\/b><ul><li style=\"font-weight: 400;\" aria-level=\"2\"><span style=\"font-weight: 400;\">Hable sobre los s\u00edntomas, revise los resultados de laboratorio, controle enfermedades cr\u00f3nicas u obtenga orientaci\u00f3n sobre bienestar.<\/span><span style=\"font-weight: 400;\"><br \/><\/span><\/li><li style=\"font-weight: 400;\" aria-level=\"2\"><span style=\"font-weight: 400;\">Su proveedor m\u00e9dico puede <\/span><b>Proporcionar asesoramiento m\u00e9dico, planes de tratamiento y recetas.<\/b><span style=\"font-weight: 400;\"> seg\u00fan corresponda.<\/span><\/li><\/ul><\/li><li style=\"font-weight: 400;\" aria-level=\"1\"><b>Seguimiento y Documentaci\u00f3n<\/b><b><br \/><\/b><ul><li style=\"font-weight: 400;\" aria-level=\"2\"><span style=\"font-weight: 400;\">Las notas de visitas y los planes de atenci\u00f3n se documentan en su historial m\u00e9dico.<\/span><span style=\"font-weight: 400;\"><br \/><\/span><\/li><\/ul><\/li><\/ol><p><span style=\"font-weight: 400;\">Puedes programar seguimientos <\/span><b>en persona o por telesalud<\/b><span style=\"font-weight: 400;\">.<\/span><span style=\"font-weight: 400;\"><br \/><\/span><\/p>\t\t\t\t\t\t\t\t<\/div>\n\t\t\t\t<\/div>\n\t\t\t\t<\/div>\n\t\t<div data-particle_enable=\"false\" data-particle-mobile-disabled=\"false\" class=\"elementor-element elementor-element-2ce0a0d e-con-full e-flex e-con e-child\" data-id=\"2ce0a0d\" data-element_type=\"container\">\n\t\t\t\t<div class=\"elementor-element elementor-element-0945a72 elementor-widget elementor-widget-image\" data-id=\"0945a72\" data-element_type=\"widget\" data-widget_type=\"image.default\">\n\t\t\t\t<div class=\"elementor-widget-container\">\n\t\t\t\t\t\t\t\t\t\t\t\t\t\t\t<img decoding=\"async\" width=\"1024\" height=\"683\" data-src=\"https:\/\/dynamicprimarycare.com\/wp-content\/uploads\/2026\/01\/WhatsApp-Image-2026-01-27-at-8.15.24-AM-1-1024x683.jpeg\" class=\"attachment-large size-large wp-image-2976 lazyload\" alt=\"\" data-srcset=\"https:\/\/dynamicprimarycare.com\/wp-content\/uploads\/2026\/01\/WhatsApp-Image-2026-01-27-at-8.15.24-AM-1-1024x683.jpeg 1024w, https:\/\/dynamicprimarycare.com\/wp-content\/uploads\/2026\/01\/WhatsApp-Image-2026-01-27-at-8.15.24-AM-1-300x200.jpeg 300w, https:\/\/dynamicprimarycare.com\/wp-content\/uploads\/2026\/01\/WhatsApp-Image-2026-01-27-at-8.15.24-AM-1-768x512.jpeg 768w, https:\/\/dynamicprimarycare.com\/wp-content\/uploads\/2026\/01\/WhatsApp-Image-2026-01-27-at-8.15.24-AM-1-1536x1024.jpeg 1536w, https:\/\/dynamicprimarycare.com\/wp-content\/uploads\/2026\/01\/WhatsApp-Image-2026-01-27-at-8.15.24-AM-1-18x12.jpeg 18w, https:\/\/dynamicprimarycare.com\/wp-content\/uploads\/2026\/01\/WhatsApp-Image-2026-01-27-at-8.15.24-AM-1.jpeg 1944w\" data-sizes=\"(max-width: 1024px) 100vw, 1024px\" src=\"data:image\/svg+xml;base64,PHN2ZyB3aWR0aD0iMSIgaGVpZ2h0PSIxIiB4bWxucz0iaHR0cDovL3d3dy53My5vcmcvMjAwMC9zdmciPjwvc3ZnPg==\" style=\"--smush-placeholder-width: 1024px; --smush-placeholder-aspect-ratio: 1024\/683;\" \/>\t\t\t\t\t\t\t\t\t\t\t\t\t\t\t<\/div>\n\t\t\t\t<\/div>\n\t\t\t\t<\/div>\n\t\t\t\t\t<\/div>\n\t\t\t\t<\/div>\n\t\t<div data-particle_enable=\"false\" data-particle-mobile-disabled=\"false\" class=\"elementor-element elementor-element-a646bc6 e-flex e-con-boxed e-con e-parent\" data-id=\"a646bc6\" data-element_type=\"container\" data-settings=\"{&quot;background_background&quot;:&quot;classic&quot;}\">\n\t\t\t\t\t<div class=\"e-con-inner\">\n\t\t<div data-particle_enable=\"false\" data-particle-mobile-disabled=\"false\" class=\"elementor-element elementor-element-f97bd7a e-con-full e-flex e-con e-child\" data-id=\"f97bd7a\" data-element_type=\"container\">\n\t\t\t\t<div class=\"elementor-element elementor-element-892dde1 elementor-widget elementor-widget-heading\" data-id=\"892dde1\" data-element_type=\"widget\" data-widget_type=\"heading.default\">\n\t\t\t\t<div class=\"elementor-widget-container\">\n\t\t\t\t\t<h4 class=\"elementor-heading-title elementor-size-default\">Para qu\u00e9 se puede utilizar la telesalud<\/h4>\t\t\t\t<\/div>\n\t\t\t\t<\/div>\n\t\t\t\t<div class=\"elementor-element elementor-element-b2f680c elementor-widget elementor-widget-text-editor\" data-id=\"b2f680c\" data-element_type=\"widget\" data-widget_type=\"text-editor.default\">\n\t\t\t\t<div class=\"elementor-widget-container\">\n\t\t\t\t\t\t\t\t\t<p><span style=\"font-weight: 400;\">La telesalud es ideal para:<\/span><\/p><ul><li style=\"list-style-type: none;\"><ul><li style=\"font-weight: 400;\" aria-level=\"1\"><span style=\"font-weight: 400;\">Seguimiento de rutina y manejo de enfermedades cr\u00f3nicas (presi\u00f3n arterial, diabetes, enfermedades card\u00edacas)<\/span><span style=\"font-weight: 400;\"><br \/><\/span><\/li><li style=\"font-weight: 400;\" aria-level=\"1\"><span style=\"font-weight: 400;\">Gesti\u00f3n de medicamentos y revisiones de recargas<\/span><span style=\"font-weight: 400;\"><br \/><\/span><\/li><li style=\"font-weight: 400;\" aria-level=\"1\"><span style=\"font-weight: 400;\">Controles de atenci\u00f3n preventiva y asesoramiento sobre bienestar<\/span><span style=\"font-weight: 400;\"><br \/><\/span><\/li><li style=\"font-weight: 400;\" aria-level=\"1\"><span style=\"font-weight: 400;\">Cuidados agudos menores (resfriado, gripe, infecciones leves)<\/span><span style=\"font-weight: 400;\"><br \/><\/span><\/li><li style=\"font-weight: 400;\" aria-level=\"1\"><span style=\"font-weight: 400;\">Revisi\u00f3n de laboratorio y discusi\u00f3n de resultados de pruebas<\/span><\/li><\/ul><\/li><\/ul><p><b>Nota:<\/b><span style=\"font-weight: 400;\"> Algunas afecciones requieren una evaluaci\u00f3n en persona para garantizar su seguridad y precisi\u00f3n. Su profesional m\u00e9dico le orientar\u00e1 si necesita una consulta.<\/span><\/p>\t\t\t\t\t\t\t\t<\/div>\n\t\t\t\t<\/div>\n\t\t\t\t<div class=\"elementor-element elementor-element-e97aebe elementor-widget elementor-widget-heading\" data-id=\"e97aebe\" data-element_type=\"widget\" data-widget_type=\"heading.default\">\n\t\t\t\t<div class=\"elementor-widget-container\">\n\t\t\t\t\t<h4 class=\"elementor-heading-title elementor-size-default\">Beneficios de la telesalud\n<\/h4>\t\t\t\t<\/div>\n\t\t\t\t<\/div>\n\t\t\t\t<div class=\"elementor-element elementor-element-355b0ca elementor-widget elementor-widget-text-editor\" data-id=\"355b0ca\" data-element_type=\"widget\" data-widget_type=\"text-editor.default\">\n\t\t\t\t<div class=\"elementor-widget-container\">\n\t\t\t\t\t\t\t\t\t<ul><li style=\"font-weight: 400;\" aria-level=\"1\"><b>Conveniencia:<\/b><span style=\"font-weight: 400;\"> Visita a tu proveedor sin desplazarte.<\/span><span style=\"font-weight: 400;\"><br \/><\/span><\/li><li style=\"font-weight: 400;\" aria-level=\"1\"><b>Ahorro de tiempo:<\/b><span style=\"font-weight: 400;\"> Visitas m\u00e1s cortas y menos esperas.<\/span><span style=\"font-weight: 400;\"><br \/><\/span><\/li><li style=\"font-weight: 400;\" aria-level=\"1\"><b>Seguridad:<\/b><span style=\"font-weight: 400;\"> Evite la exposici\u00f3n a enfermedades en las salas de espera.<\/span><\/li><li style=\"font-weight: 400;\" aria-level=\"1\"><b style=\"font-style: inherit;\">Continuidad:<\/b><span style=\"font-weight: 400;\"> Mantenga los cuidados regulares, incluso si viaja o est\u00e1 confinado en casa.<\/span><\/li><\/ul>\t\t\t\t\t\t\t\t<\/div>\n\t\t\t\t<\/div>\n\t\t\t\t<\/div>\n\t\t<div data-particle_enable=\"false\" data-particle-mobile-disabled=\"false\" class=\"elementor-element elementor-element-f9d1d52 e-con-full e-flex e-con e-child\" data-id=\"f9d1d52\" data-element_type=\"container\">\n\t\t\t\t<div class=\"elementor-element elementor-element-7a91df0 elementor-widget elementor-widget-image\" data-id=\"7a91df0\" data-element_type=\"widget\" data-widget_type=\"image.default\">\n\t\t\t\t<div class=\"elementor-widget-container\">\n\t\t\t\t\t\t\t\t\t\t\t\t\t\t\t<img decoding=\"async\" width=\"1024\" height=\"683\" data-src=\"https:\/\/dynamicprimarycare.com\/wp-content\/uploads\/2026\/01\/WhatsApp-Image-2026-01-27-at-8.13.33-AM-1-1024x683.jpeg\" class=\"attachment-large size-large wp-image-2977 lazyload\" alt=\"\" data-srcset=\"https:\/\/dynamicprimarycare.com\/wp-content\/uploads\/2026\/01\/WhatsApp-Image-2026-01-27-at-8.13.33-AM-1-1024x683.jpeg 1024w, https:\/\/dynamicprimarycare.com\/wp-content\/uploads\/2026\/01\/WhatsApp-Image-2026-01-27-at-8.13.33-AM-1-300x200.jpeg 300w, https:\/\/dynamicprimarycare.com\/wp-content\/uploads\/2026\/01\/WhatsApp-Image-2026-01-27-at-8.13.33-AM-1-768x512.jpeg 768w, https:\/\/dynamicprimarycare.com\/wp-content\/uploads\/2026\/01\/WhatsApp-Image-2026-01-27-at-8.13.33-AM-1-1536x1024.jpeg 1536w, https:\/\/dynamicprimarycare.com\/wp-content\/uploads\/2026\/01\/WhatsApp-Image-2026-01-27-at-8.13.33-AM-1-18x12.jpeg 18w, https:\/\/dynamicprimarycare.com\/wp-content\/uploads\/2026\/01\/WhatsApp-Image-2026-01-27-at-8.13.33-AM-1.jpeg 1680w\" data-sizes=\"(max-width: 1024px) 100vw, 1024px\" src=\"data:image\/svg+xml;base64,PHN2ZyB3aWR0aD0iMSIgaGVpZ2h0PSIxIiB4bWxucz0iaHR0cDovL3d3dy53My5vcmcvMjAwMC9zdmciPjwvc3ZnPg==\" style=\"--smush-placeholder-width: 1024px; --smush-placeholder-aspect-ratio: 1024\/683;\" \/>\t\t\t\t\t\t\t\t\t\t\t\t\t\t\t<\/div>\n\t\t\t\t<\/div>\n\t\t\t\t<\/div>\n\t\t\t\t\t<\/div>\n\t\t\t\t<\/div>\n\t\t<div data-particle_enable=\"false\" data-particle-mobile-disabled=\"false\" class=\"elementor-element elementor-element-66f46c6 e-flex e-con-boxed e-con e-parent\" data-id=\"66f46c6\" data-element_type=\"container\" data-settings=\"{&quot;background_background&quot;:&quot;classic&quot;}\">\n\t\t\t\t\t<div class=\"e-con-inner\">\n\t\t<div data-particle_enable=\"false\" data-particle-mobile-disabled=\"false\" class=\"elementor-element elementor-element-f935cad e-con-full e-flex e-con e-child\" data-id=\"f935cad\" data-element_type=\"container\">\n\t\t\t\t<div class=\"elementor-element elementor-element-fee2fbe elementor-widget elementor-widget-heading\" data-id=\"fee2fbe\" data-element_type=\"widget\" data-widget_type=\"heading.default\">\n\t\t\t\t<div class=\"elementor-widget-container\">\n\t\t\t\t\t<h4 class=\"elementor-heading-title elementor-size-default\">Pago por visitas de telesalud<\/h4>\t\t\t\t<\/div>\n\t\t\t\t<\/div>\n\t\t\t\t<div class=\"elementor-element elementor-element-01368e4 elementor-widget elementor-widget-text-editor\" data-id=\"01368e4\" data-element_type=\"widget\" data-widget_type=\"text-editor.default\">\n\t\t\t\t<div class=\"elementor-widget-container\">\n\t\t\t\t\t\t\t\t\t<p><span style=\"font-weight: 400;\">Las visitas de telesalud siguen las <\/span><b>mismo modelo de precios<\/b><span style=\"font-weight: 400;\"> como atenci\u00f3n en persona:<\/span><\/p><p><b>Afiliaci\u00f3n:<\/b><span style=\"font-weight: 400;\"> Incluido en su membres\u00eda mensual para telesalud y visitas en persona.<\/span><\/p><ul><li style=\"font-weight: 400;\" aria-level=\"1\"><b>Pago propio:<\/b><span style=\"font-weight: 400;\"> Pago por visita al momento de la confirmaci\u00f3n de la cita.<\/span><span style=\"font-weight: 400;\"><br \/><\/span><\/li><\/ul><p><span style=\"font-weight: 400;\">Los servicios de telesalud son <\/span><b>no facturado a Medicare<\/b><span style=\"font-weight: 400;\"> Si usted es beneficiario de Medicare, ya que esta pr\u00e1ctica ha optado por no participar en Medicare.<\/span><\/p>\t\t\t\t\t\t\t\t<\/div>\n\t\t\t\t<\/div>\n\t\t\t\t<div class=\"elementor-element elementor-element-648d3f3 elementor-widget elementor-widget-heading\" data-id=\"648d3f3\" data-element_type=\"widget\" data-widget_type=\"heading.default\">\n\t\t\t\t<div class=\"elementor-widget-container\">\n\t\t\t\t\t<h4 class=\"elementor-heading-title elementor-size-default\">C\u00f3mo empezar<\/h4>\t\t\t\t<\/div>\n\t\t\t\t<\/div>\n\t\t\t\t<div class=\"elementor-element elementor-element-e562a6f elementor-widget elementor-widget-text-editor\" data-id=\"e562a6f\" data-element_type=\"widget\" data-widget_type=\"text-editor.default\">\n\t\t\t\t<div class=\"elementor-widget-container\">\n\t\t\t\t\t\t\t\t\t<ol><li style=\"font-weight: 400;\" aria-level=\"1\"><span style=\"font-weight: 400;\">Ll\u00e1manos o programa en l\u00ednea.<\/span><span style=\"font-weight: 400;\"><br \/><\/span><\/li><li style=\"font-weight: 400;\" aria-level=\"1\"><span style=\"font-weight: 400;\">Reciba un enlace de telesalud seguro antes de su cita.<\/span><\/li><li style=\"font-weight: 400;\" aria-level=\"1\"><span style=\"font-weight: 400;\">Inicie sesi\u00f3n a la hora programada para una visita por video privada.<\/span><\/li><\/ol>\t\t\t\t\t\t\t\t<\/div>\n\t\t\t\t<\/div>\n\t\t\t\t<\/div>\n\t\t\t\t\t<\/div>\n\t\t\t\t<\/div>\n\t\t<div data-particle_enable=\"false\" data-particle-mobile-disabled=\"false\" class=\"elementor-element elementor-element-a564d59 e-flex e-con-boxed e-con e-parent\" data-id=\"a564d59\" data-element_type=\"container\" data-settings=\"{&quot;background_background&quot;:&quot;classic&quot;}\">\n\t\t\t\t\t<div class=\"e-con-inner\">\n\t\t<div data-particle_enable=\"false\" data-particle-mobile-disabled=\"false\" class=\"elementor-element elementor-element-52e65d3 e-con-full e-flex e-con e-child\" data-id=\"52e65d3\" data-element_type=\"container\">\n\t\t\t\t<div class=\"elementor-element elementor-element-b56c8c8 elementor-position-inline-start elementor-widget__width-auto elementor-widget-mobile__width-inherit elementor-view-default elementor-mobile-position-block-start elementor-widget elementor-widget-icon-box\" data-id=\"b56c8c8\" data-element_type=\"widget\" data-widget_type=\"icon-box.default\">\n\t\t\t\t<div class=\"elementor-widget-container\">\n\t\t\t\t\t\t\t<div class=\"elementor-icon-box-wrapper\">\n\n\t\t\t\t\t\t<div class=\"elementor-icon-box-icon\">\n\t\t\t\t<span  class=\"elementor-icon\">\n\t\t\t\t<i aria-hidden=\"true\" class=\"fas fa-map-marker-alt\"><\/i>\t\t\t\t<\/span>\n\t\t\t<\/div>\n\t\t\t\n\t\t\t\t\t\t<div class=\"elementor-icon-box-content\">\n\n\t\t\t\t\t\t\t\t\t<h4 class=\"elementor-icon-box-title\">\n\t\t\t\t\t\t<span  >\n\t\t\t\t\t\t\tDIRECCI\u00d3N\t\t\t\t\t\t<\/span>\n\t\t\t\t\t<\/h4>\n\t\t\t\t\n\t\t\t\t\t\t\t\t\t<p class=\"elementor-icon-box-description\">\n\t\t\t\t\t\t1405 SW 6th Ave, Ocala, FL 34471\t\t\t\t\t<\/p>\n\t\t\t\t\n\t\t\t<\/div>\n\t\t\t\n\t\t<\/div>\n\t\t\t\t\t\t<\/div>\n\t\t\t\t<\/div>\n\t\t\t\t<\/div>\n\t\t<div data-particle_enable=\"false\" data-particle-mobile-disabled=\"false\" class=\"elementor-element elementor-element-444cb99 e-con-full e-flex e-con e-child\" data-id=\"444cb99\" data-element_type=\"container\">\n\t\t\t\t<div class=\"elementor-element elementor-element-a5b7dd6 elementor-position-inline-start elementor-widget__width-auto elementor-widget-mobile__width-inherit elementor-view-default elementor-mobile-position-block-start elementor-widget elementor-widget-icon-box\" data-id=\"a5b7dd6\" data-element_type=\"widget\" data-widget_type=\"icon-box.default\">\n\t\t\t\t<div class=\"elementor-widget-container\">\n\t\t\t\t\t\t\t<div class=\"elementor-icon-box-wrapper\">\n\n\t\t\t\t\t\t<div class=\"elementor-icon-box-icon\">\n\t\t\t\t<span  class=\"elementor-icon\">\n\t\t\t\t<i aria-hidden=\"true\" class=\"fas fa-envelope\"><\/i>\t\t\t\t<\/span>\n\t\t\t<\/div>\n\t\t\t\n\t\t\t\t\t\t<div class=\"elementor-icon-box-content\">\n\n\t\t\t\t\t\t\t\t\t<h4 class=\"elementor-icon-box-title\">\n\t\t\t\t\t\t<span  >\n\t\t\t\t\t\t\tEnv\u00edenos un correo electr\u00f3nico\t\t\t\t\t\t<\/span>\n\t\t\t\t\t<\/h4>\n\t\t\t\t\n\t\t\t\t\t\t\t\t\t<p class=\"elementor-icon-box-description\">\n\t\t\t\t\t\tinfo@dynamicprimarycare.com\t\t\t\t\t<\/p>\n\t\t\t\t\n\t\t\t<\/div>\n\t\t\t\n\t\t<\/div>\n\t\t\t\t\t\t<\/div>\n\t\t\t\t<\/div>\n\t\t\t\t<\/div>\n\t\t\t\t\t<\/div>\n\t\t\t\t<\/div>\n\t\t\t\t<\/div>","protected":false},"excerpt":{"rendered":"<p>Telehealth at Dynamic Primary Care At Dynamic Primary Care, I offer convenient telehealth visits so you can access quality care from the comfort of your home or office. Telehealth allows you to meet with your medical provider virtually for many primary care needs\u2014without the need to travel. How Telehealth Works Schedule a Visit Book online [&hellip;]<\/p>","protected":false},"author":2,"featured_media":0,"parent":0,"menu_order":0,"comment_status":"closed","ping_status":"closed","template":"","meta":{"site-sidebar-layout":"no-sidebar","site-content-layout":"page-builder","ast-site-content-layout":"default","site-content-style":"default","site-sidebar-style":"default","ast-global-header-display":"","ast-banner-title-visibility":"","ast-main-header-display":"","ast-hfb-above-header-display":"","ast-hfb-below-header-display":"","ast-hfb-mobile-header-display":"","site-post-title":"disabled","ast-breadcrumbs-content":"","ast-featured-img":"disabled","footer-sml-layout":"","ast-disable-related-posts":"","theme-transparent-header-meta":"disabled","adv-header-id-meta":"","stick-header-meta":"","header-above-stick-meta":"","header-main-stick-meta":"","header-below-stick-meta":"","astra-migrate-meta-layouts":"default","ast-page-background-enabled":"default","ast-page-background-meta":{"desktop":{"background-color":"","background-image":"","background-repeat":"repeat","background-position":"center center","background-size":"auto","background-attachment":"scroll","background-type":"","background-media":"","overlay-type":"","overlay-color":"","overlay-opacity":"","overlay-gradient":""},"tablet":{"background-color":"","background-image":"","background-repeat":"repeat","background-position":"center center","background-size":"auto","background-attachment":"scroll","background-type":"","background-media":"","overlay-type":"","overlay-color":"","overlay-opacity":"","overlay-gradient":""},"mobile":{"background-color":"","background-image":"","background-repeat":"repeat","background-position":"center center","background-size":"auto","background-attachment":"scroll","background-type":"","background-media":"","overlay-type":"","overlay-color":"","overlay-opacity":"","overlay-gradient":""}},"ast-content-background-meta":{"desktop":{"background-color":"var(--ast-global-color-5)","background-image":"","background-repeat":"repeat","background-position":"center center","background-size":"auto","background-attachment":"scroll","background-type":"","background-media":"","overlay-type":"","overlay-color":"","overlay-opacity":"","overlay-gradient":""},"tablet":{"background-color":"var(--ast-global-color-5)","background-image":"","background-repeat":"repeat","background-position":"center center","background-size":"auto","background-attachment":"scroll","background-type":"","background-media":"","overlay-type":"","overlay-color":"","overlay-opacity":"","overlay-gradient":""},"mobile":{"background-color":"var(--ast-global-color-5)","background-image":"","background-repeat":"repeat","background-position":"center center","background-size":"auto","background-attachment":"scroll","background-type":"","background-media":"","overlay-type":"","overlay-color":"","overlay-opacity":"","overlay-gradient":""}},"_joinchat":[],"footnotes":""},"class_list":["post-2520","page","type-page","status-publish","hentry"],"_links":{"self":[{"href":"https:\/\/dynamicprimarycare.com\/es\/wp-json\/wp\/v2\/pages\/2520","targetHints":{"allow":["GET"]}}],"collection":[{"href":"https:\/\/dynamicprimarycare.com\/es\/wp-json\/wp\/v2\/pages"}],"about":[{"href":"https:\/\/dynamicprimarycare.com\/es\/wp-json\/wp\/v2\/types\/page"}],"author":[{"embeddable":true,"href":"https:\/\/dynamicprimarycare.com\/es\/wp-json\/wp\/v2\/users\/2"}],"replies":[{"embeddable":true,"href":"https:\/\/dynamicprimarycare.com\/es\/wp-json\/wp\/v2\/comments?post=2520"}],"version-history":[{"count":34,"href":"https:\/\/dynamicprimarycare.com\/es\/wp-json\/wp\/v2\/pages\/2520\/revisions"}],"predecessor-version":[{"id":3041,"href":"https:\/\/dynamicprimarycare.com\/es\/wp-json\/wp\/v2\/pages\/2520\/revisions\/3041"}],"wp:attachment":[{"href":"https:\/\/dynamicprimarycare.com\/es\/wp-json\/wp\/v2\/media?parent=2520"}],"curies":[{"name":"wp","href":"https:\/\/api.w.org\/{rel}","templated":true}]}}