{"id":2512,"date":"2026-01-14T16:25:05","date_gmt":"2026-01-14T21:25:05","guid":{"rendered":"https:\/\/dynamicprimarycare.com\/?page_id=2512"},"modified":"2026-02-14T23:30:54","modified_gmt":"2026-02-15T04:30:54","slug":"acute-care","status":"publish","type":"page","link":"https:\/\/dynamicprimarycare.com\/es\/acute-care\/","title":{"rendered":"Cuidados agudos"},"content":{"rendered":"<div data-elementor-type=\"wp-page\" data-elementor-id=\"2512\" class=\"elementor elementor-2512\" data-elementor-post-type=\"page\">\n\t\t\t\t<div data-particle_enable=\"false\" data-particle-mobile-disabled=\"false\" class=\"elementor-element elementor-element-d7a99c7 e-flex e-con-boxed e-con e-parent\" data-id=\"d7a99c7\" data-element_type=\"container\" data-settings=\"{&quot;background_background&quot;:&quot;classic&quot;}\">\n\t\t\t\t\t<div class=\"e-con-inner\">\n\t\t<div data-particle_enable=\"false\" data-particle-mobile-disabled=\"false\" class=\"elementor-element elementor-element-6330d5d e-con-full e-flex e-con e-child\" data-id=\"6330d5d\" data-element_type=\"container\">\n\t\t\t\t<div class=\"elementor-element elementor-element-9bab2eb elementor-widget elementor-widget-heading\" data-id=\"9bab2eb\" data-element_type=\"widget\" data-widget_type=\"heading.default\">\n\t\t\t\t<div class=\"elementor-widget-container\">\n\t\t\t\t\t<h2 class=\"elementor-heading-title elementor-size-default\">\u00bfQu\u00e9 son los servicios de cuidados agudos?<\/h2>\t\t\t\t<\/div>\n\t\t\t\t<\/div>\n\t\t\t\t<\/div>\n\t\t<div data-particle_enable=\"false\" data-particle-mobile-disabled=\"false\" class=\"elementor-element elementor-element-1a041c3 e-con-full e-flex e-con e-child\" data-id=\"1a041c3\" data-element_type=\"container\">\n\t\t\t\t<div class=\"elementor-element elementor-element-d982202 elementor-widget elementor-widget-image\" data-id=\"d982202\" data-element_type=\"widget\" data-widget_type=\"image.default\">\n\t\t\t\t<div class=\"elementor-widget-container\">\n\t\t\t\t\t\t\t\t\t\t\t\t\t\t\t<img fetchpriority=\"high\" decoding=\"async\" width=\"1024\" height=\"576\" src=\"https:\/\/dynamicprimarycare.com\/wp-content\/uploads\/2026\/01\/Contenido-Amplio-10-1024x576.png\" class=\"attachment-large size-large wp-image-2601\" alt=\"\" srcset=\"https:\/\/dynamicprimarycare.com\/wp-content\/uploads\/2026\/01\/Contenido-Amplio-10-1024x576.png 1024w, https:\/\/dynamicprimarycare.com\/wp-content\/uploads\/2026\/01\/Contenido-Amplio-10-300x169.png 300w, https:\/\/dynamicprimarycare.com\/wp-content\/uploads\/2026\/01\/Contenido-Amplio-10-768x432.png 768w, https:\/\/dynamicprimarycare.com\/wp-content\/uploads\/2026\/01\/Contenido-Amplio-10-1536x864.png 1536w, https:\/\/dynamicprimarycare.com\/wp-content\/uploads\/2026\/01\/Contenido-Amplio-10.png 1920w\" sizes=\"(max-width: 1024px) 100vw, 1024px\" \/>\t\t\t\t\t\t\t\t\t\t\t\t\t\t\t<\/div>\n\t\t\t\t<\/div>\n\t\t\t\t<\/div>\n\t\t\t\t\t<\/div>\n\t\t\t\t<\/div>\n\t\t<div data-particle_enable=\"false\" data-particle-mobile-disabled=\"false\" class=\"elementor-element elementor-element-0fe1d98 e-flex e-con-boxed e-con e-parent\" data-id=\"0fe1d98\" data-element_type=\"container\" data-settings=\"{&quot;background_background&quot;:&quot;classic&quot;}\">\n\t\t\t\t\t<div class=\"e-con-inner\">\n\t\t<div data-particle_enable=\"false\" data-particle-mobile-disabled=\"false\" class=\"elementor-element elementor-element-416c709 e-con-full e-flex e-con e-child\" data-id=\"416c709\" data-element_type=\"container\">\n\t\t\t\t<div class=\"elementor-element elementor-element-c307e97 elementor-widget elementor-widget-text-editor\" data-id=\"c307e97\" data-element_type=\"widget\" data-widget_type=\"text-editor.default\">\n\t\t\t\t<div class=\"elementor-widget-container\">\n\t\t\t\t\t\t\t\t\t<p>La atenci\u00f3n aguda se refiere al tratamiento inmediato y a corto plazo de un problema de salud nuevo o de r\u00e1pida evoluci\u00f3n. Se trata de afecciones que requieren atenci\u00f3n inmediata, pero que no constituyen emergencias potencialmente mortales.<br \/>Nuestro proveedor ofrece citas oportunas para ayudarlo a sentirse mejor r\u00e1pidamente y prevenir complicaciones.<br \/>Nuestro objetivo es diagnosticar y tratar su condici\u00f3n r\u00e1pidamente para que pueda regresar a su rutina diaria lo antes posible.<\/p>\t\t\t\t\t\t\t\t<\/div>\n\t\t\t\t<\/div>\n\t\t\t\t<div class=\"elementor-element elementor-element-bb5f348 elementor-widget elementor-widget-heading\" data-id=\"bb5f348\" data-element_type=\"widget\" data-widget_type=\"heading.default\">\n\t\t\t\t<div class=\"elementor-widget-container\">\n\t\t\t\t\t<h4 class=\"elementor-heading-title elementor-size-default\">Qu\u00e9 esperar durante una visita de cuidados intensivos\n<\/h4>\t\t\t\t<\/div>\n\t\t\t\t<\/div>\n\t\t\t\t<div class=\"elementor-element elementor-element-9a2cffc elementor-widget elementor-widget-text-editor\" data-id=\"9a2cffc\" data-element_type=\"widget\" data-widget_type=\"text-editor.default\">\n\t\t\t\t<div class=\"elementor-widget-container\">\n\t\t\t\t\t\t\t\t\t<p>Cuando venga a una cita de atenci\u00f3n aguda, nuestro proveedor har\u00e1 lo siguiente:<\/p><ul><li>Eval\u00faa tus s\u00edntomas<\/li><li>Proporcionar tratamiento inmediato o recetar medicamentos.<\/li><li>Solicitar im\u00e1genes o an\u00e1lisis de laboratorio seg\u00fan sea necesario<\/li><li>Recomendar atenci\u00f3n de seguimiento o derivaci\u00f3n a un especialista si es necesario<\/li><\/ul>\t\t\t\t\t\t\t\t<\/div>\n\t\t\t\t<\/div>\n\t\t\t\t<div class=\"elementor-element elementor-element-33fea02 elementor-widget elementor-widget-heading\" data-id=\"33fea02\" data-element_type=\"widget\" data-widget_type=\"heading.default\">\n\t\t\t\t<div class=\"elementor-widget-container\">\n\t\t\t\t\t<h4 class=\"elementor-heading-title elementor-size-default\">Ofrecemos atenci\u00f3n el mismo d\u00eda o al d\u00eda siguiente para problemas como:\n<\/h4>\t\t\t\t<\/div>\n\t\t\t\t<\/div>\n\t\t\t\t<div class=\"elementor-element elementor-element-4e0f7bc elementor-widget elementor-widget-text-editor\" data-id=\"4e0f7bc\" data-element_type=\"widget\" data-widget_type=\"text-editor.default\">\n\t\t\t\t<div class=\"elementor-widget-container\">\n\t\t\t\t\t\t\t\t\t<p>Enfermedades:<\/p><ul><li>S\u00edntomas de resfriado y gripe, Covid-19<\/li><li>Dolor de garganta o faringitis estreptoc\u00f3cica<\/li><li>Infecciones de o\u00eddo<\/li><li>Infecciones de los senos paranasales<\/li><li>Fiebre<\/li><li>N\u00e1useas, v\u00f3mitos o diarrea<\/li><li>Infecciones del tracto urinario (ITU)<\/li><li>Infecciones respiratorias<\/li><\/ul>\t\t\t\t\t\t\t\t<\/div>\n\t\t\t\t<\/div>\n\t\t\t\t<\/div>\n\t\t\t\t\t<\/div>\n\t\t\t\t<\/div>\n\t\t<div data-particle_enable=\"false\" data-particle-mobile-disabled=\"false\" class=\"elementor-element elementor-element-57a8b6c e-flex e-con-boxed e-con e-parent\" data-id=\"57a8b6c\" data-element_type=\"container\">\n\t\t\t\t\t<div class=\"e-con-inner\">\n\t\t<div data-particle_enable=\"false\" data-particle-mobile-disabled=\"false\" class=\"elementor-element elementor-element-d587a72 e-con-full e-flex e-con e-child\" data-id=\"d587a72\" data-element_type=\"container\">\n\t\t\t\t<div class=\"elementor-element elementor-element-f4d3438 elementor-widget elementor-widget-heading\" data-id=\"f4d3438\" data-element_type=\"widget\" data-widget_type=\"heading.default\">\n\t\t\t\t<div class=\"elementor-widget-container\">\n\t\t\t\t\t<h4 class=\"elementor-heading-title elementor-size-default\">Cu\u00e1ndo utilizar los servicios de emergencia\n<\/h4>\t\t\t\t<\/div>\n\t\t\t\t<\/div>\n\t\t\t\t<div class=\"elementor-element elementor-element-5a86ed1 elementor-widget elementor-widget-text-editor\" data-id=\"5a86ed1\" data-element_type=\"widget\" data-widget_type=\"text-editor.default\">\n\t\t\t\t<div class=\"elementor-widget-container\">\n\t\t\t\t\t\t\t\t\t<p>Para problemas que ponen en peligro la vida, como dolor en el pecho, dificultad para respirar, sangrado grave, lesiones importantes o signos de accidente cerebrovascular, llame al 911 o acuda inmediatamente a la sala de emergencias m\u00e1s cercana.<\/p>\t\t\t\t\t\t\t\t<\/div>\n\t\t\t\t<\/div>\n\t\t\t\t<\/div>\n\t\t<div data-particle_enable=\"false\" data-particle-mobile-disabled=\"false\" class=\"elementor-element elementor-element-b2fc7f3 e-con-full e-flex e-con e-child\" data-id=\"b2fc7f3\" data-element_type=\"container\">\n\t\t\t\t<div class=\"elementor-element elementor-element-560fa42 elementor-widget elementor-widget-image\" data-id=\"560fa42\" data-element_type=\"widget\" data-widget_type=\"image.default\">\n\t\t\t\t<div class=\"elementor-widget-container\">\n\t\t\t\t\t\t\t\t\t\t\t\t\t\t\t<img decoding=\"async\" width=\"365\" height=\"271\" data-src=\"https:\/\/dynamicprimarycare.com\/wp-content\/uploads\/2026\/01\/Captura-de-pantalla-2026-01-22-101938.png\" class=\"attachment-large size-large wp-image-2608 lazyload\" alt=\"\" data-srcset=\"https:\/\/dynamicprimarycare.com\/wp-content\/uploads\/2026\/01\/Captura-de-pantalla-2026-01-22-101938.png 365w, https:\/\/dynamicprimarycare.com\/wp-content\/uploads\/2026\/01\/Captura-de-pantalla-2026-01-22-101938-300x223.png 300w\" data-sizes=\"(max-width: 365px) 100vw, 365px\" src=\"data:image\/svg+xml;base64,PHN2ZyB3aWR0aD0iMSIgaGVpZ2h0PSIxIiB4bWxucz0iaHR0cDovL3d3dy53My5vcmcvMjAwMC9zdmciPjwvc3ZnPg==\" style=\"--smush-placeholder-width: 365px; --smush-placeholder-aspect-ratio: 365\/271;\" \/>\t\t\t\t\t\t\t\t\t\t\t\t\t\t\t<\/div>\n\t\t\t\t<\/div>\n\t\t\t\t<\/div>\n\t\t\t\t\t<\/div>\n\t\t\t\t<\/div>\n\t\t<div data-particle_enable=\"false\" data-particle-mobile-disabled=\"false\" class=\"elementor-element elementor-element-a564d59 e-flex e-con-boxed e-con e-parent\" data-id=\"a564d59\" data-element_type=\"container\" data-settings=\"{&quot;background_background&quot;:&quot;classic&quot;}\">\n\t\t\t\t\t<div class=\"e-con-inner\">\n\t\t<div data-particle_enable=\"false\" data-particle-mobile-disabled=\"false\" class=\"elementor-element elementor-element-52e65d3 e-con-full e-flex e-con e-child\" data-id=\"52e65d3\" data-element_type=\"container\">\n\t\t\t\t<div class=\"elementor-element elementor-element-b56c8c8 elementor-position-inline-start elementor-widget__width-auto elementor-widget-mobile__width-inherit elementor-view-default elementor-mobile-position-block-start elementor-widget elementor-widget-icon-box\" data-id=\"b56c8c8\" data-element_type=\"widget\" data-widget_type=\"icon-box.default\">\n\t\t\t\t<div class=\"elementor-widget-container\">\n\t\t\t\t\t\t\t<div class=\"elementor-icon-box-wrapper\">\n\n\t\t\t\t\t\t<div class=\"elementor-icon-box-icon\">\n\t\t\t\t<span  class=\"elementor-icon\">\n\t\t\t\t<i aria-hidden=\"true\" class=\"fas fa-map-marker-alt\"><\/i>\t\t\t\t<\/span>\n\t\t\t<\/div>\n\t\t\t\n\t\t\t\t\t\t<div class=\"elementor-icon-box-content\">\n\n\t\t\t\t\t\t\t\t\t<h4 class=\"elementor-icon-box-title\">\n\t\t\t\t\t\t<span  >\n\t\t\t\t\t\t\tDIRECCI\u00d3N\t\t\t\t\t\t<\/span>\n\t\t\t\t\t<\/h4>\n\t\t\t\t\n\t\t\t\t\t\t\t\t\t<p class=\"elementor-icon-box-description\">\n\t\t\t\t\t\t1405 SW 6th Ave, Ocala, FL 34471\t\t\t\t\t<\/p>\n\t\t\t\t\n\t\t\t<\/div>\n\t\t\t\n\t\t<\/div>\n\t\t\t\t\t\t<\/div>\n\t\t\t\t<\/div>\n\t\t\t\t<\/div>\n\t\t<div data-particle_enable=\"false\" data-particle-mobile-disabled=\"false\" class=\"elementor-element elementor-element-444cb99 e-con-full e-flex e-con e-child\" data-id=\"444cb99\" data-element_type=\"container\">\n\t\t\t\t<div class=\"elementor-element elementor-element-a5b7dd6 elementor-position-inline-start elementor-widget__width-auto elementor-widget-mobile__width-inherit elementor-view-default elementor-mobile-position-block-start elementor-widget elementor-widget-icon-box\" data-id=\"a5b7dd6\" data-element_type=\"widget\" data-widget_type=\"icon-box.default\">\n\t\t\t\t<div class=\"elementor-widget-container\">\n\t\t\t\t\t\t\t<div class=\"elementor-icon-box-wrapper\">\n\n\t\t\t\t\t\t<div class=\"elementor-icon-box-icon\">\n\t\t\t\t<span  class=\"elementor-icon\">\n\t\t\t\t<i aria-hidden=\"true\" class=\"fas fa-envelope\"><\/i>\t\t\t\t<\/span>\n\t\t\t<\/div>\n\t\t\t\n\t\t\t\t\t\t<div class=\"elementor-icon-box-content\">\n\n\t\t\t\t\t\t\t\t\t<h4 class=\"elementor-icon-box-title\">\n\t\t\t\t\t\t<span  >\n\t\t\t\t\t\t\tEnv\u00edenos un correo electr\u00f3nico\t\t\t\t\t\t<\/span>\n\t\t\t\t\t<\/h4>\n\t\t\t\t\n\t\t\t\t\t\t\t\t\t<p class=\"elementor-icon-box-description\">\n\t\t\t\t\t\tinfo@dynamicprimarycare.com\t\t\t\t\t<\/p>\n\t\t\t\t\n\t\t\t<\/div>\n\t\t\t\n\t\t<\/div>\n\t\t\t\t\t\t<\/div>\n\t\t\t\t<\/div>\n\t\t\t\t<\/div>\n\t\t\t\t\t<\/div>\n\t\t\t\t<\/div>\n\t\t\t\t<\/div>","protected":false},"excerpt":{"rendered":"<p>What Are Acute Care Services? Acute care refers to the immediate, short-term treatment of a new or rapidly developing health problem. These are conditions that need attention soon but are not life-threatening emergencies.Our provider offers timely appointments to help you feel better quickly and prevent complications.Our goal is to diagnose and treat your condition quickly [&hellip;]<\/p>","protected":false},"author":2,"featured_media":0,"parent":0,"menu_order":0,"comment_status":"closed","ping_status":"closed","template":"","meta":{"site-sidebar-layout":"no-sidebar","site-content-layout":"page-builder","ast-site-content-layout":"default","site-content-style":"default","site-sidebar-style":"default","ast-global-header-display":"","ast-banner-title-visibility":"","ast-main-header-display":"","ast-hfb-above-header-display":"","ast-hfb-below-header-display":"","ast-hfb-mobile-header-display":"","site-post-title":"disabled","ast-breadcrumbs-content":"","ast-featured-img":"disabled","footer-sml-layout":"","ast-disable-related-posts":"","theme-transparent-header-meta":"disabled","adv-header-id-meta":"","stick-header-meta":"","header-above-stick-meta":"","header-main-stick-meta":"","header-below-stick-meta":"","astra-migrate-meta-layouts":"default","ast-page-background-enabled":"default","ast-page-background-meta":{"desktop":{"background-color":"","background-image":"","background-repeat":"repeat","background-position":"center center","background-size":"auto","background-attachment":"scroll","background-type":"","background-media":"","overlay-type":"","overlay-color":"","overlay-opacity":"","overlay-gradient":""},"tablet":{"background-color":"","background-image":"","background-repeat":"repeat","background-position":"center center","background-size":"auto","background-attachment":"scroll","background-type":"","background-media":"","overlay-type":"","overlay-color":"","overlay-opacity":"","overlay-gradient":""},"mobile":{"background-color":"","background-image":"","background-repeat":"repeat","background-position":"center center","background-size":"auto","background-attachment":"scroll","background-type":"","background-media":"","overlay-type":"","overlay-color":"","overlay-opacity":"","overlay-gradient":""}},"ast-content-background-meta":{"desktop":{"background-color":"var(--ast-global-color-5)","background-image":"","background-repeat":"repeat","background-position":"center center","background-size":"auto","background-attachment":"scroll","background-type":"","background-media":"","overlay-type":"","overlay-color":"","overlay-opacity":"","overlay-gradient":""},"tablet":{"background-color":"var(--ast-global-color-5)","background-image":"","background-repeat":"repeat","background-position":"center center","background-size":"auto","background-attachment":"scroll","background-type":"","background-media":"","overlay-type":"","overlay-color":"","overlay-opacity":"","overlay-gradient":""},"mobile":{"background-color":"var(--ast-global-color-5)","background-image":"","background-repeat":"repeat","background-position":"center center","background-size":"auto","background-attachment":"scroll","background-type":"","background-media":"","overlay-type":"","overlay-color":"","overlay-opacity":"","overlay-gradient":""}},"_joinchat":[],"footnotes":""},"class_list":["post-2512","page","type-page","status-publish","hentry"],"_links":{"self":[{"href":"https:\/\/dynamicprimarycare.com\/es\/wp-json\/wp\/v2\/pages\/2512","targetHints":{"allow":["GET"]}}],"collection":[{"href":"https:\/\/dynamicprimarycare.com\/es\/wp-json\/wp\/v2\/pages"}],"about":[{"href":"https:\/\/dynamicprimarycare.com\/es\/wp-json\/wp\/v2\/types\/page"}],"author":[{"embeddable":true,"href":"https:\/\/dynamicprimarycare.com\/es\/wp-json\/wp\/v2\/users\/2"}],"replies":[{"embeddable":true,"href":"https:\/\/dynamicprimarycare.com\/es\/wp-json\/wp\/v2\/comments?post=2512"}],"version-history":[{"count":31,"href":"https:\/\/dynamicprimarycare.com\/es\/wp-json\/wp\/v2\/pages\/2512\/revisions"}],"predecessor-version":[{"id":3008,"href":"https:\/\/dynamicprimarycare.com\/es\/wp-json\/wp\/v2\/pages\/2512\/revisions\/3008"}],"wp:attachment":[{"href":"https:\/\/dynamicprimarycare.com\/es\/wp-json\/wp\/v2\/media?parent=2512"}],"curies":[{"name":"wp","href":"https:\/\/api.w.org\/{rel}","templated":true}]}}