{"id":25,"date":"2025-12-29T11:03:01","date_gmt":"2025-12-29T16:03:01","guid":{"rendered":"http:\/\/dynamicprimarycare.com\/?page_id=25"},"modified":"2026-01-22T12:31:40","modified_gmt":"2026-01-22T17:31:40","slug":"disclaimer","status":"publish","type":"page","link":"https:\/\/dynamicprimarycare.com\/es\/disclaimer\/","title":{"rendered":"Descargo de responsabilidad"},"content":{"rendered":"<div data-elementor-type=\"wp-page\" data-elementor-id=\"25\" class=\"elementor elementor-25\" data-elementor-post-type=\"page\">\n\t\t\t\t<div data-particle_enable=\"false\" data-particle-mobile-disabled=\"false\" class=\"elementor-element elementor-element-55d54cf7 e-flex e-con-boxed e-con e-parent\" data-id=\"55d54cf7\" data-element_type=\"container\">\n\t\t\t\t\t<div class=\"e-con-inner\">\n\t\t\t\t<div class=\"elementor-element elementor-element-4d271634 elementor-widget elementor-widget-text-editor\" data-id=\"4d271634\" data-element_type=\"widget\" data-widget_type=\"text-editor.default\">\n\t\t\t\t<div class=\"elementor-widget-container\">\n\t\t\t\t\t\t\t\t\t<p>Descargo de responsabilidad<\/p><p>\u00daltima actualizaci\u00f3n: 22 de enero de 2026<\/p><p>Interpretaci\u00f3n y definiciones<\/p><p>Interpretaci\u00f3n<\/p><p>Las palabras cuya letra inicial est\u00e1 en may\u00fascula tienen significados definidos en las siguientes condiciones. Las siguientes definiciones tendr\u00e1n el mismo significado independientemente de si aparecen en singular o en plural.<\/p><p>Definiciones<\/p><p>A los efectos de este descargo de responsabilidad:<\/p><p>La empresa (a la que en este descargo de responsabilidad se hace referencia como \u201cla empresa\u201d, \u201cnosotros\u201d, \u201cnos\u201d o \u201cnuestro\u201d) se refiere a Dynamic Primary Care.<br \/>El servicio se refiere al sitio web.<br \/>Usted significa el individuo que accede al Servicio, o la empresa, u otra entidad legal en nombre de la cual dicho individuo accede o utiliza el Servicio, seg\u00fan corresponda.<br \/>El sitio web se refiere a Dynamic Primary Care, accesible desde dynamicprimarycare.com<\/p><p>Descargo de responsabilidad<\/p><p>La informaci\u00f3n contenida en el Servicio es s\u00f3lo para fines de informaci\u00f3n general.<\/p><p>La Compa\u00f1\u00eda no asume ninguna responsabilidad por errores u omisiones en el contenido del Servicio.<\/p><p>En ning\u00fan caso la Compa\u00f1\u00eda ser\u00e1 responsable de ning\u00fan da\u00f1o especial, directo, indirecto, consecuente o incidental, ni de ning\u00fan otro da\u00f1o, ya sea por acci\u00f3n contractual, negligencia u otro agravio, que surja de o est\u00e9 relacionado con el uso del Servicio o su contenido. La Compa\u00f1\u00eda se reserva el derecho de realizar adiciones, eliminaciones o modificaciones al contenido del Servicio en cualquier momento sin previo aviso.<\/p><p>La Compa\u00f1\u00eda no garantiza que el Servicio est\u00e9 libre de virus u otros componentes da\u00f1inos.<\/p><p>Aviso legal sobre informaci\u00f3n m\u00e9dica<\/p><p>La informaci\u00f3n sobre salud proporcionada por el Servicio no pretende diagnosticar, tratar, curar ni prevenir enfermedades. Los productos, servicios, informaci\u00f3n y dem\u00e1s contenido proporcionados por el Servicio, incluida la informaci\u00f3n con enlaces a sitios web de terceros, se proporcionan \u00fanicamente con fines informativos.<\/p><p>La informaci\u00f3n ofrecida por el Servicio no es exhaustiva y no cubre todas las enfermedades, dolencias, condiciones f\u00edsicas o su tratamiento.<\/p><p>Cada persona es diferente y puede reaccionar de forma distinta a distintos productos. Los comentarios realizados en el Servicio por empleados u otros usuarios son estrictamente sus opiniones personales y no constituyen afirmaciones de la Empresa ni representan su postura o punto de vista.<\/p><p>La Compa\u00f1\u00eda no es responsable de ninguna informaci\u00f3n proporcionada por el Servicio con respecto a recomendaciones sobre suplementos para cualquier prop\u00f3sito de salud.<\/p><p>La Compa\u00f1\u00eda no ofrece garant\u00eda alguna con respecto a los productos o servicios vendidos. La Compa\u00f1\u00eda no se responsabiliza de ning\u00fan da\u00f1o causado por la informaci\u00f3n o los servicios proporcionados, incluso si se le ha advertido de la posibilidad de da\u00f1os.<\/p><p>Descargo de responsabilidad sobre enlaces externos<\/p><p>El Servicio puede contener enlaces a sitios web externos que no son proporcionados ni mantenidos por la Compa\u00f1\u00eda ni est\u00e1n afiliados de ninguna manera con ella.<\/p><p>Tenga en cuenta que la Compa\u00f1\u00eda no garantiza la exactitud, relevancia, actualidad o integridad de la informaci\u00f3n en estos sitios web externos.<\/p><p>Descargo de responsabilidad por errores y omisiones<\/p><p>La informaci\u00f3n proporcionada por el Servicio es solo una gu\u00eda general sobre asuntos de inter\u00e9s. Si bien la Compa\u00f1\u00eda toma todas las precauciones para garantizar que el contenido del Servicio sea actual y preciso, pueden producirse errores. Adem\u00e1s, dada la naturaleza cambiante de las leyes, normas y regulaciones, puede haber retrasos, omisiones o inexactitudes en la informaci\u00f3n contenida en el Servicio.<\/p><p>La Compa\u00f1\u00eda no es responsable de ning\u00fan error u omisi\u00f3n, ni de los resultados obtenidos del uso de esta informaci\u00f3n.<\/p><p>Descargo de responsabilidad por uso leg\u00edtimo<\/p><p>La Compa\u00f1\u00eda puede utilizar material protegido por derechos de autor que no siempre haya sido autorizado espec\u00edficamente por el titular de los derechos. La Compa\u00f1\u00eda pone dicho material a disposici\u00f3n para fines de cr\u00edtica, comentarios, periodismo, docencia, becas o investigaci\u00f3n.<\/p><p>La Compa\u00f1\u00eda cree que esto constituye un \u201cuso justo\u201d de cualquier material protegido por derechos de autor seg\u00fan lo dispuesto en la secci\u00f3n 107 de la Ley de Derechos de Autor de los Estados Unidos.<\/p><p>Si desea utilizar material protegido por derechos de autor del Servicio para sus propios fines que vayan m\u00e1s all\u00e1 del uso justo, deber\u00e1 obtener el permiso del propietario de los derechos de autor.<\/p><p>Descargo de responsabilidad sobre opiniones expresadas<\/p><p>El Servicio puede contener puntos de vista y opiniones que son los de los autores y no necesariamente reflejan la pol\u00edtica o posici\u00f3n oficial de ning\u00fan otro autor, agencia, organizaci\u00f3n, empleador o empresa, incluida la Compa\u00f1\u00eda.<\/p><p>Los comentarios publicados por los usuarios son de su exclusiva responsabilidad, y asumir\u00e1n toda la responsabilidad y responsabilidad por cualquier difamaci\u00f3n o litigio que resulte de algo escrito en un comentario o como consecuencia directa de ello. La Empresa no se responsabiliza de ning\u00fan comentario publicado por los usuarios y se reserva el derecho de eliminar cualquier comentario por cualquier motivo.<\/p><p>Descargo de responsabilidad sin responsabilidad<\/p><p>La informaci\u00f3n del Servicio se proporciona en el entendido de que la Compa\u00f1\u00eda no presta asesoramiento ni servicios profesionales en materia legal, contable, fiscal ni de ning\u00fan otro tipo. Por lo tanto, no debe utilizarse como sustituto de la consulta con asesores profesionales contables, fiscales, legales ni de otro tipo.<\/p><p>En ning\u00fan caso la Compa\u00f1\u00eda o sus proveedores ser\u00e1n responsables de ning\u00fan da\u00f1o especial, incidental, indirecto o consecuente que surja de o en conexi\u00f3n con su acceso o uso o incapacidad de acceder o usar el Servicio.<\/p><p>\u201cDescargo de responsabilidad \u201d\u00daselo bajo su propio riesgo\u201d<\/p><p>Toda la informaci\u00f3n contenida en el Servicio se proporciona \u201ctal cual\u201d, sin garant\u00eda de integridad, exactitud, puntualidad o de los resultados obtenidos del uso de esta informaci\u00f3n, y sin garant\u00eda de ning\u00fan tipo, expresa o impl\u00edcita, incluidas, entre otras, las garant\u00edas de rendimiento, comerciabilidad e idoneidad para un prop\u00f3sito particular.<\/p><p>La Compa\u00f1\u00eda no ser\u00e1 responsable ante Usted ni ante ninguna otra persona por ninguna decisi\u00f3n tomada o acci\u00f3n realizada bas\u00e1ndose en la informaci\u00f3n proporcionada por el Servicio o por cualquier da\u00f1o consecuente, especial o similar, incluso si se le advierte de la posibilidad de dichos da\u00f1os.<\/p><p>Cont\u00e1ctenos<\/p><p>Si tiene alguna pregunta sobre este Descargo de responsabilidad, puede contactarnos:<\/p><p>Al visitar esta p\u00e1gina en nuestro sitio web: dynamicprimarycare.com<\/p>\t\t\t\t\t\t\t\t<\/div>\n\t\t\t\t<\/div>\n\t\t\t\t\t<\/div>\n\t\t\t\t<\/div>\n\t\t\t\t<\/div>","protected":false},"excerpt":{"rendered":"<p>Disclaimer Last updated: January 22, 2026 Interpretation and Definitions Interpretation The words of which the initial letter is capitalized have meanings defined under the following conditions. The following definitions shall have the same meaning regardless of whether they appear in singular or in plural. Definitions For the purposes of this Disclaimer: Company (referred to as [&hellip;]<\/p>","protected":false},"author":2,"featured_media":0,"parent":0,"menu_order":0,"comment_status":"closed","ping_status":"closed","template":"","meta":{"site-sidebar-layout":"default","site-content-layout":"","ast-site-content-layout":"default","site-content-style":"default","site-sidebar-style":"default","ast-global-header-display":"","ast-banner-title-visibility":"","ast-main-header-display":"","ast-hfb-above-header-display":"","ast-hfb-below-header-display":"","ast-hfb-mobile-header-display":"","site-post-title":"","ast-breadcrumbs-content":"","ast-featured-img":"","footer-sml-layout":"","ast-disable-related-posts":"","theme-transparent-header-meta":"","adv-header-id-meta":"","stick-header-meta":"","header-above-stick-meta":"","header-main-stick-meta":"","header-below-stick-meta":"","astra-migrate-meta-layouts":"default","ast-page-background-enabled":"default","ast-page-background-meta":{"desktop":{"background-color":"","background-image":"","background-repeat":"repeat","background-position":"center center","background-size":"auto","background-attachment":"scroll","background-type":"","background-media":"","overlay-type":"","overlay-color":"","overlay-opacity":"","overlay-gradient":""},"tablet":{"background-color":"","background-image":"","background-repeat":"repeat","background-position":"center center","background-size":"auto","background-attachment":"scroll","background-type":"","background-media":"","overlay-type":"","overlay-color":"","overlay-opacity":"","overlay-gradient":""},"mobile":{"background-color":"","background-image":"","background-repeat":"repeat","background-position":"center center","background-size":"auto","background-attachment":"scroll","background-type":"","background-media":"","overlay-type":"","overlay-color":"","overlay-opacity":"","overlay-gradient":""}},"ast-content-background-meta":{"desktop":{"background-color":"var(--ast-global-color-5)","background-image":"","background-repeat":"repeat","background-position":"center center","background-size":"auto","background-attachment":"scroll","background-type":"","background-media":"","overlay-type":"","overlay-color":"","overlay-opacity":"","overlay-gradient":""},"tablet":{"background-color":"var(--ast-global-color-5)","background-image":"","background-repeat":"repeat","background-position":"center center","background-size":"auto","background-attachment":"scroll","background-type":"","background-media":"","overlay-type":"","overlay-color":"","overlay-opacity":"","overlay-gradient":""},"mobile":{"background-color":"var(--ast-global-color-5)","background-image":"","background-repeat":"repeat","background-position":"center center","background-size":"auto","background-attachment":"scroll","background-type":"","background-media":"","overlay-type":"","overlay-color":"","overlay-opacity":"","overlay-gradient":""}},"_joinchat":[],"footnotes":""},"class_list":["post-25","page","type-page","status-publish","hentry"],"_links":{"self":[{"href":"https:\/\/dynamicprimarycare.com\/es\/wp-json\/wp\/v2\/pages\/25","targetHints":{"allow":["GET"]}}],"collection":[{"href":"https:\/\/dynamicprimarycare.com\/es\/wp-json\/wp\/v2\/pages"}],"about":[{"href":"https:\/\/dynamicprimarycare.com\/es\/wp-json\/wp\/v2\/types\/page"}],"author":[{"embeddable":true,"href":"https:\/\/dynamicprimarycare.com\/es\/wp-json\/wp\/v2\/users\/2"}],"replies":[{"embeddable":true,"href":"https:\/\/dynamicprimarycare.com\/es\/wp-json\/wp\/v2\/comments?post=25"}],"version-history":[{"count":14,"href":"https:\/\/dynamicprimarycare.com\/es\/wp-json\/wp\/v2\/pages\/25\/revisions"}],"predecessor-version":[{"id":2789,"href":"https:\/\/dynamicprimarycare.com\/es\/wp-json\/wp\/v2\/pages\/25\/revisions\/2789"}],"wp:attachment":[{"href":"https:\/\/dynamicprimarycare.com\/es\/wp-json\/wp\/v2\/media?parent=25"}],"curies":[{"name":"wp","href":"https:\/\/api.w.org\/{rel}","templated":true}]}}