{"id":2468,"date":"2026-01-14T15:58:50","date_gmt":"2026-01-14T20:58:50","guid":{"rendered":"https:\/\/dynamicprimarycare.com\/?page_id=2468"},"modified":"2026-02-14T23:35:49","modified_gmt":"2026-02-15T04:35:49","slug":"weight-loss-at-dynamic-primary-care","status":"publish","type":"page","link":"https:\/\/dynamicprimarycare.com\/es\/weight-loss-at-dynamic-primary-care\/","title":{"rendered":"P\u00e9rdida de peso"},"content":{"rendered":"<div data-elementor-type=\"wp-page\" data-elementor-id=\"2468\" class=\"elementor elementor-2468\" data-elementor-post-type=\"page\">\n\t\t\t\t<div data-particle_enable=\"false\" data-particle-mobile-disabled=\"false\" class=\"elementor-element elementor-element-d7a99c7 e-flex e-con-boxed e-con e-parent\" data-id=\"d7a99c7\" data-element_type=\"container\" data-settings=\"{&quot;background_background&quot;:&quot;classic&quot;}\">\n\t\t\t\t\t<div class=\"e-con-inner\">\n\t\t<div data-particle_enable=\"false\" data-particle-mobile-disabled=\"false\" class=\"elementor-element elementor-element-6330d5d e-con-full e-flex e-con e-child\" data-id=\"6330d5d\" data-element_type=\"container\">\n\t\t\t\t<div class=\"elementor-element elementor-element-9bab2eb elementor-widget elementor-widget-heading\" data-id=\"9bab2eb\" data-element_type=\"widget\" data-widget_type=\"heading.default\">\n\t\t\t\t<div class=\"elementor-widget-container\">\n\t\t\t\t\t<h2 class=\"elementor-heading-title elementor-size-default\">P\u00e9rdida de peso en Atenci\u00f3n Primaria Din\u00e1mica<\/h2>\t\t\t\t<\/div>\n\t\t\t\t<\/div>\n\t\t\t\t<\/div>\n\t\t<div data-particle_enable=\"false\" data-particle-mobile-disabled=\"false\" class=\"elementor-element elementor-element-1a041c3 e-con-full e-flex e-con e-child\" data-id=\"1a041c3\" data-element_type=\"container\">\n\t\t\t\t<div class=\"elementor-element elementor-element-d982202 elementor-widget elementor-widget-image\" data-id=\"d982202\" data-element_type=\"widget\" data-widget_type=\"image.default\">\n\t\t\t\t<div class=\"elementor-widget-container\">\n\t\t\t\t\t\t\t\t\t\t\t\t\t\t\t<img fetchpriority=\"high\" decoding=\"async\" width=\"1024\" height=\"576\" src=\"https:\/\/dynamicprimarycare.com\/wp-content\/uploads\/2026\/01\/Contenido-Amplio-13-1024x576.png\" class=\"attachment-large size-large wp-image-2644\" alt=\"\" srcset=\"https:\/\/dynamicprimarycare.com\/wp-content\/uploads\/2026\/01\/Contenido-Amplio-13-1024x576.png 1024w, https:\/\/dynamicprimarycare.com\/wp-content\/uploads\/2026\/01\/Contenido-Amplio-13-300x169.png 300w, https:\/\/dynamicprimarycare.com\/wp-content\/uploads\/2026\/01\/Contenido-Amplio-13-768x432.png 768w, https:\/\/dynamicprimarycare.com\/wp-content\/uploads\/2026\/01\/Contenido-Amplio-13-1536x864.png 1536w, https:\/\/dynamicprimarycare.com\/wp-content\/uploads\/2026\/01\/Contenido-Amplio-13.png 1920w\" sizes=\"(max-width: 1024px) 100vw, 1024px\" \/>\t\t\t\t\t\t\t\t\t\t\t\t\t\t\t<\/div>\n\t\t\t\t<\/div>\n\t\t\t\t<\/div>\n\t\t\t\t\t<\/div>\n\t\t\t\t<\/div>\n\t\t<div data-particle_enable=\"false\" data-particle-mobile-disabled=\"false\" class=\"elementor-element elementor-element-0fe1d98 e-flex e-con-boxed e-con e-parent\" data-id=\"0fe1d98\" data-element_type=\"container\" data-settings=\"{&quot;background_background&quot;:&quot;classic&quot;}\">\n\t\t\t\t\t<div class=\"e-con-inner\">\n\t\t<div data-particle_enable=\"false\" data-particle-mobile-disabled=\"false\" class=\"elementor-element elementor-element-416c709 e-con-full e-flex e-con e-child\" data-id=\"416c709\" data-element_type=\"container\">\n\t\t\t\t<div class=\"elementor-element elementor-element-c307e97 elementor-widget elementor-widget-text-editor\" data-id=\"c307e97\" data-element_type=\"widget\" data-widget_type=\"text-editor.default\">\n\t\t\t\t<div class=\"elementor-widget-container\">\n\t\t\t\t\t\t\t\t\t<p>En Dynamic Primary Care, ofrecemos apoyo personalizado para la p\u00e9rdida de peso, para que puedas lograr un estilo de vida m\u00e1s saludable de forma segura y sostenible. Nuestro enfoque combina orientaci\u00f3n m\u00e9dica, asesoramiento sobre estilo de vida y apoyo continuo para alcanzar tus objetivos individuales.<\/p>\t\t\t\t\t\t\t\t<\/div>\n\t\t\t\t<\/div>\n\t\t\t\t<div class=\"elementor-element elementor-element-bb5f348 elementor-widget elementor-widget-heading\" data-id=\"bb5f348\" data-element_type=\"widget\" data-widget_type=\"heading.default\">\n\t\t\t\t<div class=\"elementor-widget-container\">\n\t\t\t\t\t<h4 class=\"elementor-heading-title elementor-size-default\">Mi enfoque para la p\u00e9rdida de peso<\/h4>\t\t\t\t<\/div>\n\t\t\t\t<\/div>\n\t\t\t\t<div class=\"elementor-element elementor-element-9a2cffc elementor-widget elementor-widget-text-editor\" data-id=\"9a2cffc\" data-element_type=\"widget\" data-widget_type=\"text-editor.default\">\n\t\t\t\t<div class=\"elementor-widget-container\">\n\t\t\t\t\t\t\t\t\t<p>Creo que la p\u00e9rdida de peso no es una soluci\u00f3n universal. Mi programa se adapta a tus necesidades de salud, estilo de vida y objetivos. El Dr. G\u00f3mez APP eval\u00faa tu salud general y desarrolla un plan que puede incluir:<\/p><ul><li style=\"font-weight: 400;\" aria-level=\"1\">Asesor\u00eda nutricional: Planes de alimentaci\u00f3n saludable que se adaptan a tu estilo de vida.<\/li><li style=\"font-weight: 400;\" aria-level=\"1\">Gu\u00eda de ejercicios: Estrategias de fitness seguras y realistas para tu nivel.<\/li><li style=\"font-weight: 400;\" aria-level=\"1\">Estrategias de comportamiento: Herramientas para ayudar a construir h\u00e1bitos sostenibles.<\/li><\/ul><p>Supervisi\u00f3n m\u00e9dica: monitoreo de condiciones de salud, resultados de laboratorio y medicamentos que puedan afectar el peso.<\/p>\t\t\t\t\t\t\t\t<\/div>\n\t\t\t\t<\/div>\n\t\t\t\t<\/div>\n\t\t<div data-particle_enable=\"false\" data-particle-mobile-disabled=\"false\" class=\"elementor-element elementor-element-067ca4a e-con-full e-flex e-con e-child\" data-id=\"067ca4a\" data-element_type=\"container\">\n\t\t\t\t<div class=\"elementor-element elementor-element-f8633f9 elementor-widget elementor-widget-image\" data-id=\"f8633f9\" data-element_type=\"widget\" data-widget_type=\"image.default\">\n\t\t\t\t<div class=\"elementor-widget-container\">\n\t\t\t\t\t\t\t\t\t\t\t\t\t\t\t<img decoding=\"async\" width=\"1024\" height=\"683\" data-src=\"https:\/\/dynamicprimarycare.com\/wp-content\/uploads\/2026\/01\/WhatsApp-Image-2026-01-27-at-8.31.05-AM-1024x683.jpeg\" class=\"attachment-large size-large wp-image-2935 lazyload\" alt=\"\" data-srcset=\"https:\/\/dynamicprimarycare.com\/wp-content\/uploads\/2026\/01\/WhatsApp-Image-2026-01-27-at-8.31.05-AM-1024x683.jpeg 1024w, https:\/\/dynamicprimarycare.com\/wp-content\/uploads\/2026\/01\/WhatsApp-Image-2026-01-27-at-8.31.05-AM-300x200.jpeg 300w, https:\/\/dynamicprimarycare.com\/wp-content\/uploads\/2026\/01\/WhatsApp-Image-2026-01-27-at-8.31.05-AM-768x512.jpeg 768w, https:\/\/dynamicprimarycare.com\/wp-content\/uploads\/2026\/01\/WhatsApp-Image-2026-01-27-at-8.31.05-AM-1536x1024.jpeg 1536w, https:\/\/dynamicprimarycare.com\/wp-content\/uploads\/2026\/01\/WhatsApp-Image-2026-01-27-at-8.31.05-AM-18x12.jpeg 18w, https:\/\/dynamicprimarycare.com\/wp-content\/uploads\/2026\/01\/WhatsApp-Image-2026-01-27-at-8.31.05-AM.jpeg 2048w\" data-sizes=\"(max-width: 1024px) 100vw, 1024px\" src=\"data:image\/svg+xml;base64,PHN2ZyB3aWR0aD0iMSIgaGVpZ2h0PSIxIiB4bWxucz0iaHR0cDovL3d3dy53My5vcmcvMjAwMC9zdmciPjwvc3ZnPg==\" style=\"--smush-placeholder-width: 1024px; --smush-placeholder-aspect-ratio: 1024\/683;\" \/>\t\t\t\t\t\t\t\t\t\t\t\t\t\t\t<\/div>\n\t\t\t\t<\/div>\n\t\t\t\t<\/div>\n\t\t\t\t\t<\/div>\n\t\t\t\t<\/div>\n\t\t<div data-particle_enable=\"false\" data-particle-mobile-disabled=\"false\" class=\"elementor-element elementor-element-754b130 e-flex e-con-boxed e-con e-parent\" data-id=\"754b130\" data-element_type=\"container\" data-settings=\"{&quot;background_background&quot;:&quot;classic&quot;}\">\n\t\t\t\t\t<div class=\"e-con-inner\">\n\t\t<div data-particle_enable=\"false\" data-particle-mobile-disabled=\"false\" class=\"elementor-element elementor-element-6e8620a e-con-full e-flex e-con e-child\" data-id=\"6e8620a\" data-element_type=\"container\">\n\t\t\t\t<div class=\"elementor-element elementor-element-5c8e730 elementor-widget elementor-widget-heading\" data-id=\"5c8e730\" data-element_type=\"widget\" data-widget_type=\"heading.default\">\n\t\t\t\t<div class=\"elementor-widget-container\">\n\t\t\t\t\t<h2 class=\"elementor-heading-title elementor-size-default\">Servicios:<\/h2>\t\t\t\t<\/div>\n\t\t\t\t<\/div>\n\t\t\t\t<div class=\"elementor-element elementor-element-304ee91 elementor-widget elementor-widget-text-editor\" data-id=\"304ee91\" data-element_type=\"widget\" data-widget_type=\"text-editor.default\">\n\t\t\t\t<div class=\"elementor-widget-container\">\n\t\t\t\t\t\t\t\t\t<ol><li style=\"font-weight: 400;\" aria-level=\"1\"><b>Consultas m\u00e9dicas para bajar de peso<\/b><b><br \/><\/b><ul><li style=\"font-weight: 400;\" aria-level=\"2\"><span style=\"font-weight: 400;\">Evaluaci\u00f3n personalizada de su historial m\u00e9dico, estilo de vida y objetivos.<\/span><span style=\"font-weight: 400;\"><br \/><\/span><\/li><\/ul><\/li><li style=\"font-weight: 400;\" aria-level=\"1\"><b>Coaching de estilo de vida y nutrici\u00f3n<\/b><b><br \/><\/b><ul><li style=\"font-weight: 400;\" aria-level=\"2\"><span style=\"font-weight: 400;\">Orientaci\u00f3n pr\u00e1ctica para la planificaci\u00f3n de comidas, control de porciones y alimentaci\u00f3n saludable.<\/span><span style=\"font-weight: 400;\"><br \/><\/span><\/li><\/ul><\/li><li style=\"font-weight: 400;\" aria-level=\"1\"><b>Apoyo para enfermedades cr\u00f3nicas<\/b><b><br \/><\/b><ul><li style=\"font-weight: 400;\" aria-level=\"2\"><span style=\"font-weight: 400;\">Planes de control de peso para pacientes con diabetes, hipertensi\u00f3n, enfermedades card\u00edacas o problemas articulares.<\/span><span style=\"font-weight: 400;\"><br \/><\/span><\/li><\/ul><\/li><li style=\"font-weight: 400;\" aria-level=\"1\"><b>Gesti\u00f3n de medicamentos<\/b><b><br \/><\/b><ul><li style=\"font-weight: 400;\" aria-level=\"2\"><span style=\"font-weight: 400;\">Apoyo de prescripci\u00f3n segura si es m\u00e9dicamente apropiado.<\/span><span style=\"font-weight: 400;\"><br \/><\/span><\/li><\/ul><\/li><li style=\"font-weight: 400;\" aria-level=\"1\"><b>Seguimiento y rendici\u00f3n de cuentas<\/b><b><br \/><\/b><ul><li style=\"font-weight: 400;\" aria-level=\"2\"><span style=\"font-weight: 400;\">Registros peri\u00f3dicos para realizar un seguimiento del progreso, ajustar los planes y celebrar los \u00e9xitos.<\/span><\/li><\/ul><\/li><\/ol>\t\t\t\t\t\t\t\t<\/div>\n\t\t\t\t<\/div>\n\t\t\t\t<\/div>\n\t\t<div data-particle_enable=\"false\" data-particle-mobile-disabled=\"false\" class=\"elementor-element elementor-element-baa86c4 e-con-full e-flex e-con e-child\" data-id=\"baa86c4\" data-element_type=\"container\">\n\t\t\t\t<div class=\"elementor-element elementor-element-6d2fa70 elementor-widget elementor-widget-image\" data-id=\"6d2fa70\" data-element_type=\"widget\" data-widget_type=\"image.default\">\n\t\t\t\t<div class=\"elementor-widget-container\">\n\t\t\t\t\t\t\t\t\t\t\t\t\t\t\t<img decoding=\"async\" width=\"246\" height=\"205\" data-src=\"https:\/\/dynamicprimarycare.com\/wp-content\/uploads\/2026\/01\/img88-removebg-preview.png\" class=\"attachment-large size-large wp-image-2373 lazyload\" alt=\"\" src=\"data:image\/svg+xml;base64,PHN2ZyB3aWR0aD0iMSIgaGVpZ2h0PSIxIiB4bWxucz0iaHR0cDovL3d3dy53My5vcmcvMjAwMC9zdmciPjwvc3ZnPg==\" style=\"--smush-placeholder-width: 246px; --smush-placeholder-aspect-ratio: 246\/205;\" \/>\t\t\t\t\t\t\t\t\t\t\t\t\t\t\t<\/div>\n\t\t\t\t<\/div>\n\t\t\t\t<\/div>\n\t\t\t\t\t<\/div>\n\t\t\t\t<\/div>\n\t\t<div data-particle_enable=\"false\" data-particle-mobile-disabled=\"false\" class=\"elementor-element elementor-element-a646bc6 e-flex e-con-boxed e-con e-parent\" data-id=\"a646bc6\" data-element_type=\"container\" data-settings=\"{&quot;background_background&quot;:&quot;classic&quot;}\">\n\t\t\t\t\t<div class=\"e-con-inner\">\n\t\t<div data-particle_enable=\"false\" data-particle-mobile-disabled=\"false\" class=\"elementor-element elementor-element-f97bd7a e-con-full e-flex e-con e-child\" data-id=\"f97bd7a\" data-element_type=\"container\">\n\t\t\t\t<div class=\"elementor-element elementor-element-892dde1 elementor-widget elementor-widget-heading\" data-id=\"892dde1\" data-element_type=\"widget\" data-widget_type=\"heading.default\">\n\t\t\t\t<div class=\"elementor-widget-container\">\n\t\t\t\t\t<h4 class=\"elementor-heading-title elementor-size-default\">\u00bfPor qu\u00e9 elegir Dynamic Primary Care para bajar de peso?\n<\/h4>\t\t\t\t<\/div>\n\t\t\t\t<\/div>\n\t\t\t\t<div class=\"elementor-element elementor-element-b2f680c elementor-widget elementor-widget-text-editor\" data-id=\"b2f680c\" data-element_type=\"widget\" data-widget_type=\"text-editor.default\">\n\t\t\t\t<div class=\"elementor-widget-container\">\n\t\t\t\t\t\t\t\t\t<ul><li style=\"font-weight: 400;\" aria-level=\"1\"><b>Supervisi\u00f3n m\u00e9dica:<\/b><span style=\"font-weight: 400;\"> Tu salud siempre monitoreada.<\/span><span style=\"font-weight: 400;\"><br \/><\/span><\/li><li style=\"font-weight: 400;\" aria-level=\"1\"><b>Planes personalizados:<\/b><span style=\"font-weight: 400;\"> Estrategias adaptadas a tu estilo de vida y preferencias.<\/span><span style=\"font-weight: 400;\"><br \/><\/span><\/li><li style=\"font-weight: 400;\" aria-level=\"1\"><b>Conveniencia:<\/b><span style=\"font-weight: 400;\"> Visitas en persona o por telesalud para mayor flexibilidad.<\/span><\/li><li style=\"font-weight: 400;\" aria-level=\"1\"><span style=\"font-weight: 400;\"><b style=\"font-style: inherit;\">Atenci\u00f3n integral:<\/b><span style=\"font-weight: 400;\"> Control de peso integrado con su atenci\u00f3n primaria general.<\/span><\/span><\/li><\/ul>\t\t\t\t\t\t\t\t<\/div>\n\t\t\t\t<\/div>\n\t\t\t\t<div class=\"elementor-element elementor-element-e97aebe elementor-widget elementor-widget-heading\" data-id=\"e97aebe\" data-element_type=\"widget\" data-widget_type=\"heading.default\">\n\t\t\t\t<div class=\"elementor-widget-container\">\n\t\t\t\t\t<h4 class=\"elementor-heading-title elementor-size-default\">Opciones de telesalud y autopago<\/h4>\t\t\t\t<\/div>\n\t\t\t\t<\/div>\n\t\t\t\t<div class=\"elementor-element elementor-element-355b0ca elementor-widget elementor-widget-text-editor\" data-id=\"355b0ca\" data-element_type=\"widget\" data-widget_type=\"text-editor.default\">\n\t\t\t\t<div class=\"elementor-widget-container\">\n\t\t\t\t\t\t\t\t\t<ul><li style=\"font-weight: 400;\" aria-level=\"1\"><b>Visitas de telesalud:<\/b><span style=\"font-weight: 400;\"> Gestiona tu programa de p\u00e9rdida de peso desde casa o la oficina.<\/span><span style=\"font-weight: 400;\"><br \/><\/span><\/li><li style=\"font-weight: 400;\" aria-level=\"1\"><b>Pago propio o membres\u00eda:<\/b><span style=\"font-weight: 400;\"> Opciones de pago flexibles para adaptarse a sus necesidades.<\/span><\/li><\/ul><p><span style=\"font-weight: 400;\">Los servicios de p\u00e9rdida de peso son <b style=\"font-style: inherit;\">no facturado a Medicare<\/b><span style=\"font-weight: 400;\"> Si usted es beneficiario de Medicare, ya que esta pr\u00e1ctica ha optado por no participar en Medicare.<\/span><\/span><\/p>\t\t\t\t\t\t\t\t<\/div>\n\t\t\t\t<\/div>\n\t\t\t\t<div class=\"elementor-element elementor-element-bdb03cc elementor-widget elementor-widget-heading\" data-id=\"bdb03cc\" data-element_type=\"widget\" data-widget_type=\"heading.default\">\n\t\t\t\t<div class=\"elementor-widget-container\">\n\t\t\t\t\t<h4 class=\"elementor-heading-title elementor-size-default\">Empezando<\/h4>\t\t\t\t<\/div>\n\t\t\t\t<\/div>\n\t\t\t\t<div class=\"elementor-element elementor-element-39ef61e elementor-widget elementor-widget-text-editor\" data-id=\"39ef61e\" data-element_type=\"widget\" data-widget_type=\"text-editor.default\">\n\t\t\t\t<div class=\"elementor-widget-container\">\n\t\t\t\t\t\t\t\t\t<ol><li><b>Programar una consulta<\/b><span style=\"font-weight: 400;\"> con la APP del Dr. G\u00f3mez, presencialmente o v\u00eda telesalud.<\/span><\/li><li><b>Hable sobre sus objetivos, desaf\u00edos e historial m\u00e9dico.<\/b><\/li><li><b>Recibe un plan personalizado<\/b><span style=\"font-weight: 400;\"> y comienza tu viaje hacia una vida m\u00e1s saludable.<\/span><span style=\"font-weight: 400;\"><br \/><\/span><\/li><li style=\"list-style-type: none;\">\u00a0<\/li><\/ol>\t\t\t\t\t\t\t\t<\/div>\n\t\t\t\t<\/div>\n\t\t\t\t<\/div>\n\t\t<div data-particle_enable=\"false\" data-particle-mobile-disabled=\"false\" class=\"elementor-element elementor-element-75e9363 e-con-full e-flex e-con e-child\" data-id=\"75e9363\" data-element_type=\"container\">\n\t\t\t\t<div class=\"elementor-element elementor-element-d6f7916 elementor-widget elementor-widget-image\" data-id=\"d6f7916\" data-element_type=\"widget\" data-widget_type=\"image.default\">\n\t\t\t\t<div class=\"elementor-widget-container\">\n\t\t\t\t\t\t\t\t\t\t\t\t\t\t\t<img decoding=\"async\" width=\"819\" height=\"1024\" data-src=\"https:\/\/dynamicprimarycare.com\/wp-content\/uploads\/2026\/01\/WhatsApp-Image-2026-01-27-at-8.31.59-AM-819x1024.jpeg\" class=\"attachment-large size-large wp-image-2934 lazyload\" alt=\"\" data-srcset=\"https:\/\/dynamicprimarycare.com\/wp-content\/uploads\/2026\/01\/WhatsApp-Image-2026-01-27-at-8.31.59-AM-819x1024.jpeg 819w, https:\/\/dynamicprimarycare.com\/wp-content\/uploads\/2026\/01\/WhatsApp-Image-2026-01-27-at-8.31.59-AM-240x300.jpeg 240w, https:\/\/dynamicprimarycare.com\/wp-content\/uploads\/2026\/01\/WhatsApp-Image-2026-01-27-at-8.31.59-AM-768x960.jpeg 768w, https:\/\/dynamicprimarycare.com\/wp-content\/uploads\/2026\/01\/WhatsApp-Image-2026-01-27-at-8.31.59-AM-1229x1536.jpeg 1229w, https:\/\/dynamicprimarycare.com\/wp-content\/uploads\/2026\/01\/WhatsApp-Image-2026-01-27-at-8.31.59-AM-10x12.jpeg 10w, https:\/\/dynamicprimarycare.com\/wp-content\/uploads\/2026\/01\/WhatsApp-Image-2026-01-27-at-8.31.59-AM.jpeg 1638w\" data-sizes=\"(max-width: 819px) 100vw, 819px\" src=\"data:image\/svg+xml;base64,PHN2ZyB3aWR0aD0iMSIgaGVpZ2h0PSIxIiB4bWxucz0iaHR0cDovL3d3dy53My5vcmcvMjAwMC9zdmciPjwvc3ZnPg==\" style=\"--smush-placeholder-width: 819px; --smush-placeholder-aspect-ratio: 819\/1024;\" \/>\t\t\t\t\t\t\t\t\t\t\t\t\t\t\t<\/div>\n\t\t\t\t<\/div>\n\t\t\t\t<\/div>\n\t\t\t\t\t<\/div>\n\t\t\t\t<\/div>\n\t\t<div data-particle_enable=\"false\" data-particle-mobile-disabled=\"false\" class=\"elementor-element elementor-element-a564d59 e-flex e-con-boxed e-con e-parent\" data-id=\"a564d59\" data-element_type=\"container\" data-settings=\"{&quot;background_background&quot;:&quot;classic&quot;}\">\n\t\t\t\t\t<div class=\"e-con-inner\">\n\t\t<div data-particle_enable=\"false\" data-particle-mobile-disabled=\"false\" class=\"elementor-element elementor-element-52e65d3 e-con-full e-flex e-con e-child\" data-id=\"52e65d3\" data-element_type=\"container\">\n\t\t\t\t<div class=\"elementor-element elementor-element-b56c8c8 elementor-position-inline-start elementor-widget__width-auto elementor-widget-mobile__width-inherit elementor-view-default elementor-mobile-position-block-start elementor-widget elementor-widget-icon-box\" data-id=\"b56c8c8\" data-element_type=\"widget\" data-widget_type=\"icon-box.default\">\n\t\t\t\t<div class=\"elementor-widget-container\">\n\t\t\t\t\t\t\t<div class=\"elementor-icon-box-wrapper\">\n\n\t\t\t\t\t\t<div class=\"elementor-icon-box-icon\">\n\t\t\t\t<span  class=\"elementor-icon\">\n\t\t\t\t<i aria-hidden=\"true\" class=\"fas fa-map-marker-alt\"><\/i>\t\t\t\t<\/span>\n\t\t\t<\/div>\n\t\t\t\n\t\t\t\t\t\t<div class=\"elementor-icon-box-content\">\n\n\t\t\t\t\t\t\t\t\t<h4 class=\"elementor-icon-box-title\">\n\t\t\t\t\t\t<span  >\n\t\t\t\t\t\t\tDIRECCI\u00d3N\t\t\t\t\t\t<\/span>\n\t\t\t\t\t<\/h4>\n\t\t\t\t\n\t\t\t\t\t\t\t\t\t<p class=\"elementor-icon-box-description\">\n\t\t\t\t\t\t1405 SW 6th Ave, Ocala, FL 34471\t\t\t\t\t<\/p>\n\t\t\t\t\n\t\t\t<\/div>\n\t\t\t\n\t\t<\/div>\n\t\t\t\t\t\t<\/div>\n\t\t\t\t<\/div>\n\t\t\t\t<\/div>\n\t\t<div data-particle_enable=\"false\" data-particle-mobile-disabled=\"false\" class=\"elementor-element elementor-element-444cb99 e-con-full e-flex e-con e-child\" data-id=\"444cb99\" data-element_type=\"container\">\n\t\t\t\t<div class=\"elementor-element elementor-element-a5b7dd6 elementor-position-inline-start elementor-widget__width-auto elementor-widget-mobile__width-inherit elementor-view-default elementor-mobile-position-block-start elementor-widget elementor-widget-icon-box\" data-id=\"a5b7dd6\" data-element_type=\"widget\" data-widget_type=\"icon-box.default\">\n\t\t\t\t<div class=\"elementor-widget-container\">\n\t\t\t\t\t\t\t<div class=\"elementor-icon-box-wrapper\">\n\n\t\t\t\t\t\t<div class=\"elementor-icon-box-icon\">\n\t\t\t\t<span  class=\"elementor-icon\">\n\t\t\t\t<i aria-hidden=\"true\" class=\"fas fa-envelope\"><\/i>\t\t\t\t<\/span>\n\t\t\t<\/div>\n\t\t\t\n\t\t\t\t\t\t<div class=\"elementor-icon-box-content\">\n\n\t\t\t\t\t\t\t\t\t<h4 class=\"elementor-icon-box-title\">\n\t\t\t\t\t\t<span  >\n\t\t\t\t\t\t\tEnv\u00edenos un correo electr\u00f3nico\t\t\t\t\t\t<\/span>\n\t\t\t\t\t<\/h4>\n\t\t\t\t\n\t\t\t\t\t\t\t\t\t<p class=\"elementor-icon-box-description\">\n\t\t\t\t\t\tinfo@dynamicprimarycare.com\t\t\t\t\t<\/p>\n\t\t\t\t\n\t\t\t<\/div>\n\t\t\t\n\t\t<\/div>\n\t\t\t\t\t\t<\/div>\n\t\t\t\t<\/div>\n\t\t\t\t<\/div>\n\t\t\t\t\t<\/div>\n\t\t\t\t<\/div>\n\t\t\t\t<\/div>","protected":false},"excerpt":{"rendered":"<p>Weight Loss at Dynamic Primary Care At Dynamic Primary Care, we provide personalized weight loss support to help you achieve a healthier lifestyle safely and sustainably. Our approach combines medical guidance, lifestyle counseling, and ongoing support to meet your individual goals. MyApproach to Weight Loss I believe weight loss is not \u201cone-size-fits-all.\u201d My program is [&hellip;]<\/p>","protected":false},"author":2,"featured_media":0,"parent":0,"menu_order":0,"comment_status":"closed","ping_status":"closed","template":"","meta":{"site-sidebar-layout":"no-sidebar","site-content-layout":"page-builder","ast-site-content-layout":"default","site-content-style":"default","site-sidebar-style":"default","ast-global-header-display":"","ast-banner-title-visibility":"","ast-main-header-display":"","ast-hfb-above-header-display":"","ast-hfb-below-header-display":"","ast-hfb-mobile-header-display":"","site-post-title":"disabled","ast-breadcrumbs-content":"","ast-featured-img":"disabled","footer-sml-layout":"","ast-disable-related-posts":"","theme-transparent-header-meta":"disabled","adv-header-id-meta":"","stick-header-meta":"","header-above-stick-meta":"","header-main-stick-meta":"","header-below-stick-meta":"","astra-migrate-meta-layouts":"default","ast-page-background-enabled":"default","ast-page-background-meta":{"desktop":{"background-color":"","background-image":"","background-repeat":"repeat","background-position":"center center","background-size":"auto","background-attachment":"scroll","background-type":"","background-media":"","overlay-type":"","overlay-color":"","overlay-opacity":"","overlay-gradient":""},"tablet":{"background-color":"","background-image":"","background-repeat":"repeat","background-position":"center center","background-size":"auto","background-attachment":"scroll","background-type":"","background-media":"","overlay-type":"","overlay-color":"","overlay-opacity":"","overlay-gradient":""},"mobile":{"background-color":"","background-image":"","background-repeat":"repeat","background-position":"center center","background-size":"auto","background-attachment":"scroll","background-type":"","background-media":"","overlay-type":"","overlay-color":"","overlay-opacity":"","overlay-gradient":""}},"ast-content-background-meta":{"desktop":{"background-color":"var(--ast-global-color-5)","background-image":"","background-repeat":"repeat","background-position":"center center","background-size":"auto","background-attachment":"scroll","background-type":"","background-media":"","overlay-type":"","overlay-color":"","overlay-opacity":"","overlay-gradient":""},"tablet":{"background-color":"var(--ast-global-color-5)","background-image":"","background-repeat":"repeat","background-position":"center center","background-size":"auto","background-attachment":"scroll","background-type":"","background-media":"","overlay-type":"","overlay-color":"","overlay-opacity":"","overlay-gradient":""},"mobile":{"background-color":"var(--ast-global-color-5)","background-image":"","background-repeat":"repeat","background-position":"center center","background-size":"auto","background-attachment":"scroll","background-type":"","background-media":"","overlay-type":"","overlay-color":"","overlay-opacity":"","overlay-gradient":""}},"_joinchat":[],"footnotes":""},"class_list":["post-2468","page","type-page","status-publish","hentry"],"_links":{"self":[{"href":"https:\/\/dynamicprimarycare.com\/es\/wp-json\/wp\/v2\/pages\/2468","targetHints":{"allow":["GET"]}}],"collection":[{"href":"https:\/\/dynamicprimarycare.com\/es\/wp-json\/wp\/v2\/pages"}],"about":[{"href":"https:\/\/dynamicprimarycare.com\/es\/wp-json\/wp\/v2\/types\/page"}],"author":[{"embeddable":true,"href":"https:\/\/dynamicprimarycare.com\/es\/wp-json\/wp\/v2\/users\/2"}],"replies":[{"embeddable":true,"href":"https:\/\/dynamicprimarycare.com\/es\/wp-json\/wp\/v2\/comments?post=2468"}],"version-history":[{"count":46,"href":"https:\/\/dynamicprimarycare.com\/es\/wp-json\/wp\/v2\/pages\/2468\/revisions"}],"predecessor-version":[{"id":3038,"href":"https:\/\/dynamicprimarycare.com\/es\/wp-json\/wp\/v2\/pages\/2468\/revisions\/3038"}],"wp:attachment":[{"href":"https:\/\/dynamicprimarycare.com\/es\/wp-json\/wp\/v2\/media?parent=2468"}],"curies":[{"name":"wp","href":"https:\/\/api.w.org\/{rel}","templated":true}]}}