{"id":2451,"date":"2026-01-14T15:37:29","date_gmt":"2026-01-14T20:37:29","guid":{"rendered":"https:\/\/dynamicprimarycare.com\/?page_id=2451"},"modified":"2026-02-14T23:33:08","modified_gmt":"2026-02-15T04:33:08","slug":"instasculpting-at-dynamic-primary-care","status":"publish","type":"page","link":"https:\/\/dynamicprimarycare.com\/es\/instasculpting-at-dynamic-primary-care\/","title":{"rendered":"Escultura instant\u00e1nea"},"content":{"rendered":"<div data-elementor-type=\"wp-page\" data-elementor-id=\"2451\" class=\"elementor elementor-2451\" data-elementor-post-type=\"page\">\n\t\t\t\t<div data-particle_enable=\"false\" data-particle-mobile-disabled=\"false\" class=\"elementor-element elementor-element-d7a99c7 e-flex e-con-boxed e-con e-parent\" data-id=\"d7a99c7\" data-element_type=\"container\" data-settings=\"{&quot;background_background&quot;:&quot;classic&quot;}\">\n\t\t\t\t\t<div class=\"e-con-inner\">\n\t\t<div data-particle_enable=\"false\" data-particle-mobile-disabled=\"false\" class=\"elementor-element elementor-element-6330d5d e-con-full e-flex e-con e-child\" data-id=\"6330d5d\" data-element_type=\"container\">\n\t\t\t\t<div class=\"elementor-element elementor-element-9bab2eb elementor-widget elementor-widget-heading\" data-id=\"9bab2eb\" data-element_type=\"widget\" data-widget_type=\"heading.default\">\n\t\t\t\t<div class=\"elementor-widget-container\">\n\t\t\t\t\t<h2 class=\"elementor-heading-title elementor-size-default\">InstaSculpting en Atenci\u00f3n Primaria Din\u00e1mica\n<\/h2>\t\t\t\t<\/div>\n\t\t\t\t<\/div>\n\t\t\t\t<\/div>\n\t\t<div data-particle_enable=\"false\" data-particle-mobile-disabled=\"false\" class=\"elementor-element elementor-element-1a041c3 e-con-full e-flex e-con e-child\" data-id=\"1a041c3\" data-element_type=\"container\">\n\t\t\t\t<div class=\"elementor-element elementor-element-d982202 elementor-widget elementor-widget-image\" data-id=\"d982202\" data-element_type=\"widget\" data-widget_type=\"image.default\">\n\t\t\t\t<div class=\"elementor-widget-container\">\n\t\t\t\t\t\t\t\t\t\t\t\t\t\t\t<img fetchpriority=\"high\" decoding=\"async\" width=\"867\" height=\"580\" src=\"https:\/\/dynamicprimarycare.com\/wp-content\/uploads\/2026\/01\/Screenshot_20240224_172915_Instagram.jpg\" class=\"attachment-large size-large wp-image-2461\" alt=\"\" srcset=\"https:\/\/dynamicprimarycare.com\/wp-content\/uploads\/2026\/01\/Screenshot_20240224_172915_Instagram.jpg 867w, https:\/\/dynamicprimarycare.com\/wp-content\/uploads\/2026\/01\/Screenshot_20240224_172915_Instagram-300x201.jpg 300w, https:\/\/dynamicprimarycare.com\/wp-content\/uploads\/2026\/01\/Screenshot_20240224_172915_Instagram-768x514.jpg 768w\" sizes=\"(max-width: 867px) 100vw, 867px\" \/>\t\t\t\t\t\t\t\t\t\t\t\t\t\t\t<\/div>\n\t\t\t\t<\/div>\n\t\t\t\t<\/div>\n\t\t\t\t\t<\/div>\n\t\t\t\t<\/div>\n\t\t<div data-particle_enable=\"false\" data-particle-mobile-disabled=\"false\" class=\"elementor-element elementor-element-0fe1d98 e-flex e-con-boxed e-con e-parent\" data-id=\"0fe1d98\" data-element_type=\"container\" data-settings=\"{&quot;background_background&quot;:&quot;classic&quot;}\">\n\t\t\t\t\t<div class=\"e-con-inner\">\n\t\t<div data-particle_enable=\"false\" data-particle-mobile-disabled=\"false\" class=\"elementor-element elementor-element-416c709 e-con-full e-flex e-con e-child\" data-id=\"416c709\" data-element_type=\"container\">\n\t\t\t\t<div class=\"elementor-element elementor-element-c307e97 elementor-widget elementor-widget-text-editor\" data-id=\"c307e97\" data-element_type=\"widget\" data-widget_type=\"text-editor.default\">\n\t\t\t\t<div class=\"elementor-widget-container\">\n\t\t\t\t\t\t\t\t\t<p>En Dynamic Primary Care, ofrecemos InstaSculpting, un tratamiento no invasivo de contorno corporal dise\u00f1ado para ayudarle a reducir la grasa localizada y refinar su figura sin cirug\u00eda ni tiempo de recuperaci\u00f3n. Ideal para adultos que buscan una forma segura y c\u00f3moda de mejorar su silueta.<\/p>\t\t\t\t\t\t\t\t<\/div>\n\t\t\t\t<\/div>\n\t\t\t\t<div class=\"elementor-element elementor-element-bb5f348 elementor-widget elementor-widget-heading\" data-id=\"bb5f348\" data-element_type=\"widget\" data-widget_type=\"heading.default\">\n\t\t\t\t<div class=\"elementor-widget-container\">\n\t\t\t\t\t<h4 class=\"elementor-heading-title elementor-size-default\">C\u00f3mo funciona InstaSculpting\n<\/h4>\t\t\t\t<\/div>\n\t\t\t\t<\/div>\n\t\t\t\t<div class=\"elementor-element elementor-element-9a2cffc elementor-widget elementor-widget-text-editor\" data-id=\"9a2cffc\" data-element_type=\"widget\" data-widget_type=\"text-editor.default\">\n\t\t\t\t<div class=\"elementor-widget-container\">\n\t\t\t\t\t\t\t\t\t<p><span style=\"font-weight: 400;\">Nuestra m\u00e1quina InstaSculpting utiliza tecnolog\u00eda avanzada para <\/span><b>Apunta y elimina las c\u00e9lulas grasas<\/b><span style=\"font-weight: 400;\"> En zonas donde la dieta y el ejercicio pueden no ser suficientes. Las \u00e1reas de tratamiento comunes incluyen:<\/span><\/p><ul><li style=\"font-weight: 400;\" aria-level=\"1\"><span style=\"font-weight: 400;\">Abdomen<\/span><span style=\"font-weight: 400;\"><br \/><\/span><\/li><li style=\"font-weight: 400;\" aria-level=\"1\"><span style=\"font-weight: 400;\">Flancos (rollitos de amor)<\/span><span style=\"font-weight: 400;\"><br \/><\/span><\/li><li style=\"font-weight: 400;\" aria-level=\"1\"><span style=\"font-weight: 400;\">Muslos<\/span><span style=\"font-weight: 400;\"><br \/><\/span><\/li><li style=\"font-weight: 400;\" aria-level=\"1\"><span style=\"font-weight: 400;\">Brazos<\/span><span style=\"font-weight: 400;\"><br \/><\/span><\/li><li style=\"font-weight: 400;\" aria-level=\"1\"><span style=\"font-weight: 400;\">Barbilla y mand\u00edbula<\/span><\/li><\/ul>\t\t\t\t\t\t\t\t<\/div>\n\t\t\t\t<\/div>\n\t\t\t\t<div class=\"elementor-element elementor-element-e4e487f elementor-widget elementor-widget-heading\" data-id=\"e4e487f\" data-element_type=\"widget\" data-widget_type=\"heading.default\">\n\t\t\t\t<div class=\"elementor-widget-container\">\n\t\t\t\t\t<h3 class=\"elementor-heading-title elementor-size-default\">Caracter\u00edsticas principales:<\/h3>\t\t\t\t<\/div>\n\t\t\t\t<\/div>\n\t\t\t\t<div class=\"elementor-element elementor-element-4e0f7bc elementor-widget elementor-widget-text-editor\" data-id=\"4e0f7bc\" data-element_type=\"widget\" data-widget_type=\"text-editor.default\">\n\t\t\t\t<div class=\"elementor-widget-container\">\n\t\t\t\t\t\t\t\t\t<ul><li style=\"font-weight: 400;\" aria-level=\"1\"><span style=\"font-weight: 400;\">Se dirige selectivamente a las c\u00e9lulas grasas sin da\u00f1ar el tejido circundante.<\/span><span style=\"font-weight: 400;\"><br \/><\/span><\/li><li style=\"font-weight: 400;\" aria-level=\"1\"><span style=\"font-weight: 400;\">Las c\u00e9lulas grasas tratadas son procesadas y eliminadas naturalmente por el cuerpo.<\/span><span style=\"font-weight: 400;\"><br \/><\/span><\/li><li style=\"font-weight: 400;\" aria-level=\"1\"><span style=\"font-weight: 400;\">No quir\u00fargico, no invasivo y con m\u00ednimo o ning\u00fan tiempo de recuperaci\u00f3n.<\/span><\/li><\/ul>\t\t\t\t\t\t\t\t<\/div>\n\t\t\t\t<\/div>\n\t\t\t\t<\/div>\n\t\t<div data-particle_enable=\"false\" data-particle-mobile-disabled=\"false\" class=\"elementor-element elementor-element-7e9cd06 e-con-full e-flex e-con e-child\" data-id=\"7e9cd06\" data-element_type=\"container\">\n\t\t\t\t<div class=\"elementor-element elementor-element-bc5ca60 elementor-widget elementor-widget-image\" data-id=\"bc5ca60\" data-element_type=\"widget\" data-widget_type=\"image.default\">\n\t\t\t\t<div class=\"elementor-widget-container\">\n\t\t\t\t\t\t\t\t\t\t\t\t\t\t\t<img decoding=\"async\" width=\"473\" height=\"1024\" data-src=\"https:\/\/dynamicprimarycare.com\/wp-content\/uploads\/2026\/01\/WhatsApp-Image-2026-01-27-at-8.46.34-AM-473x1024.jpeg\" class=\"attachment-large size-large wp-image-2969 lazyload\" alt=\"\" data-srcset=\"https:\/\/dynamicprimarycare.com\/wp-content\/uploads\/2026\/01\/WhatsApp-Image-2026-01-27-at-8.46.34-AM-473x1024.jpeg 473w, https:\/\/dynamicprimarycare.com\/wp-content\/uploads\/2026\/01\/WhatsApp-Image-2026-01-27-at-8.46.34-AM-139x300.jpeg 139w, https:\/\/dynamicprimarycare.com\/wp-content\/uploads\/2026\/01\/WhatsApp-Image-2026-01-27-at-8.46.34-AM-768x1662.jpeg 768w, https:\/\/dynamicprimarycare.com\/wp-content\/uploads\/2026\/01\/WhatsApp-Image-2026-01-27-at-8.46.34-AM-710x1536.jpeg 710w, https:\/\/dynamicprimarycare.com\/wp-content\/uploads\/2026\/01\/WhatsApp-Image-2026-01-27-at-8.46.34-AM-6x12.jpeg 6w, https:\/\/dynamicprimarycare.com\/wp-content\/uploads\/2026\/01\/WhatsApp-Image-2026-01-27-at-8.46.34-AM.jpeg 924w\" data-sizes=\"(max-width: 473px) 100vw, 473px\" src=\"data:image\/svg+xml;base64,PHN2ZyB3aWR0aD0iMSIgaGVpZ2h0PSIxIiB4bWxucz0iaHR0cDovL3d3dy53My5vcmcvMjAwMC9zdmciPjwvc3ZnPg==\" style=\"--smush-placeholder-width: 473px; --smush-placeholder-aspect-ratio: 473\/1024;\" \/>\t\t\t\t\t\t\t\t\t\t\t\t\t\t\t<\/div>\n\t\t\t\t<\/div>\n\t\t\t\t<\/div>\n\t\t\t\t\t<\/div>\n\t\t\t\t<\/div>\n\t\t<div data-particle_enable=\"false\" data-particle-mobile-disabled=\"false\" class=\"elementor-element elementor-element-1c4e55a e-flex e-con-boxed e-con e-parent\" data-id=\"1c4e55a\" data-element_type=\"container\" data-settings=\"{&quot;background_background&quot;:&quot;classic&quot;}\">\n\t\t\t\t\t<div class=\"e-con-inner\">\n\t\t<div data-particle_enable=\"false\" data-particle-mobile-disabled=\"false\" class=\"elementor-element elementor-element-6d22425 e-con-full e-flex e-con e-child\" data-id=\"6d22425\" data-element_type=\"container\">\n\t\t\t\t<div class=\"elementor-element elementor-element-cfa550d elementor-widget elementor-widget-heading\" data-id=\"cfa550d\" data-element_type=\"widget\" data-widget_type=\"heading.default\">\n\t\t\t\t<div class=\"elementor-widget-container\">\n\t\t\t\t\t<h4 class=\"elementor-heading-title elementor-size-default\">Qu\u00e9 esperar durante una sesi\u00f3n<\/h4>\t\t\t\t<\/div>\n\t\t\t\t<\/div>\n\t\t\t\t<div class=\"elementor-element elementor-element-04e1e5b elementor-widget elementor-widget-text-editor\" data-id=\"04e1e5b\" data-element_type=\"widget\" data-widget_type=\"text-editor.default\">\n\t\t\t\t<div class=\"elementor-widget-container\">\n\t\t\t\t\t\t\t\t\t<ol>\n<li style=\"font-weight: 400;\" aria-level=\"1\"><b>Consulta:<\/b><span style=\"font-weight: 400;\"> Dr. Gomez APP, eval\u00faa tus objetivos y las zonas a tratar.<\/span><span style=\"font-weight: 400;\"><br><\/span><\/li>\n<li style=\"font-weight: 400;\" aria-level=\"1\"><b>Tratamiento:<\/b><span style=\"font-weight: 400;\"> El dispositivo InstaSculpting se aplica en la zona a tratar. Es posible que sienta una sensaci\u00f3n de calor, generalmente agradable.<\/span><span style=\"font-weight: 400;\"><br><\/span><\/li>\n<li style=\"font-weight: 400;\" aria-level=\"1\"><b>Duraci\u00f3n:<\/b><span style=\"font-weight: 400;\"> Las sesiones suelen durar <\/span><b>30\u201360 minutos por \u00e1rea<\/b><span style=\"font-weight: 400;\">.<\/span><span style=\"font-weight: 400;\"><br><\/span><\/li>\n<li style=\"font-weight: 400;\" aria-level=\"1\"><b>Resultados:<\/b><span style=\"font-weight: 400;\"> La reducci\u00f3n de grasa se desarrolla gradualmente a lo largo <\/span><b>4\u201312 semanas<\/b><span style=\"font-weight: 400;\"> a medida que su cuerpo metaboliza las c\u00e9lulas tratadas.<\/span>\n<p><\/p>\n<\/li>\n<\/ol>\t\t\t\t\t\t\t\t<\/div>\n\t\t\t\t<\/div>\n\t\t\t\t<div class=\"elementor-element elementor-element-62ef539 elementor-widget elementor-widget-heading\" data-id=\"62ef539\" data-element_type=\"widget\" data-widget_type=\"heading.default\">\n\t\t\t\t<div class=\"elementor-widget-container\">\n\t\t\t\t\t<h4 class=\"elementor-heading-title elementor-size-default\">Beneficios de InstaSculpting<\/h4>\t\t\t\t<\/div>\n\t\t\t\t<\/div>\n\t\t\t\t<div class=\"elementor-element elementor-element-65c905e elementor-widget elementor-widget-text-editor\" data-id=\"65c905e\" data-element_type=\"widget\" data-widget_type=\"text-editor.default\">\n\t\t\t\t<div class=\"elementor-widget-container\">\n\t\t\t\t\t\t\t\t\t<ul><li style=\"font-weight: 400;\" aria-level=\"1\"><span style=\"font-weight: 400;\">No invasivo y seguro<\/span><span style=\"font-weight: 400;\"><br \/><\/span><\/li><li style=\"font-weight: 400;\" aria-level=\"1\"><span style=\"font-weight: 400;\">Sin cirug\u00eda ni anestesia general<\/span><span style=\"font-weight: 400;\"><br \/><\/span><\/li><li style=\"font-weight: 400;\" aria-level=\"1\"><span style=\"font-weight: 400;\">Sesiones r\u00e1pidas y convenientes con una interrupci\u00f3n m\u00ednima de su d\u00eda.<\/span><span style=\"font-weight: 400;\"><br \/><\/span><\/li><li style=\"font-weight: 400;\" aria-level=\"1\"><span style=\"font-weight: 400;\">Ayuda a contornear y esculpir \u00e1reas resistentes a la dieta y al ejercicio.<\/span><\/li><\/ul>\t\t\t\t\t\t\t\t<\/div>\n\t\t\t\t<\/div>\n\t\t\t\t<\/div>\n\t\t<div data-particle_enable=\"false\" data-particle-mobile-disabled=\"false\" class=\"elementor-element elementor-element-7c56480 e-con-full e-flex e-con e-child\" data-id=\"7c56480\" data-element_type=\"container\">\n\t\t\t\t<div class=\"elementor-element elementor-element-ccc17a1 elementor-widget elementor-widget-image\" data-id=\"ccc17a1\" data-element_type=\"widget\" data-widget_type=\"image.default\">\n\t\t\t\t<div class=\"elementor-widget-container\">\n\t\t\t\t\t\t\t\t\t\t\t\t\t\t\t<img decoding=\"async\" width=\"267\" height=\"403\" data-src=\"https:\/\/dynamicprimarycare.com\/wp-content\/uploads\/2026\/01\/Captura-de-pantalla-2026-01-22-104308.png\" class=\"attachment-large size-large wp-image-2727 lazyload\" alt=\"\" data-srcset=\"https:\/\/dynamicprimarycare.com\/wp-content\/uploads\/2026\/01\/Captura-de-pantalla-2026-01-22-104308.png 267w, https:\/\/dynamicprimarycare.com\/wp-content\/uploads\/2026\/01\/Captura-de-pantalla-2026-01-22-104308-199x300.png 199w\" data-sizes=\"(max-width: 267px) 100vw, 267px\" src=\"data:image\/svg+xml;base64,PHN2ZyB3aWR0aD0iMSIgaGVpZ2h0PSIxIiB4bWxucz0iaHR0cDovL3d3dy53My5vcmcvMjAwMC9zdmciPjwvc3ZnPg==\" style=\"--smush-placeholder-width: 267px; --smush-placeholder-aspect-ratio: 267\/403;\" \/>\t\t\t\t\t\t\t\t\t\t\t\t\t\t\t<\/div>\n\t\t\t\t<\/div>\n\t\t\t\t<\/div>\n\t\t\t\t\t<\/div>\n\t\t\t\t<\/div>\n\t\t<div data-particle_enable=\"false\" data-particle-mobile-disabled=\"false\" class=\"elementor-element elementor-element-932917a e-flex e-con-boxed e-con e-parent\" data-id=\"932917a\" data-element_type=\"container\" data-settings=\"{&quot;background_background&quot;:&quot;classic&quot;}\">\n\t\t\t\t\t<div class=\"e-con-inner\">\n\t\t<div data-particle_enable=\"false\" data-particle-mobile-disabled=\"false\" class=\"elementor-element elementor-element-82582cb e-con-full e-flex e-con e-child\" data-id=\"82582cb\" data-element_type=\"container\">\n\t\t\t\t<div class=\"elementor-element elementor-element-dff77ce elementor-widget elementor-widget-heading\" data-id=\"dff77ce\" data-element_type=\"widget\" data-widget_type=\"heading.default\">\n\t\t\t\t<div class=\"elementor-widget-container\">\n\t\t\t\t\t<h4 class=\"elementor-heading-title elementor-size-default\">Candidatos ideales<\/h4>\t\t\t\t<\/div>\n\t\t\t\t<\/div>\n\t\t\t\t<div class=\"elementor-element elementor-element-04f9446 elementor-widget elementor-widget-text-editor\" data-id=\"04f9446\" data-element_type=\"widget\" data-widget_type=\"text-editor.default\">\n\t\t\t\t<div class=\"elementor-widget-container\">\n\t\t\t\t\t\t\t\t\t<ul><li><span style=\"font-weight: 400;\">Adultos con buena salud<\/span><\/li><li><span style=\"font-weight: 400;\">Personas con <\/span><b>bolsas de grasa rebeldes<\/b><span style=\"font-weight: 400;\"> Quieren reducir<\/span><\/li><li><span style=\"font-weight: 400;\">Aquellos que buscan <\/span><b>escultura corporal<\/b><span style=\"font-weight: 400;\">, no una p\u00e9rdida de peso importante<\/span><\/li><\/ul>\t\t\t\t\t\t\t\t<\/div>\n\t\t\t\t<\/div>\n\t\t\t\t<div class=\"elementor-element elementor-element-8be1f10 elementor-widget elementor-widget-heading\" data-id=\"8be1f10\" data-element_type=\"widget\" data-widget_type=\"heading.default\">\n\t\t\t\t<div class=\"elementor-widget-container\">\n\t\t\t\t\t<h4 class=\"elementor-heading-title elementor-size-default\">Consideraciones<\/h4>\t\t\t\t<\/div>\n\t\t\t\t<\/div>\n\t\t\t\t<div class=\"elementor-element elementor-element-55b2301 elementor-widget elementor-widget-text-editor\" data-id=\"55b2301\" data-element_type=\"widget\" data-widget_type=\"text-editor.default\">\n\t\t\t\t<div class=\"elementor-widget-container\">\n\t\t\t\t\t\t\t\t\t<ul><li style=\"font-weight: 400;\" aria-level=\"1\"><span style=\"font-weight: 400;\">InstaSculpting es <\/span><b>No es una soluci\u00f3n para perder peso<\/b><b><br \/><\/b><\/li><li style=\"font-weight: 400;\" aria-level=\"1\"><span style=\"font-weight: 400;\">Los resultados var\u00edan seg\u00fan el individuo<\/span><span style=\"font-weight: 400;\"><br \/><\/span><\/li><li style=\"font-weight: 400;\" aria-level=\"1\"><span style=\"font-weight: 400;\">Se pueden recomendar varias sesiones para obtener resultados \u00f3ptimos.<\/span><span style=\"font-weight: 400;\"><br \/><\/span><\/li><li style=\"font-weight: 400;\" aria-level=\"1\"><span style=\"font-weight: 400;\">Mantener un estilo de vida saludable mejora los resultados<\/span><\/li><\/ul>\t\t\t\t\t\t\t\t<\/div>\n\t\t\t\t<\/div>\n\t\t\t\t<\/div>\n\t\t<div data-particle_enable=\"false\" data-particle-mobile-disabled=\"false\" class=\"elementor-element elementor-element-77c87f1 e-con-full e-flex e-con e-child\" data-id=\"77c87f1\" data-element_type=\"container\">\n\t\t\t\t<div class=\"elementor-element elementor-element-1f57377 elementor-widget elementor-widget-image\" data-id=\"1f57377\" data-element_type=\"widget\" data-widget_type=\"image.default\">\n\t\t\t\t<div class=\"elementor-widget-container\">\n\t\t\t\t\t\t\t\t\t\t\t\t\t\t\t<img decoding=\"async\" width=\"446\" height=\"263\" data-src=\"https:\/\/dynamicprimarycare.com\/wp-content\/uploads\/2026\/01\/Captura-de-pantalla-2026-01-22-104255.png\" class=\"attachment-large size-large wp-image-2728 lazyload\" alt=\"\" data-srcset=\"https:\/\/dynamicprimarycare.com\/wp-content\/uploads\/2026\/01\/Captura-de-pantalla-2026-01-22-104255.png 446w, https:\/\/dynamicprimarycare.com\/wp-content\/uploads\/2026\/01\/Captura-de-pantalla-2026-01-22-104255-300x177.png 300w\" data-sizes=\"(max-width: 446px) 100vw, 446px\" src=\"data:image\/svg+xml;base64,PHN2ZyB3aWR0aD0iMSIgaGVpZ2h0PSIxIiB4bWxucz0iaHR0cDovL3d3dy53My5vcmcvMjAwMC9zdmciPjwvc3ZnPg==\" style=\"--smush-placeholder-width: 446px; --smush-placeholder-aspect-ratio: 446\/263;\" \/>\t\t\t\t\t\t\t\t\t\t\t\t\t\t\t<\/div>\n\t\t\t\t<\/div>\n\t\t\t\t<\/div>\n\t\t\t\t\t<\/div>\n\t\t\t\t<\/div>\n\t\t<div data-particle_enable=\"false\" data-particle-mobile-disabled=\"false\" class=\"elementor-element elementor-element-60edfae e-flex e-con-boxed e-con e-parent\" data-id=\"60edfae\" data-element_type=\"container\">\n\t\t\t\t\t<div class=\"e-con-inner\">\n\t\t\t\t<div class=\"elementor-element elementor-element-6773565 elementor-widget elementor-widget-heading\" data-id=\"6773565\" data-element_type=\"widget\" data-widget_type=\"heading.default\">\n\t\t\t\t<div class=\"elementor-widget-container\">\n\t\t\t\t\t<h2 class=\"elementor-heading-title elementor-size-default\">Programe su sesi\u00f3n de InstaSculpting<\/h2>\t\t\t\t<\/div>\n\t\t\t\t<\/div>\n\t\t\t\t<div class=\"elementor-element elementor-element-8cd8130 elementor-widget elementor-widget-text-editor\" data-id=\"8cd8130\" data-element_type=\"widget\" data-widget_type=\"text-editor.default\">\n\t\t\t\t<div class=\"elementor-widget-container\">\n\t\t\t\t\t\t\t\t\t<p>Experimente la comodidad y los resultados de InstaSculpting en Dynamic Primary Care. Reserve hoy mismo su consulta con el Dr. G\u00f3mez APP para hablar sobre sus objetivos y desarrollar un plan de tratamiento personalizado.<\/p>\t\t\t\t\t\t\t\t<\/div>\n\t\t\t\t<\/div>\n\t\t\t\t\t<\/div>\n\t\t\t\t<\/div>\n\t\t<div data-particle_enable=\"false\" data-particle-mobile-disabled=\"false\" class=\"elementor-element elementor-element-a564d59 e-flex e-con-boxed e-con e-parent\" data-id=\"a564d59\" data-element_type=\"container\" data-settings=\"{&quot;background_background&quot;:&quot;classic&quot;}\">\n\t\t\t\t\t<div class=\"e-con-inner\">\n\t\t<div data-particle_enable=\"false\" data-particle-mobile-disabled=\"false\" class=\"elementor-element elementor-element-52e65d3 e-con-full e-flex e-con e-child\" data-id=\"52e65d3\" data-element_type=\"container\">\n\t\t\t\t<div class=\"elementor-element elementor-element-b56c8c8 elementor-position-inline-start elementor-widget__width-auto elementor-widget-mobile__width-inherit elementor-view-default elementor-mobile-position-block-start elementor-widget elementor-widget-icon-box\" data-id=\"b56c8c8\" data-element_type=\"widget\" data-widget_type=\"icon-box.default\">\n\t\t\t\t<div class=\"elementor-widget-container\">\n\t\t\t\t\t\t\t<div class=\"elementor-icon-box-wrapper\">\n\n\t\t\t\t\t\t<div class=\"elementor-icon-box-icon\">\n\t\t\t\t<span  class=\"elementor-icon\">\n\t\t\t\t<i aria-hidden=\"true\" class=\"fas fa-map-marker-alt\"><\/i>\t\t\t\t<\/span>\n\t\t\t<\/div>\n\t\t\t\n\t\t\t\t\t\t<div class=\"elementor-icon-box-content\">\n\n\t\t\t\t\t\t\t\t\t<h4 class=\"elementor-icon-box-title\">\n\t\t\t\t\t\t<span  >\n\t\t\t\t\t\t\tDIRECCI\u00d3N\t\t\t\t\t\t<\/span>\n\t\t\t\t\t<\/h4>\n\t\t\t\t\n\t\t\t\t\t\t\t\t\t<p class=\"elementor-icon-box-description\">\n\t\t\t\t\t\t1405 SW 6th Ave, Ocala, FL 34471\t\t\t\t\t<\/p>\n\t\t\t\t\n\t\t\t<\/div>\n\t\t\t\n\t\t<\/div>\n\t\t\t\t\t\t<\/div>\n\t\t\t\t<\/div>\n\t\t\t\t<\/div>\n\t\t<div data-particle_enable=\"false\" data-particle-mobile-disabled=\"false\" class=\"elementor-element elementor-element-444cb99 e-con-full e-flex e-con e-child\" data-id=\"444cb99\" data-element_type=\"container\">\n\t\t\t\t<div class=\"elementor-element elementor-element-a5b7dd6 elementor-position-inline-start elementor-widget__width-auto elementor-widget-mobile__width-inherit elementor-view-default elementor-mobile-position-block-start elementor-widget elementor-widget-icon-box\" data-id=\"a5b7dd6\" data-element_type=\"widget\" data-widget_type=\"icon-box.default\">\n\t\t\t\t<div class=\"elementor-widget-container\">\n\t\t\t\t\t\t\t<div class=\"elementor-icon-box-wrapper\">\n\n\t\t\t\t\t\t<div class=\"elementor-icon-box-icon\">\n\t\t\t\t<span  class=\"elementor-icon\">\n\t\t\t\t<i aria-hidden=\"true\" class=\"fas fa-envelope\"><\/i>\t\t\t\t<\/span>\n\t\t\t<\/div>\n\t\t\t\n\t\t\t\t\t\t<div class=\"elementor-icon-box-content\">\n\n\t\t\t\t\t\t\t\t\t<h4 class=\"elementor-icon-box-title\">\n\t\t\t\t\t\t<span  >\n\t\t\t\t\t\t\tEnv\u00edenos un correo electr\u00f3nico\t\t\t\t\t\t<\/span>\n\t\t\t\t\t<\/h4>\n\t\t\t\t\n\t\t\t\t\t\t\t\t\t<p class=\"elementor-icon-box-description\">\n\t\t\t\t\t\tinfo@dynamicprimarycare.com\t\t\t\t\t<\/p>\n\t\t\t\t\n\t\t\t<\/div>\n\t\t\t\n\t\t<\/div>\n\t\t\t\t\t\t<\/div>\n\t\t\t\t<\/div>\n\t\t\t\t<\/div>\n\t\t\t\t\t<\/div>\n\t\t\t\t<\/div>\n\t\t\t\t<\/div>","protected":false},"excerpt":{"rendered":"<p>InstaSculpting at Dynamic Primary Care At Dynamic Primary Care, we offer InstaSculpting, a non-invasive body contouring treatment designed to help you reduce stubborn fat and refine your body shape without surgery or downtime. Perfect for adults seeking a safe and convenient way to enhance their silhouette. How InstaSculpting Works Our InstaSculpting machine uses advanced technology [&hellip;]<\/p>","protected":false},"author":2,"featured_media":0,"parent":0,"menu_order":0,"comment_status":"closed","ping_status":"closed","template":"","meta":{"site-sidebar-layout":"no-sidebar","site-content-layout":"page-builder","ast-site-content-layout":"default","site-content-style":"default","site-sidebar-style":"default","ast-global-header-display":"","ast-banner-title-visibility":"","ast-main-header-display":"","ast-hfb-above-header-display":"","ast-hfb-below-header-display":"","ast-hfb-mobile-header-display":"","site-post-title":"disabled","ast-breadcrumbs-content":"","ast-featured-img":"disabled","footer-sml-layout":"","ast-disable-related-posts":"","theme-transparent-header-meta":"disabled","adv-header-id-meta":"","stick-header-meta":"","header-above-stick-meta":"","header-main-stick-meta":"","header-below-stick-meta":"","astra-migrate-meta-layouts":"default","ast-page-background-enabled":"default","ast-page-background-meta":{"desktop":{"background-color":"","background-image":"","background-repeat":"repeat","background-position":"center center","background-size":"auto","background-attachment":"scroll","background-type":"","background-media":"","overlay-type":"","overlay-color":"","overlay-opacity":"","overlay-gradient":""},"tablet":{"background-color":"","background-image":"","background-repeat":"repeat","background-position":"center center","background-size":"auto","background-attachment":"scroll","background-type":"","background-media":"","overlay-type":"","overlay-color":"","overlay-opacity":"","overlay-gradient":""},"mobile":{"background-color":"","background-image":"","background-repeat":"repeat","background-position":"center center","background-size":"auto","background-attachment":"scroll","background-type":"","background-media":"","overlay-type":"","overlay-color":"","overlay-opacity":"","overlay-gradient":""}},"ast-content-background-meta":{"desktop":{"background-color":"var(--ast-global-color-5)","background-image":"","background-repeat":"repeat","background-position":"center center","background-size":"auto","background-attachment":"scroll","background-type":"","background-media":"","overlay-type":"","overlay-color":"","overlay-opacity":"","overlay-gradient":""},"tablet":{"background-color":"var(--ast-global-color-5)","background-image":"","background-repeat":"repeat","background-position":"center center","background-size":"auto","background-attachment":"scroll","background-type":"","background-media":"","overlay-type":"","overlay-color":"","overlay-opacity":"","overlay-gradient":""},"mobile":{"background-color":"var(--ast-global-color-5)","background-image":"","background-repeat":"repeat","background-position":"center center","background-size":"auto","background-attachment":"scroll","background-type":"","background-media":"","overlay-type":"","overlay-color":"","overlay-opacity":"","overlay-gradient":""}},"_joinchat":[],"footnotes":""},"class_list":["post-2451","page","type-page","status-publish","hentry"],"_links":{"self":[{"href":"https:\/\/dynamicprimarycare.com\/es\/wp-json\/wp\/v2\/pages\/2451","targetHints":{"allow":["GET"]}}],"collection":[{"href":"https:\/\/dynamicprimarycare.com\/es\/wp-json\/wp\/v2\/pages"}],"about":[{"href":"https:\/\/dynamicprimarycare.com\/es\/wp-json\/wp\/v2\/types\/page"}],"author":[{"embeddable":true,"href":"https:\/\/dynamicprimarycare.com\/es\/wp-json\/wp\/v2\/users\/2"}],"replies":[{"embeddable":true,"href":"https:\/\/dynamicprimarycare.com\/es\/wp-json\/wp\/v2\/comments?post=2451"}],"version-history":[{"count":40,"href":"https:\/\/dynamicprimarycare.com\/es\/wp-json\/wp\/v2\/pages\/2451\/revisions"}],"predecessor-version":[{"id":3023,"href":"https:\/\/dynamicprimarycare.com\/es\/wp-json\/wp\/v2\/pages\/2451\/revisions\/3023"}],"wp:attachment":[{"href":"https:\/\/dynamicprimarycare.com\/es\/wp-json\/wp\/v2\/media?parent=2451"}],"curies":[{"name":"wp","href":"https:\/\/api.w.org\/{rel}","templated":true}]}}