{"id":2267,"date":"2025-12-29T15:50:47","date_gmt":"2025-12-29T20:50:47","guid":{"rendered":"https:\/\/dynamicprimarycare.com\/?page_id=2267"},"modified":"2026-02-14T23:34:42","modified_gmt":"2026-02-15T04:34:42","slug":"preventative-care","status":"publish","type":"page","link":"https:\/\/dynamicprimarycare.com\/es\/preventative-care\/","title":{"rendered":"Atenci\u00f3n preventiva"},"content":{"rendered":"<div data-elementor-type=\"wp-page\" data-elementor-id=\"2267\" class=\"elementor elementor-2267\" data-elementor-post-type=\"page\">\n\t\t\t\t<div data-particle_enable=\"false\" data-particle-mobile-disabled=\"false\" class=\"elementor-element elementor-element-5b7e75c e-flex e-con-boxed e-con e-parent\" data-id=\"5b7e75c\" data-element_type=\"container\" data-settings=\"{&quot;background_background&quot;:&quot;classic&quot;}\">\n\t\t\t\t\t<div class=\"e-con-inner\">\n\t\t<div data-particle_enable=\"false\" data-particle-mobile-disabled=\"false\" class=\"elementor-element elementor-element-d0d34a3 e-con-full e-flex e-con e-child\" data-id=\"d0d34a3\" data-element_type=\"container\">\n\t\t\t\t<div class=\"elementor-element elementor-element-9bab2eb elementor-widget elementor-widget-heading\" data-id=\"9bab2eb\" data-element_type=\"widget\" data-widget_type=\"heading.default\">\n\t\t\t\t<div class=\"elementor-widget-container\">\n\t\t\t\t\t<h2 class=\"elementor-heading-title elementor-size-default\">Atenci\u00f3n preventiva<\/h2>\t\t\t\t<\/div>\n\t\t\t\t<\/div>\n\t\t\t\t<\/div>\n\t\t<div data-particle_enable=\"false\" data-particle-mobile-disabled=\"false\" class=\"elementor-element elementor-element-046a6cf e-con-full e-flex e-con e-child\" data-id=\"046a6cf\" data-element_type=\"container\">\n\t\t\t\t<div class=\"elementor-element elementor-element-99e6c6b elementor-widget elementor-widget-image\" data-id=\"99e6c6b\" data-element_type=\"widget\" data-widget_type=\"image.default\">\n\t\t\t\t<div class=\"elementor-widget-container\">\n\t\t\t\t\t\t\t\t\t\t\t\t\t\t\t<img fetchpriority=\"high\" decoding=\"async\" width=\"300\" height=\"168\" src=\"https:\/\/dynamicprimarycare.com\/wp-content\/uploads\/2026\/01\/img85.jpg\" class=\"attachment-large size-large wp-image-2362\" alt=\"\" \/>\t\t\t\t\t\t\t\t\t\t\t\t\t\t\t<\/div>\n\t\t\t\t<\/div>\n\t\t\t\t<\/div>\n\t\t\t\t\t<\/div>\n\t\t\t\t<\/div>\n\t\t<div data-particle_enable=\"false\" data-particle-mobile-disabled=\"false\" class=\"elementor-element elementor-element-0fe1d98 e-flex e-con-boxed e-con e-parent\" data-id=\"0fe1d98\" data-element_type=\"container\" data-settings=\"{&quot;background_background&quot;:&quot;classic&quot;}\">\n\t\t\t\t\t<div class=\"e-con-inner\">\n\t\t<div data-particle_enable=\"false\" data-particle-mobile-disabled=\"false\" class=\"elementor-element elementor-element-416c709 e-con-full e-flex e-con e-child\" data-id=\"416c709\" data-element_type=\"container\">\n\t\t\t\t<div class=\"elementor-element elementor-element-c307e97 elementor-widget elementor-widget-text-editor\" data-id=\"c307e97\" data-element_type=\"widget\" data-widget_type=\"text-editor.default\">\n\t\t\t\t<div class=\"elementor-widget-container\">\n\t\t\t\t\t\t\t\t\t<p><span style=\"font-weight: 400;\">La atenci\u00f3n preventiva se centra en mantener la salud de los pacientes mediante la identificaci\u00f3n temprana de factores de riesgo, la prevenci\u00f3n de enfermedades y la promoci\u00f3n del bienestar a largo plazo. Incluye una amplia gama de servicios dise\u00f1ados para detectar posibles problemas de salud antes de que se agraven y para ayudar a los pacientes a mantener estilos de vida saludables.<\/span><\/p><p><span style=\"font-weight: 400;\">Mediante chequeos regulares, detecci\u00f3n temprana y educaci\u00f3n del paciente, la atenci\u00f3n preventiva ayuda a minimizar las complicaciones, reducir los costos de atenci\u00f3n m\u00e9dica y mejorar la calidad de vida. Se prioriza la continuidad de la atenci\u00f3n, las relaciones a largo plazo entre el paciente y el profesional de la salud, y la gesti\u00f3n proactiva para mantener a los pacientes sanos en cada etapa de su vida.<\/span><\/p>\t\t\t\t\t\t\t\t<\/div>\n\t\t\t\t<\/div>\n\t\t\t\t<div class=\"elementor-element elementor-element-bb5f348 elementor-widget elementor-widget-heading\" data-id=\"bb5f348\" data-element_type=\"widget\" data-widget_type=\"heading.default\">\n\t\t\t\t<div class=\"elementor-widget-container\">\n\t\t\t\t\t<h4 class=\"elementor-heading-title elementor-size-default\">Por qu\u00e9 es importante la atenci\u00f3n preventiva\n<\/h4>\t\t\t\t<\/div>\n\t\t\t\t<\/div>\n\t\t\t\t<div class=\"elementor-element elementor-element-9a2cffc elementor-widget elementor-widget-text-editor\" data-id=\"9a2cffc\" data-element_type=\"widget\" data-widget_type=\"text-editor.default\">\n\t\t\t\t<div class=\"elementor-widget-container\">\n\t\t\t\t\t\t\t\t\t<p><span style=\"font-weight: 400;\">La detecci\u00f3n temprana y el monitoreo proactivo ayudan a reducir el riesgo de enfermedades graves, a disminuir los costos de atenci\u00f3n m\u00e9dica y a promover una vida m\u00e1s saludable y activa. Las visitas regulares permiten a nuestros proveedores monitorear su salud a lo largo del tiempo, abordar sus inquietudes de manera temprana y ayudarle a tomar decisiones informadas sobre su atenci\u00f3n.<\/span><\/p>\t\t\t\t\t\t\t\t<\/div>\n\t\t\t\t<\/div>\n\t\t\t\t<\/div>\n\t\t<div data-particle_enable=\"false\" data-particle-mobile-disabled=\"false\" class=\"elementor-element elementor-element-e46b87b e-con-full e-flex e-con e-child\" data-id=\"e46b87b\" data-element_type=\"container\">\n\t\t\t\t<div class=\"elementor-element elementor-element-2f4d190 elementor-widget elementor-widget-image\" data-id=\"2f4d190\" data-element_type=\"widget\" data-widget_type=\"image.default\">\n\t\t\t\t<div class=\"elementor-widget-container\">\n\t\t\t\t\t\t\t\t\t\t\t\t\t\t\t<img decoding=\"async\" width=\"683\" height=\"1024\" data-src=\"https:\/\/dynamicprimarycare.com\/wp-content\/uploads\/2026\/01\/WhatsApp-Image-2026-01-27-at-8.16.56-AM-683x1024.jpeg\" class=\"attachment-large size-large wp-image-2925 lazyload\" alt=\"\" data-srcset=\"https:\/\/dynamicprimarycare.com\/wp-content\/uploads\/2026\/01\/WhatsApp-Image-2026-01-27-at-8.16.56-AM-683x1024.jpeg 683w, https:\/\/dynamicprimarycare.com\/wp-content\/uploads\/2026\/01\/WhatsApp-Image-2026-01-27-at-8.16.56-AM-200x300.jpeg 200w, https:\/\/dynamicprimarycare.com\/wp-content\/uploads\/2026\/01\/WhatsApp-Image-2026-01-27-at-8.16.56-AM-768x1152.jpeg 768w, https:\/\/dynamicprimarycare.com\/wp-content\/uploads\/2026\/01\/WhatsApp-Image-2026-01-27-at-8.16.56-AM-1024x1536.jpeg 1024w, https:\/\/dynamicprimarycare.com\/wp-content\/uploads\/2026\/01\/WhatsApp-Image-2026-01-27-at-8.16.56-AM-8x12.jpeg 8w, https:\/\/dynamicprimarycare.com\/wp-content\/uploads\/2026\/01\/WhatsApp-Image-2026-01-27-at-8.16.56-AM.jpeg 1365w\" data-sizes=\"(max-width: 683px) 100vw, 683px\" src=\"data:image\/svg+xml;base64,PHN2ZyB3aWR0aD0iMSIgaGVpZ2h0PSIxIiB4bWxucz0iaHR0cDovL3d3dy53My5vcmcvMjAwMC9zdmciPjwvc3ZnPg==\" style=\"--smush-placeholder-width: 683px; --smush-placeholder-aspect-ratio: 683\/1024;\" \/>\t\t\t\t\t\t\t\t\t\t\t\t\t\t\t<\/div>\n\t\t\t\t<\/div>\n\t\t\t\t<\/div>\n\t\t\t\t\t<\/div>\n\t\t\t\t<\/div>\n\t\t<div data-particle_enable=\"false\" data-particle-mobile-disabled=\"false\" class=\"elementor-element elementor-element-86828cb e-flex e-con-boxed e-con e-parent\" data-id=\"86828cb\" data-element_type=\"container\" data-settings=\"{&quot;background_background&quot;:&quot;classic&quot;}\">\n\t\t\t\t\t<div class=\"e-con-inner\">\n\t\t<div data-particle_enable=\"false\" data-particle-mobile-disabled=\"false\" class=\"elementor-element elementor-element-05c3c40 e-con-full e-flex e-con e-child\" data-id=\"05c3c40\" data-element_type=\"container\">\n\t\t\t\t<div class=\"elementor-element elementor-element-421c031 elementor-widget elementor-widget-heading\" data-id=\"421c031\" data-element_type=\"widget\" data-widget_type=\"heading.default\">\n\t\t\t\t<div class=\"elementor-widget-container\">\n\t\t\t\t\t<h4 class=\"elementor-heading-title elementor-size-default\">Nuestros servicios de atenci\u00f3n preventiva incluyen:<\/h4>\t\t\t\t<\/div>\n\t\t\t\t<\/div>\n\t\t\t\t<div class=\"elementor-element elementor-element-04693e4 elementor-widget elementor-widget-text-editor\" data-id=\"04693e4\" data-element_type=\"widget\" data-widget_type=\"text-editor.default\">\n\t\t\t\t<div class=\"elementor-widget-container\">\n\t\t\t\t\t\t\t\t\t<ul><li style=\"font-weight: 400;\" aria-level=\"1\"><span style=\"font-weight: 400;\">Ex\u00e1menes de bienestar anuales y ex\u00e1menes f\u00edsicos de rutina.<\/span><span style=\"font-weight: 400;\"><br \/><\/span><\/li><li style=\"font-weight: 400;\" aria-level=\"1\"><span style=\"font-weight: 400;\">Ex\u00e1menes de presi\u00f3n arterial, colesterol, diabetes, c\u00e1ncer y otras afecciones seg\u00fan la edad y los factores de riesgo.<\/span><span style=\"font-weight: 400;\"><br \/><\/span><\/li><li style=\"font-weight: 400;\" aria-level=\"1\"><span style=\"font-weight: 400;\">Vacunas para adultos y personas mayores<\/span><span style=\"font-weight: 400;\"><br \/><\/span><\/li><li style=\"font-weight: 400;\" aria-level=\"1\"><span style=\"font-weight: 400;\">Evaluaciones de riesgos para la salud y planes de prevenci\u00f3n personalizados<\/span><span style=\"font-weight: 400;\"><br \/><\/span><\/li><li style=\"font-weight: 400;\" aria-level=\"1\"><span style=\"font-weight: 400;\">Asesoramiento sobre estilo de vida, incluyendo nutrici\u00f3n, ejercicio, manejo del estr\u00e9s y dejar de fumar.<\/span><span style=\"font-weight: 400;\"><br \/><\/span><\/li><li style=\"font-weight: 400;\" aria-level=\"1\"><span style=\"font-weight: 400;\">Prevenci\u00f3n de enfermedades cr\u00f3nicas e intervenci\u00f3n temprana<\/span><span style=\"font-weight: 400;\"><br \/><\/span><\/li><li style=\"font-weight: 400;\" aria-level=\"1\"><span style=\"font-weight: 400;\">Ex\u00e1menes de salud para mujeres y hombres<\/span><\/li><li style=\"font-weight: 400;\" aria-level=\"1\"><span style=\"font-weight: 400;\">Detecci\u00f3n de infecciones de transmisi\u00f3n sexual (ITS)<\/span><\/li><\/ul>\t\t\t\t\t\t\t\t<\/div>\n\t\t\t\t<\/div>\n\t\t\t\t<\/div>\n\t\t<div data-particle_enable=\"false\" data-particle-mobile-disabled=\"false\" class=\"elementor-element elementor-element-6ef8951 e-con-full e-flex e-con e-child\" data-id=\"6ef8951\" data-element_type=\"container\">\n\t\t\t\t<div class=\"elementor-element elementor-element-795fc4f elementor-widget elementor-widget-image\" data-id=\"795fc4f\" data-element_type=\"widget\" data-widget_type=\"image.default\">\n\t\t\t\t<div class=\"elementor-widget-container\">\n\t\t\t\t\t\t\t\t\t\t\t\t\t\t\t<img decoding=\"async\" width=\"1024\" height=\"683\" data-src=\"https:\/\/dynamicprimarycare.com\/wp-content\/uploads\/2026\/01\/WhatsApp-Image-2026-01-27-at-8.10.23-AM-1024x683.jpeg\" class=\"attachment-large size-large wp-image-2926 lazyload\" alt=\"\" data-srcset=\"https:\/\/dynamicprimarycare.com\/wp-content\/uploads\/2026\/01\/WhatsApp-Image-2026-01-27-at-8.10.23-AM-1024x683.jpeg 1024w, https:\/\/dynamicprimarycare.com\/wp-content\/uploads\/2026\/01\/WhatsApp-Image-2026-01-27-at-8.10.23-AM-300x200.jpeg 300w, https:\/\/dynamicprimarycare.com\/wp-content\/uploads\/2026\/01\/WhatsApp-Image-2026-01-27-at-8.10.23-AM-768x512.jpeg 768w, https:\/\/dynamicprimarycare.com\/wp-content\/uploads\/2026\/01\/WhatsApp-Image-2026-01-27-at-8.10.23-AM-1536x1024.jpeg 1536w, https:\/\/dynamicprimarycare.com\/wp-content\/uploads\/2026\/01\/WhatsApp-Image-2026-01-27-at-8.10.23-AM-18x12.jpeg 18w, https:\/\/dynamicprimarycare.com\/wp-content\/uploads\/2026\/01\/WhatsApp-Image-2026-01-27-at-8.10.23-AM.jpeg 2048w\" data-sizes=\"(max-width: 1024px) 100vw, 1024px\" src=\"data:image\/svg+xml;base64,PHN2ZyB3aWR0aD0iMSIgaGVpZ2h0PSIxIiB4bWxucz0iaHR0cDovL3d3dy53My5vcmcvMjAwMC9zdmciPjwvc3ZnPg==\" style=\"--smush-placeholder-width: 1024px; --smush-placeholder-aspect-ratio: 1024\/683;\" \/>\t\t\t\t\t\t\t\t\t\t\t\t\t\t\t<\/div>\n\t\t\t\t<\/div>\n\t\t\t\t<\/div>\n\t\t\t\t\t<\/div>\n\t\t\t\t<\/div>\n\t\t<div data-particle_enable=\"false\" data-particle-mobile-disabled=\"false\" class=\"elementor-element elementor-element-9930662 e-flex e-con-boxed e-con e-parent\" data-id=\"9930662\" data-element_type=\"container\" data-settings=\"{&quot;background_background&quot;:&quot;classic&quot;}\">\n\t\t\t\t\t<div class=\"e-con-inner\">\n\t\t<div data-particle_enable=\"false\" data-particle-mobile-disabled=\"false\" class=\"elementor-element elementor-element-106329d e-con-full e-flex e-con e-child\" data-id=\"106329d\" data-element_type=\"container\">\n\t\t\t\t<div class=\"elementor-element elementor-element-dbbabf8 elementor-widget elementor-widget-hfe-infocard\" data-id=\"dbbabf8\" data-element_type=\"widget\" data-widget_type=\"hfe-infocard.default\">\n\t\t\t\t<div class=\"elementor-widget-container\">\n\t\t\t\t\t\n\t\t<div class=\"hfe-infocard\">\n\t\t\t\t\t\t\t\t\t<div class=\"hfe-infocard-title-wrap\">\n\t\t\t\t<h2 class=\"hfe-infocard-title elementor-inline-editing\" data-elementor-setting-key=\"infocard_title\" data-elementor-inline-editing-toolbar=\"basic\" >Una pr\u00e1ctica dise\u00f1ada pensando en usted<\/h2>\t\t\t<\/div>\n\t\t\t\t\t\t<div class=\"hfe-infocard-text-wrap\">\n\t\t\t\t<div class=\"hfe-infocard-text elementor-inline-editing\" data-elementor-setting-key=\"infocard_description\" data-elementor-inline-editing-toolbar=\"advanced\">\n\t\t\t\t\t\t\t\t\t<\/div>\n\t\t\t\t\t\t\t<\/div>\n\t\t<\/div>\n\n\t\t\t\t\t\t<\/div>\n\t\t\t\t<\/div>\n\t\t\t\t<div class=\"elementor-element elementor-element-636d53a elementor-widget elementor-widget-text-editor\" data-id=\"636d53a\" data-element_type=\"widget\" data-widget_type=\"text-editor.default\">\n\t\t\t\t<div class=\"elementor-widget-container\">\n\t\t\t\t\t\t\t\t\t<p><span style=\"font-weight: 400;\">Como oficina proveedora individual, usted se beneficia de:<\/span><\/p><ul><li style=\"font-weight: 400;\" aria-level=\"1\"><span style=\"font-weight: 400;\">Atenci\u00f3n constante del mismo m\u00e9dico en cada visita<\/span><span style=\"font-weight: 400;\"><br \/><\/span><\/li><li style=\"font-weight: 400;\" aria-level=\"1\"><span style=\"font-weight: 400;\">Horarios de citas m\u00e1s largos<\/span><span style=\"font-weight: 400;\"><br \/><\/span><\/li><li style=\"font-weight: 400;\" aria-level=\"1\"><span style=\"font-weight: 400;\">Un ambiente c\u00e1lido, acogedor y centrado en el paciente.<\/span><span style=\"font-weight: 400;\"><br \/><\/span><\/li><li style=\"font-weight: 400;\" aria-level=\"1\"><span style=\"font-weight: 400;\">Continuidad que apoya mejores resultados de salud a largo plazo<\/span><\/li><li style=\"font-weight: 400;\" aria-level=\"1\"><span style=\"font-weight: 400;\">Las decisiones se basan en sus necesidades, no en los requisitos del seguro.<\/span><\/li><\/ul><p><span style=\"font-weight: 400;\">Este modelo funciona especialmente bien para profesionales y personas mayores que valoran <\/span><b>eficiencia, continuidad y confianza<\/b><span style=\"font-weight: 400;\">.<\/span><\/p><p><span style=\"font-weight: 400;\">Es un honor para m\u00ed ser su socio de confianza en materia de atenci\u00f3n m\u00e9dica y espero poder ayudarlo a lograr su mejor salud.<\/span><\/p>\t\t\t\t\t\t\t\t<\/div>\n\t\t\t\t<\/div>\n\t\t\t\t<div class=\"elementor-element elementor-element-0aa9f56 elementor-widget elementor-widget-button\" data-id=\"0aa9f56\" data-element_type=\"widget\" data-widget_type=\"button.default\">\n\t\t\t\t<div class=\"elementor-widget-container\">\n\t\t\t\t\t\t\t\t\t<div class=\"elementor-button-wrapper\">\n\t\t\t\t\t<a class=\"elementor-button elementor-button-link elementor-size-sm\" href=\"https:\/\/dynamicprimarycare.com\/es\/membership-self-pay\/\">\n\t\t\t\t\t\t<span class=\"elementor-button-content-wrapper\">\n\t\t\t\t\t\t\t\t\t<span class=\"elementor-button-text\">Membres\u00eda y autopago<\/span>\n\t\t\t\t\t<\/span>\n\t\t\t\t\t<\/a>\n\t\t\t\t<\/div>\n\t\t\t\t\t\t\t\t<\/div>\n\t\t\t\t<\/div>\n\t\t\t\t<\/div>\n\t\t\t\t\t<\/div>\n\t\t\t\t<\/div>\n\t\t<div data-particle_enable=\"false\" data-particle-mobile-disabled=\"false\" class=\"elementor-element elementor-element-1de068b e-flex e-con-boxed e-con e-parent\" data-id=\"1de068b\" data-element_type=\"container\">\n\t\t\t\t\t<div class=\"e-con-inner\">\n\t\t\t\t<div class=\"elementor-element elementor-element-a4d065f elementor-widget elementor-widget-heading\" data-id=\"a4d065f\" data-element_type=\"widget\" data-widget_type=\"heading.default\">\n\t\t\t\t<div class=\"elementor-widget-container\">\n\t\t\t\t\t<h2 class=\"elementor-heading-title elementor-size-default\">Cont\u00e1ctame<\/h2>\t\t\t\t<\/div>\n\t\t\t\t<\/div>\n\t\t\t\t\t<\/div>\n\t\t\t\t<\/div>\n\t\t<div data-particle_enable=\"false\" data-particle-mobile-disabled=\"false\" class=\"elementor-element elementor-element-aae1aee e-flex e-con-boxed e-con e-parent\" data-id=\"aae1aee\" data-element_type=\"container\" data-settings=\"{&quot;background_background&quot;:&quot;classic&quot;}\">\n\t\t\t\t\t<div class=\"e-con-inner\">\n\t\t<div data-particle_enable=\"false\" data-particle-mobile-disabled=\"false\" class=\"elementor-element elementor-element-d7b429d e-con-full e-flex e-con e-child\" data-id=\"d7b429d\" data-element_type=\"container\">\n\t\t\t\t<div class=\"elementor-element elementor-element-a0e7155 elementor-position-inline-start elementor-widget__width-auto elementor-widget-mobile__width-inherit elementor-view-default elementor-mobile-position-block-start elementor-widget elementor-widget-icon-box\" data-id=\"a0e7155\" data-element_type=\"widget\" data-widget_type=\"icon-box.default\">\n\t\t\t\t<div class=\"elementor-widget-container\">\n\t\t\t\t\t\t\t<div class=\"elementor-icon-box-wrapper\">\n\n\t\t\t\t\t\t<div class=\"elementor-icon-box-icon\">\n\t\t\t\t<span  class=\"elementor-icon\">\n\t\t\t\t<i aria-hidden=\"true\" class=\"fas fa-map-marker-alt\"><\/i>\t\t\t\t<\/span>\n\t\t\t<\/div>\n\t\t\t\n\t\t\t\t\t\t<div class=\"elementor-icon-box-content\">\n\n\t\t\t\t\t\t\t\t\t<h4 class=\"elementor-icon-box-title\">\n\t\t\t\t\t\t<span  >\n\t\t\t\t\t\t\tDIRECCI\u00d3N\t\t\t\t\t\t<\/span>\n\t\t\t\t\t<\/h4>\n\t\t\t\t\n\t\t\t\t\t\t\t\t\t<p class=\"elementor-icon-box-description\">\n\t\t\t\t\t\t1405 SW 6th Ave, Ocala, FL 34471\t\t\t\t\t<\/p>\n\t\t\t\t\n\t\t\t<\/div>\n\t\t\t\n\t\t<\/div>\n\t\t\t\t\t\t<\/div>\n\t\t\t\t<\/div>\n\t\t\t\t<\/div>\n\t\t<div data-particle_enable=\"false\" data-particle-mobile-disabled=\"false\" class=\"elementor-element elementor-element-284caab e-con-full e-flex e-con e-child\" data-id=\"284caab\" data-element_type=\"container\">\n\t\t\t\t<div class=\"elementor-element elementor-element-4d2a25d elementor-position-inline-start elementor-widget__width-auto elementor-widget-mobile__width-inherit elementor-view-default elementor-mobile-position-block-start elementor-widget elementor-widget-icon-box\" data-id=\"4d2a25d\" data-element_type=\"widget\" data-widget_type=\"icon-box.default\">\n\t\t\t\t<div class=\"elementor-widget-container\">\n\t\t\t\t\t\t\t<div class=\"elementor-icon-box-wrapper\">\n\n\t\t\t\t\t\t<div class=\"elementor-icon-box-icon\">\n\t\t\t\t<span  class=\"elementor-icon\">\n\t\t\t\t<i aria-hidden=\"true\" class=\"fas fa-envelope\"><\/i>\t\t\t\t<\/span>\n\t\t\t<\/div>\n\t\t\t\n\t\t\t\t\t\t<div class=\"elementor-icon-box-content\">\n\n\t\t\t\t\t\t\t\t\t<h4 class=\"elementor-icon-box-title\">\n\t\t\t\t\t\t<span  >\n\t\t\t\t\t\t\tEnv\u00edenos un correo electr\u00f3nico\t\t\t\t\t\t<\/span>\n\t\t\t\t\t<\/h4>\n\t\t\t\t\n\t\t\t\t\t\t\t\t\t<p class=\"elementor-icon-box-description\">\n\t\t\t\t\t\tinfo@dynamicprimarycare.com\t\t\t\t\t<\/p>\n\t\t\t\t\n\t\t\t<\/div>\n\t\t\t\n\t\t<\/div>\n\t\t\t\t\t\t<\/div>\n\t\t\t\t<\/div>\n\t\t\t\t<\/div>\n\t\t\t\t\t<\/div>\n\t\t\t\t<\/div>\n\t\t\t\t<\/div>","protected":false},"excerpt":{"rendered":"<p>Preventative Care Preventative care focuses on keeping patients healthy by identifying risk factors early, preventing the onset of disease, and promoting long-term wellness. Preventative care includes a broad range of services designed to detect potential health issues before they become serious and to support patients in maintaining healthy lifestyles. Through regular check-ups, early detection, and [&hellip;]<\/p>","protected":false},"author":2,"featured_media":0,"parent":0,"menu_order":0,"comment_status":"closed","ping_status":"closed","template":"","meta":{"site-sidebar-layout":"no-sidebar","site-content-layout":"page-builder","ast-site-content-layout":"default","site-content-style":"default","site-sidebar-style":"default","ast-global-header-display":"","ast-banner-title-visibility":"","ast-main-header-display":"","ast-hfb-above-header-display":"","ast-hfb-below-header-display":"","ast-hfb-mobile-header-display":"","site-post-title":"disabled","ast-breadcrumbs-content":"","ast-featured-img":"disabled","footer-sml-layout":"","ast-disable-related-posts":"","theme-transparent-header-meta":"disabled","adv-header-id-meta":"","stick-header-meta":"","header-above-stick-meta":"","header-main-stick-meta":"","header-below-stick-meta":"","astra-migrate-meta-layouts":"default","ast-page-background-enabled":"default","ast-page-background-meta":{"desktop":{"background-color":"","background-image":"","background-repeat":"repeat","background-position":"center center","background-size":"auto","background-attachment":"scroll","background-type":"","background-media":"","overlay-type":"","overlay-color":"","overlay-opacity":"","overlay-gradient":""},"tablet":{"background-color":"","background-image":"","background-repeat":"repeat","background-position":"center center","background-size":"auto","background-attachment":"scroll","background-type":"","background-media":"","overlay-type":"","overlay-color":"","overlay-opacity":"","overlay-gradient":""},"mobile":{"background-color":"","background-image":"","background-repeat":"repeat","background-position":"center center","background-size":"auto","background-attachment":"scroll","background-type":"","background-media":"","overlay-type":"","overlay-color":"","overlay-opacity":"","overlay-gradient":""}},"ast-content-background-meta":{"desktop":{"background-color":"var(--ast-global-color-5)","background-image":"","background-repeat":"repeat","background-position":"center center","background-size":"auto","background-attachment":"scroll","background-type":"","background-media":"","overlay-type":"","overlay-color":"","overlay-opacity":"","overlay-gradient":""},"tablet":{"background-color":"var(--ast-global-color-5)","background-image":"","background-repeat":"repeat","background-position":"center center","background-size":"auto","background-attachment":"scroll","background-type":"","background-media":"","overlay-type":"","overlay-color":"","overlay-opacity":"","overlay-gradient":""},"mobile":{"background-color":"var(--ast-global-color-5)","background-image":"","background-repeat":"repeat","background-position":"center center","background-size":"auto","background-attachment":"scroll","background-type":"","background-media":"","overlay-type":"","overlay-color":"","overlay-opacity":"","overlay-gradient":""}},"_joinchat":[],"footnotes":""},"class_list":["post-2267","page","type-page","status-publish","hentry"],"_links":{"self":[{"href":"https:\/\/dynamicprimarycare.com\/es\/wp-json\/wp\/v2\/pages\/2267","targetHints":{"allow":["GET"]}}],"collection":[{"href":"https:\/\/dynamicprimarycare.com\/es\/wp-json\/wp\/v2\/pages"}],"about":[{"href":"https:\/\/dynamicprimarycare.com\/es\/wp-json\/wp\/v2\/types\/page"}],"author":[{"embeddable":true,"href":"https:\/\/dynamicprimarycare.com\/es\/wp-json\/wp\/v2\/users\/2"}],"replies":[{"embeddable":true,"href":"https:\/\/dynamicprimarycare.com\/es\/wp-json\/wp\/v2\/comments?post=2267"}],"version-history":[{"count":41,"href":"https:\/\/dynamicprimarycare.com\/es\/wp-json\/wp\/v2\/pages\/2267\/revisions"}],"predecessor-version":[{"id":3029,"href":"https:\/\/dynamicprimarycare.com\/es\/wp-json\/wp\/v2\/pages\/2267\/revisions\/3029"}],"wp:attachment":[{"href":"https:\/\/dynamicprimarycare.com\/es\/wp-json\/wp\/v2\/media?parent=2267"}],"curies":[{"name":"wp","href":"https:\/\/api.w.org\/{rel}","templated":true}]}}